{"id":9784,"date":"2017-02-15T15:22:51","date_gmt":"2017-02-15T15:22:51","guid":{"rendered":"https:\/\/www.caroline-dechamby.com\/dechamby\/product\/sunny-face-bill-wallet\/"},"modified":"2017-07-18T08:22:37","modified_gmt":"2017-07-18T08:22:37","slug":"sunny-face-bill-wallet","status":"publish","type":"product","link":"https:\/\/www.caroline-dechamby.com\/fr\/produit\/sunny-face-bill-wallet\/","title":{"rendered":"\u00ab\u00a0Sunny face\u00a0\u00bb Bill wallet"},"content":{"rendered":"","protected":false},"excerpt":{"rendered":"<ul>\n<li>G\u00e9n\u00e9reux compartiment int\u00e9rieur pour billets compartiment\u00e9 par une petite poche interne pour la monnaie<\/li>\n<li>Fermeture \u00e0 glissi\u00e8re avec vernis argent\u00e9 sur le dessus et le c\u00f4t\u00e9<\/li>\n<li>Doublure int\u00e9rieure en tissu<\/li>\n<li>Impression sur cuir de veau<\/li>\n<li>Motifs : art abstrait<\/li>\n<li>Taille (largeur x hauteur): 11 x 11 cm<\/li>\n<li>A nettoyer avec un produit sp\u00e9cialis\u00e9<\/li>\n<\/ul>\n<p>Porte-monnaie en cuir en \u00e9dition limit\u00e9e, 100% fait main en Italie.<br \/>\nCe portefeuille sera votre caverne d\u2019Ali Baba pour vos pi\u00e8ces des monnaie, vos billets et vos cartes. Le Must du shopping\u00a0!<\/p>\n<p><a href=\"https:\/\/www.caroline-dechamby.com\/fr\/produit\/sunny-face-bill-wallet\/\" class=\"more-link style1-button\">Read More<\/a><\/p>","protected":false},"featured_media":9006,"comment_status":"closed","ping_status":"closed","template":"","meta":{"_acf_changed":false},"product_brand":[],"product_cat":[151],"product_tag":[],"class_list":{"0":"post-9784","1":"product","2":"type-product","3":"status-publish","4":"has-post-thumbnail","6":"product_cat-sunnyface-fr","8":"first","9":"instock","10":"taxable","11":"shipping-taxable","12":"purchasable","13":"product-type-simple"},"acf":[],"yoast_head":"<!-- This site is optimized with the Yoast SEO plugin v27.4 - https:\/\/yoast.com\/product\/yoast-seo-wordpress\/ -->\n<title>&quot;Sunny face&quot; Bill wallet - Caroline Dechamby<\/title>\n<meta name=\"robots\" content=\"index, follow, max-snippet:-1, max-image-preview:large, max-video-preview:-1\" \/>\n<link rel=\"canonical\" href=\"https:\/\/www.caroline-dechamby.com\/fr\/produit\/sunny-face-bill-wallet\/\" \/>\n<meta property=\"og:locale\" content=\"fr_FR\" \/>\n<meta property=\"og:type\" content=\"article\" \/>\n<meta property=\"og:title\" content=\"&quot;Sunny face&quot; Bill wallet - Caroline Dechamby\" \/>\n<meta property=\"og:description\" content=\"G\u00e9n\u00e9reux compartiment int\u00e9rieur pour billets compartiment\u00e9 par une petite poche interne pour la monnaie  Fermeture \u00e0 glissi\u00e8re avec vernis argent\u00e9 sur le dessus et le c\u00f4t\u00e9  Doublure int\u00e9rieure en tissu  Impression sur cuir de veau  Motifs : art abstrait  Taille (largeur x hauteur): 11 x 11 cm  A nettoyer avec un produit sp\u00e9cialis\u00e9  Porte-monnaie en cuir en \u00e9dition limit\u00e9e, 100% fait main en Italie. Ce portefeuille sera votre caverne d\u2019Ali Baba pour vos pi\u00e8ces des monnaie, vos billets et vos cartes. Le Must du shopping\u00a0!\" \/>\n<meta property=\"og:url\" content=\"https:\/\/www.caroline-dechamby.com\/fr\/produit\/sunny-face-bill-wallet\/\" \/>\n<meta property=\"og:site_name\" content=\"Caroline Dechamby\" \/>\n<meta property=\"article:modified_time\" content=\"2017-07-18T08:22:37+00:00\" \/>\n<meta property=\"og:image\" content=\"https:\/\/www.caroline-dechamby.com\/wp-content\/uploads\/2017\/02\/billwallet2-2.jpg\" \/>\n\t<meta property=\"og:image:width\" content=\"1077\" \/>\n\t<meta property=\"og:image:height\" content=\"1077\" \/>\n\t<meta property=\"og:image:type\" content=\"image\/jpeg\" \/>\n<meta name=\"twitter:card\" content=\"summary_large_image\" \/>\n<script type=\"application\/ld+json\" class=\"yoast-schema-graph\">{\"@context\":\"https:\\\/\\\/schema.org\",\"@graph\":[{\"@type\":\"WebPage\",\"@id\":\"https:\\\/\\\/www.caroline-dechamby.com\\\/fr\\\/produit\\\/sunny-face-bill-wallet\\\/\",\"url\":\"https:\\\/\\\/www.caroline-dechamby.com\\\/fr\\\/produit\\\/sunny-face-bill-wallet\\\/\",\"name\":\"\\\"Sunny face\\\" Bill wallet - Caroline Dechamby\",\"isPartOf\":{\"@id\":\"https:\\\/\\\/www.caroline-dechamby.com\\\/fr\\\/#website\"},\"primaryImageOfPage\":{\"@id\":\"https:\\\/\\\/www.caroline-dechamby.com\\\/fr\\\/produit\\\/sunny-face-bill-wallet\\\/#primaryimage\"},\"image\":{\"@id\":\"https:\\\/\\\/www.caroline-dechamby.com\\\/fr\\\/produit\\\/sunny-face-bill-wallet\\\/#primaryimage\"},\"thumbnailUrl\":\"https:\\\/\\\/www.caroline-dechamby.com\\\/wp-content\\\/uploads\\\/2017\\\/02\\\/billwallet2-2.jpg\",\"datePublished\":\"2017-02-15T15:22:51+00:00\",\"dateModified\":\"2017-07-18T08:22:37+00:00\",\"breadcrumb\":{\"@id\":\"https:\\\/\\\/www.caroline-dechamby.com\\\/fr\\\/produit\\\/sunny-face-bill-wallet\\\/#breadcrumb\"},\"inLanguage\":\"fr-FR\",\"potentialAction\":[{\"@type\":\"ReadAction\",\"target\":[\"https:\\\/\\\/www.caroline-dechamby.com\\\/fr\\\/produit\\\/sunny-face-bill-wallet\\\/\"]}]},{\"@type\":\"ImageObject\",\"inLanguage\":\"fr-FR\",\"@id\":\"https:\\\/\\\/www.caroline-dechamby.com\\\/fr\\\/produit\\\/sunny-face-bill-wallet\\\/#primaryimage\",\"url\":\"https:\\\/\\\/www.caroline-dechamby.com\\\/wp-content\\\/uploads\\\/2017\\\/02\\\/billwallet2-2.jpg\",\"contentUrl\":\"https:\\\/\\\/www.caroline-dechamby.com\\\/wp-content\\\/uploads\\\/2017\\\/02\\\/billwallet2-2.jpg\",\"width\":1077,\"height\":1077},{\"@type\":\"BreadcrumbList\",\"@id\":\"https:\\\/\\\/www.caroline-dechamby.com\\\/fr\\\/produit\\\/sunny-face-bill-wallet\\\/#breadcrumb\",\"itemListElement\":[{\"@type\":\"ListItem\",\"position\":1,\"name\":\"Home\",\"item\":\"https:\\\/\\\/www.caroline-dechamby.com\\\/fr\\\/\"},{\"@type\":\"ListItem\",\"position\":2,\"name\":\"Maroquinerie\",\"item\":\"https:\\\/\\\/www.caroline-dechamby.com\\\/fr\\\/maroquinerie-3\\\/\"},{\"@type\":\"ListItem\",\"position\":3,\"name\":\"\u00ab\u00a0Sunny face\u00a0\u00bb Bill wallet\"}]},{\"@type\":\"WebSite\",\"@id\":\"https:\\\/\\\/www.caroline-dechamby.com\\\/fr\\\/#website\",\"url\":\"https:\\\/\\\/www.caroline-dechamby.com\\\/fr\\\/\",\"name\":\"Caroline Dechamby\",\"description\":\"\",\"publisher\":{\"@id\":\"https:\\\/\\\/www.caroline-dechamby.com\\\/fr\\\/#organization\"},\"potentialAction\":[{\"@type\":\"SearchAction\",\"target\":{\"@type\":\"EntryPoint\",\"urlTemplate\":\"https:\\\/\\\/www.caroline-dechamby.com\\\/fr\\\/?s={search_term_string}\"},\"query-input\":{\"@type\":\"PropertyValueSpecification\",\"valueRequired\":true,\"valueName\":\"search_term_string\"}}],\"inLanguage\":\"fr-FR\"},{\"@type\":\"Organization\",\"@id\":\"https:\\\/\\\/www.caroline-dechamby.com\\\/fr\\\/#organization\",\"name\":\"Caroline Dechamby\",\"url\":\"https:\\\/\\\/www.caroline-dechamby.com\\\/fr\\\/\",\"logo\":{\"@type\":\"ImageObject\",\"inLanguage\":\"fr-FR\",\"@id\":\"https:\\\/\\\/www.caroline-dechamby.com\\\/fr\\\/#\\\/schema\\\/logo\\\/image\\\/\",\"url\":\"https:\\\/\\\/www.caroline-dechamby.com\\\/wp-content\\\/uploads\\\/2016\\\/08\\\/caroline-dechamby-logo.png\",\"contentUrl\":\"https:\\\/\\\/www.caroline-dechamby.com\\\/wp-content\\\/uploads\\\/2016\\\/08\\\/caroline-dechamby-logo.png\",\"width\":138,\"height\":113,\"caption\":\"Caroline Dechamby\"},\"image\":{\"@id\":\"https:\\\/\\\/www.caroline-dechamby.com\\\/fr\\\/#\\\/schema\\\/logo\\\/image\\\/\"}}]}<\/script>\n<!-- \/ Yoast SEO plugin. -->","yoast_head_json":{"title":"\"Sunny face\" Bill wallet - Caroline Dechamby","robots":{"index":"index","follow":"follow","max-snippet":"max-snippet:-1","max-image-preview":"max-image-preview:large","max-video-preview":"max-video-preview:-1"},"canonical":"https:\/\/www.caroline-dechamby.com\/fr\/produit\/sunny-face-bill-wallet\/","og_locale":"fr_FR","og_type":"article","og_title":"\"Sunny face\" Bill wallet - Caroline Dechamby","og_description":"G\u00e9n\u00e9reux compartiment int\u00e9rieur pour billets compartiment\u00e9 par une petite poche interne pour la monnaie  Fermeture \u00e0 glissi\u00e8re avec vernis argent\u00e9 sur le dessus et le c\u00f4t\u00e9  Doublure int\u00e9rieure en tissu  Impression sur cuir de veau  Motifs : art abstrait  Taille (largeur x hauteur): 11 x 11 cm  A nettoyer avec un produit sp\u00e9cialis\u00e9  Porte-monnaie en cuir en \u00e9dition limit\u00e9e, 100% fait main en Italie. Ce portefeuille sera votre caverne d\u2019Ali Baba pour vos pi\u00e8ces des monnaie, vos billets et vos cartes. Le Must du shopping\u00a0!","og_url":"https:\/\/www.caroline-dechamby.com\/fr\/produit\/sunny-face-bill-wallet\/","og_site_name":"Caroline Dechamby","article_modified_time":"2017-07-18T08:22:37+00:00","og_image":[{"width":1077,"height":1077,"url":"https:\/\/www.caroline-dechamby.com\/wp-content\/uploads\/2017\/02\/billwallet2-2.jpg","type":"image\/jpeg"}],"twitter_card":"summary_large_image","schema":{"@context":"https:\/\/schema.org","@graph":[{"@type":"WebPage","@id":"https:\/\/www.caroline-dechamby.com\/fr\/produit\/sunny-face-bill-wallet\/","url":"https:\/\/www.caroline-dechamby.com\/fr\/produit\/sunny-face-bill-wallet\/","name":"\"Sunny face\" Bill wallet - Caroline Dechamby","isPartOf":{"@id":"https:\/\/www.caroline-dechamby.com\/fr\/#website"},"primaryImageOfPage":{"@id":"https:\/\/www.caroline-dechamby.com\/fr\/produit\/sunny-face-bill-wallet\/#primaryimage"},"image":{"@id":"https:\/\/www.caroline-dechamby.com\/fr\/produit\/sunny-face-bill-wallet\/#primaryimage"},"thumbnailUrl":"https:\/\/www.caroline-dechamby.com\/wp-content\/uploads\/2017\/02\/billwallet2-2.jpg","datePublished":"2017-02-15T15:22:51+00:00","dateModified":"2017-07-18T08:22:37+00:00","breadcrumb":{"@id":"https:\/\/www.caroline-dechamby.com\/fr\/produit\/sunny-face-bill-wallet\/#breadcrumb"},"inLanguage":"fr-FR","potentialAction":[{"@type":"ReadAction","target":["https:\/\/www.caroline-dechamby.com\/fr\/produit\/sunny-face-bill-wallet\/"]}]},{"@type":"ImageObject","inLanguage":"fr-FR","@id":"https:\/\/www.caroline-dechamby.com\/fr\/produit\/sunny-face-bill-wallet\/#primaryimage","url":"https:\/\/www.caroline-dechamby.com\/wp-content\/uploads\/2017\/02\/billwallet2-2.jpg","contentUrl":"https:\/\/www.caroline-dechamby.com\/wp-content\/uploads\/2017\/02\/billwallet2-2.jpg","width":1077,"height":1077},{"@type":"BreadcrumbList","@id":"https:\/\/www.caroline-dechamby.com\/fr\/produit\/sunny-face-bill-wallet\/#breadcrumb","itemListElement":[{"@type":"ListItem","position":1,"name":"Home","item":"https:\/\/www.caroline-dechamby.com\/fr\/"},{"@type":"ListItem","position":2,"name":"Maroquinerie","item":"https:\/\/www.caroline-dechamby.com\/fr\/maroquinerie-3\/"},{"@type":"ListItem","position":3,"name":"\u00ab\u00a0Sunny face\u00a0\u00bb Bill wallet"}]},{"@type":"WebSite","@id":"https:\/\/www.caroline-dechamby.com\/fr\/#website","url":"https:\/\/www.caroline-dechamby.com\/fr\/","name":"Caroline Dechamby","description":"","publisher":{"@id":"https:\/\/www.caroline-dechamby.com\/fr\/#organization"},"potentialAction":[{"@type":"SearchAction","target":{"@type":"EntryPoint","urlTemplate":"https:\/\/www.caroline-dechamby.com\/fr\/?s={search_term_string}"},"query-input":{"@type":"PropertyValueSpecification","valueRequired":true,"valueName":"search_term_string"}}],"inLanguage":"fr-FR"},{"@type":"Organization","@id":"https:\/\/www.caroline-dechamby.com\/fr\/#organization","name":"Caroline Dechamby","url":"https:\/\/www.caroline-dechamby.com\/fr\/","logo":{"@type":"ImageObject","inLanguage":"fr-FR","@id":"https:\/\/www.caroline-dechamby.com\/fr\/#\/schema\/logo\/image\/","url":"https:\/\/www.caroline-dechamby.com\/wp-content\/uploads\/2016\/08\/caroline-dechamby-logo.png","contentUrl":"https:\/\/www.caroline-dechamby.com\/wp-content\/uploads\/2016\/08\/caroline-dechamby-logo.png","width":138,"height":113,"caption":"Caroline Dechamby"},"image":{"@id":"https:\/\/www.caroline-dechamby.com\/fr\/#\/schema\/logo\/image\/"}}]}},"_links":{"self":[{"href":"https:\/\/www.caroline-dechamby.com\/fr\/wp-json\/wp\/v2\/product\/9784","targetHints":{"allow":["GET"]}}],"collection":[{"href":"https:\/\/www.caroline-dechamby.com\/fr\/wp-json\/wp\/v2\/product"}],"about":[{"href":"https:\/\/www.caroline-dechamby.com\/fr\/wp-json\/wp\/v2\/types\/product"}],"replies":[{"embeddable":true,"href":"https:\/\/www.caroline-dechamby.com\/fr\/wp-json\/wp\/v2\/comments?post=9784"}],"wp:featuredmedia":[{"embeddable":true,"href":"https:\/\/www.caroline-dechamby.com\/fr\/wp-json\/wp\/v2\/media\/9006"}],"wp:attachment":[{"href":"https:\/\/www.caroline-dechamby.com\/fr\/wp-json\/wp\/v2\/media?parent=9784"}],"wp:term":[{"taxonomy":"product_brand","embeddable":true,"href":"https:\/\/www.caroline-dechamby.com\/fr\/wp-json\/wp\/v2\/product_brand?post=9784"},{"taxonomy":"product_cat","embeddable":true,"href":"https:\/\/www.caroline-dechamby.com\/fr\/wp-json\/wp\/v2\/product_cat?post=9784"},{"taxonomy":"product_tag","embeddable":true,"href":"https:\/\/www.caroline-dechamby.com\/fr\/wp-json\/wp\/v2\/product_tag?post=9784"}],"curies":[{"name":"wp","href":"https:\/\/api.w.org\/{rel}","templated":true}]}}