{"id":9774,"date":"2017-02-17T10:13:45","date_gmt":"2017-02-17T10:13:45","guid":{"rendered":"https:\/\/www.caroline-dechamby.com\/dechamby\/product\/screek-wallet\/"},"modified":"2017-07-12T11:16:29","modified_gmt":"2017-07-12T11:16:29","slug":"screek-wallet","status":"publish","type":"product","link":"https:\/\/www.caroline-dechamby.com\/fr\/produit\/screek-wallet\/","title":{"rendered":"\u00ab\u00a0Screek\u00a0\u00bb Wallet"},"content":{"rendered":"","protected":false},"excerpt":{"rendered":"<ul>\n<li>Fermeture \u00e0 glissi\u00e8re avec vernis argent\u00e9<\/li>\n<li>Une poche int\u00e9rieure pour la monnaie<\/li>\n<li>Deux compartiments \u00e0 soufflets pour les billets<\/li>\n<li>20 fentes pour cartes de cr\u00e9dit<\/li>\n<li>Impression sur cuir de veau<\/li>\n<li>Motifs : comics<\/li>\n<li>Taille (largeur x hauteur): 19 x 10.5 cm<\/li>\n<li>A nettoyer avec un produit sp\u00e9cialis\u00e9<\/li>\n<\/ul>\n<p>Portemonnaie en cuir en \u00e9dition limit\u00e9e, 100% fait main en Italie.<br \/>\nPratique avec sa fermeture \u00e0 glissi\u00e8re et assez spacieux pour accueillir monnaie, billets et cartes, ce portemonnaie est un incontournable.<\/p>\n<p><a href=\"https:\/\/www.caroline-dechamby.com\/fr\/produit\/screek-wallet\/\" class=\"more-link style1-button\">Read More<\/a><\/p>","protected":false},"featured_media":9033,"comment_status":"closed","ping_status":"closed","template":"","meta":{"_acf_changed":false},"product_brand":[],"product_cat":[147],"product_tag":[],"class_list":{"0":"post-9774","1":"product","2":"type-product","3":"status-publish","4":"has-post-thumbnail","6":"product_cat-screek-fr","8":"first","9":"instock","10":"taxable","11":"shipping-taxable","12":"purchasable","13":"product-type-simple"},"acf":[],"yoast_head":"<!-- This site is optimized with the Yoast SEO plugin v27.4 - https:\/\/yoast.com\/product\/yoast-seo-wordpress\/ -->\n<title>&quot;Screek&quot; Wallet - Caroline Dechamby<\/title>\n<meta name=\"robots\" content=\"index, follow, max-snippet:-1, max-image-preview:large, max-video-preview:-1\" \/>\n<link rel=\"canonical\" href=\"https:\/\/www.caroline-dechamby.com\/fr\/produit\/screek-wallet\/\" \/>\n<meta property=\"og:locale\" content=\"fr_FR\" \/>\n<meta property=\"og:type\" content=\"article\" \/>\n<meta property=\"og:title\" content=\"&quot;Screek&quot; Wallet - Caroline Dechamby\" \/>\n<meta property=\"og:description\" content=\"Fermeture \u00e0 glissi\u00e8re avec vernis argent\u00e9  Une poche int\u00e9rieure pour la monnaie  Deux compartiments \u00e0 soufflets pour les billets  20 fentes pour cartes de cr\u00e9dit  Impression sur cuir de veau  Motifs : comics  Taille (largeur x hauteur): 19 x 10.5 cm  A nettoyer avec un produit sp\u00e9cialis\u00e9  Portemonnaie en cuir en \u00e9dition limit\u00e9e, 100% fait main en Italie. Pratique avec sa fermeture \u00e0 glissi\u00e8re et assez spacieux pour accueillir monnaie, billets et cartes, ce portemonnaie est un incontournable.\" \/>\n<meta property=\"og:url\" content=\"https:\/\/www.caroline-dechamby.com\/fr\/produit\/screek-wallet\/\" \/>\n<meta property=\"og:site_name\" content=\"Caroline Dechamby\" \/>\n<meta property=\"article:modified_time\" content=\"2017-07-12T11:16:29+00:00\" \/>\n<meta property=\"og:image\" content=\"https:\/\/www.caroline-dechamby.com\/wp-content\/uploads\/2017\/02\/purse-5.jpg\" \/>\n\t<meta property=\"og:image:width\" content=\"907\" \/>\n\t<meta property=\"og:image:height\" content=\"907\" \/>\n\t<meta property=\"og:image:type\" content=\"image\/jpeg\" \/>\n<meta name=\"twitter:card\" content=\"summary_large_image\" \/>\n<script type=\"application\/ld+json\" class=\"yoast-schema-graph\">{\"@context\":\"https:\\\/\\\/schema.org\",\"@graph\":[{\"@type\":\"WebPage\",\"@id\":\"https:\\\/\\\/www.caroline-dechamby.com\\\/fr\\\/produit\\\/screek-wallet\\\/\",\"url\":\"https:\\\/\\\/www.caroline-dechamby.com\\\/fr\\\/produit\\\/screek-wallet\\\/\",\"name\":\"\\\"Screek\\\" Wallet - Caroline Dechamby\",\"isPartOf\":{\"@id\":\"https:\\\/\\\/www.caroline-dechamby.com\\\/fr\\\/#website\"},\"primaryImageOfPage\":{\"@id\":\"https:\\\/\\\/www.caroline-dechamby.com\\\/fr\\\/produit\\\/screek-wallet\\\/#primaryimage\"},\"image\":{\"@id\":\"https:\\\/\\\/www.caroline-dechamby.com\\\/fr\\\/produit\\\/screek-wallet\\\/#primaryimage\"},\"thumbnailUrl\":\"https:\\\/\\\/www.caroline-dechamby.com\\\/wp-content\\\/uploads\\\/2017\\\/02\\\/purse-5.jpg\",\"datePublished\":\"2017-02-17T10:13:45+00:00\",\"dateModified\":\"2017-07-12T11:16:29+00:00\",\"breadcrumb\":{\"@id\":\"https:\\\/\\\/www.caroline-dechamby.com\\\/fr\\\/produit\\\/screek-wallet\\\/#breadcrumb\"},\"inLanguage\":\"fr-FR\",\"potentialAction\":[{\"@type\":\"ReadAction\",\"target\":[\"https:\\\/\\\/www.caroline-dechamby.com\\\/fr\\\/produit\\\/screek-wallet\\\/\"]}]},{\"@type\":\"ImageObject\",\"inLanguage\":\"fr-FR\",\"@id\":\"https:\\\/\\\/www.caroline-dechamby.com\\\/fr\\\/produit\\\/screek-wallet\\\/#primaryimage\",\"url\":\"https:\\\/\\\/www.caroline-dechamby.com\\\/wp-content\\\/uploads\\\/2017\\\/02\\\/purse-5.jpg\",\"contentUrl\":\"https:\\\/\\\/www.caroline-dechamby.com\\\/wp-content\\\/uploads\\\/2017\\\/02\\\/purse-5.jpg\",\"width\":907,\"height\":907},{\"@type\":\"BreadcrumbList\",\"@id\":\"https:\\\/\\\/www.caroline-dechamby.com\\\/fr\\\/produit\\\/screek-wallet\\\/#breadcrumb\",\"itemListElement\":[{\"@type\":\"ListItem\",\"position\":1,\"name\":\"Home\",\"item\":\"https:\\\/\\\/www.caroline-dechamby.com\\\/fr\\\/\"},{\"@type\":\"ListItem\",\"position\":2,\"name\":\"Maroquinerie\",\"item\":\"https:\\\/\\\/www.caroline-dechamby.com\\\/fr\\\/maroquinerie-3\\\/\"},{\"@type\":\"ListItem\",\"position\":3,\"name\":\"\u00ab\u00a0Screek\u00a0\u00bb Wallet\"}]},{\"@type\":\"WebSite\",\"@id\":\"https:\\\/\\\/www.caroline-dechamby.com\\\/fr\\\/#website\",\"url\":\"https:\\\/\\\/www.caroline-dechamby.com\\\/fr\\\/\",\"name\":\"Caroline Dechamby\",\"description\":\"\",\"publisher\":{\"@id\":\"https:\\\/\\\/www.caroline-dechamby.com\\\/fr\\\/#organization\"},\"potentialAction\":[{\"@type\":\"SearchAction\",\"target\":{\"@type\":\"EntryPoint\",\"urlTemplate\":\"https:\\\/\\\/www.caroline-dechamby.com\\\/fr\\\/?s={search_term_string}\"},\"query-input\":{\"@type\":\"PropertyValueSpecification\",\"valueRequired\":true,\"valueName\":\"search_term_string\"}}],\"inLanguage\":\"fr-FR\"},{\"@type\":\"Organization\",\"@id\":\"https:\\\/\\\/www.caroline-dechamby.com\\\/fr\\\/#organization\",\"name\":\"Caroline Dechamby\",\"url\":\"https:\\\/\\\/www.caroline-dechamby.com\\\/fr\\\/\",\"logo\":{\"@type\":\"ImageObject\",\"inLanguage\":\"fr-FR\",\"@id\":\"https:\\\/\\\/www.caroline-dechamby.com\\\/fr\\\/#\\\/schema\\\/logo\\\/image\\\/\",\"url\":\"https:\\\/\\\/www.caroline-dechamby.com\\\/wp-content\\\/uploads\\\/2016\\\/08\\\/caroline-dechamby-logo.png\",\"contentUrl\":\"https:\\\/\\\/www.caroline-dechamby.com\\\/wp-content\\\/uploads\\\/2016\\\/08\\\/caroline-dechamby-logo.png\",\"width\":138,\"height\":113,\"caption\":\"Caroline Dechamby\"},\"image\":{\"@id\":\"https:\\\/\\\/www.caroline-dechamby.com\\\/fr\\\/#\\\/schema\\\/logo\\\/image\\\/\"}}]}<\/script>\n<!-- \/ Yoast SEO plugin. -->","yoast_head_json":{"title":"\"Screek\" Wallet - Caroline Dechamby","robots":{"index":"index","follow":"follow","max-snippet":"max-snippet:-1","max-image-preview":"max-image-preview:large","max-video-preview":"max-video-preview:-1"},"canonical":"https:\/\/www.caroline-dechamby.com\/fr\/produit\/screek-wallet\/","og_locale":"fr_FR","og_type":"article","og_title":"\"Screek\" Wallet - Caroline Dechamby","og_description":"Fermeture \u00e0 glissi\u00e8re avec vernis argent\u00e9  Une poche int\u00e9rieure pour la monnaie  Deux compartiments \u00e0 soufflets pour les billets  20 fentes pour cartes de cr\u00e9dit  Impression sur cuir de veau  Motifs : comics  Taille (largeur x hauteur): 19 x 10.5 cm  A nettoyer avec un produit sp\u00e9cialis\u00e9  Portemonnaie en cuir en \u00e9dition limit\u00e9e, 100% fait main en Italie. Pratique avec sa fermeture \u00e0 glissi\u00e8re et assez spacieux pour accueillir monnaie, billets et cartes, ce portemonnaie est un incontournable.","og_url":"https:\/\/www.caroline-dechamby.com\/fr\/produit\/screek-wallet\/","og_site_name":"Caroline Dechamby","article_modified_time":"2017-07-12T11:16:29+00:00","og_image":[{"width":907,"height":907,"url":"https:\/\/www.caroline-dechamby.com\/wp-content\/uploads\/2017\/02\/purse-5.jpg","type":"image\/jpeg"}],"twitter_card":"summary_large_image","schema":{"@context":"https:\/\/schema.org","@graph":[{"@type":"WebPage","@id":"https:\/\/www.caroline-dechamby.com\/fr\/produit\/screek-wallet\/","url":"https:\/\/www.caroline-dechamby.com\/fr\/produit\/screek-wallet\/","name":"\"Screek\" Wallet - Caroline Dechamby","isPartOf":{"@id":"https:\/\/www.caroline-dechamby.com\/fr\/#website"},"primaryImageOfPage":{"@id":"https:\/\/www.caroline-dechamby.com\/fr\/produit\/screek-wallet\/#primaryimage"},"image":{"@id":"https:\/\/www.caroline-dechamby.com\/fr\/produit\/screek-wallet\/#primaryimage"},"thumbnailUrl":"https:\/\/www.caroline-dechamby.com\/wp-content\/uploads\/2017\/02\/purse-5.jpg","datePublished":"2017-02-17T10:13:45+00:00","dateModified":"2017-07-12T11:16:29+00:00","breadcrumb":{"@id":"https:\/\/www.caroline-dechamby.com\/fr\/produit\/screek-wallet\/#breadcrumb"},"inLanguage":"fr-FR","potentialAction":[{"@type":"ReadAction","target":["https:\/\/www.caroline-dechamby.com\/fr\/produit\/screek-wallet\/"]}]},{"@type":"ImageObject","inLanguage":"fr-FR","@id":"https:\/\/www.caroline-dechamby.com\/fr\/produit\/screek-wallet\/#primaryimage","url":"https:\/\/www.caroline-dechamby.com\/wp-content\/uploads\/2017\/02\/purse-5.jpg","contentUrl":"https:\/\/www.caroline-dechamby.com\/wp-content\/uploads\/2017\/02\/purse-5.jpg","width":907,"height":907},{"@type":"BreadcrumbList","@id":"https:\/\/www.caroline-dechamby.com\/fr\/produit\/screek-wallet\/#breadcrumb","itemListElement":[{"@type":"ListItem","position":1,"name":"Home","item":"https:\/\/www.caroline-dechamby.com\/fr\/"},{"@type":"ListItem","position":2,"name":"Maroquinerie","item":"https:\/\/www.caroline-dechamby.com\/fr\/maroquinerie-3\/"},{"@type":"ListItem","position":3,"name":"\u00ab\u00a0Screek\u00a0\u00bb Wallet"}]},{"@type":"WebSite","@id":"https:\/\/www.caroline-dechamby.com\/fr\/#website","url":"https:\/\/www.caroline-dechamby.com\/fr\/","name":"Caroline Dechamby","description":"","publisher":{"@id":"https:\/\/www.caroline-dechamby.com\/fr\/#organization"},"potentialAction":[{"@type":"SearchAction","target":{"@type":"EntryPoint","urlTemplate":"https:\/\/www.caroline-dechamby.com\/fr\/?s={search_term_string}"},"query-input":{"@type":"PropertyValueSpecification","valueRequired":true,"valueName":"search_term_string"}}],"inLanguage":"fr-FR"},{"@type":"Organization","@id":"https:\/\/www.caroline-dechamby.com\/fr\/#organization","name":"Caroline Dechamby","url":"https:\/\/www.caroline-dechamby.com\/fr\/","logo":{"@type":"ImageObject","inLanguage":"fr-FR","@id":"https:\/\/www.caroline-dechamby.com\/fr\/#\/schema\/logo\/image\/","url":"https:\/\/www.caroline-dechamby.com\/wp-content\/uploads\/2016\/08\/caroline-dechamby-logo.png","contentUrl":"https:\/\/www.caroline-dechamby.com\/wp-content\/uploads\/2016\/08\/caroline-dechamby-logo.png","width":138,"height":113,"caption":"Caroline Dechamby"},"image":{"@id":"https:\/\/www.caroline-dechamby.com\/fr\/#\/schema\/logo\/image\/"}}]}},"_links":{"self":[{"href":"https:\/\/www.caroline-dechamby.com\/fr\/wp-json\/wp\/v2\/product\/9774","targetHints":{"allow":["GET"]}}],"collection":[{"href":"https:\/\/www.caroline-dechamby.com\/fr\/wp-json\/wp\/v2\/product"}],"about":[{"href":"https:\/\/www.caroline-dechamby.com\/fr\/wp-json\/wp\/v2\/types\/product"}],"replies":[{"embeddable":true,"href":"https:\/\/www.caroline-dechamby.com\/fr\/wp-json\/wp\/v2\/comments?post=9774"}],"wp:featuredmedia":[{"embeddable":true,"href":"https:\/\/www.caroline-dechamby.com\/fr\/wp-json\/wp\/v2\/media\/9033"}],"wp:attachment":[{"href":"https:\/\/www.caroline-dechamby.com\/fr\/wp-json\/wp\/v2\/media?parent=9774"}],"wp:term":[{"taxonomy":"product_brand","embeddable":true,"href":"https:\/\/www.caroline-dechamby.com\/fr\/wp-json\/wp\/v2\/product_brand?post=9774"},{"taxonomy":"product_cat","embeddable":true,"href":"https:\/\/www.caroline-dechamby.com\/fr\/wp-json\/wp\/v2\/product_cat?post=9774"},{"taxonomy":"product_tag","embeddable":true,"href":"https:\/\/www.caroline-dechamby.com\/fr\/wp-json\/wp\/v2\/product_tag?post=9774"}],"curies":[{"name":"wp","href":"https:\/\/api.w.org\/{rel}","templated":true}]}}