{"id":9751,"date":"2017-02-17T10:05:02","date_gmt":"2017-02-17T10:05:02","guid":{"rendered":"https:\/\/www.caroline-dechamby.com\/dechamby\/product\/dechambys-crossbody\/"},"modified":"2017-07-12T10:55:16","modified_gmt":"2017-07-12T10:55:16","slug":"dechambys-crossbody","status":"publish","type":"product","link":"https:\/\/www.caroline-dechamby.com\/fr\/produit\/dechambys-crossbody\/","title":{"rendered":"\u00ab\u00a0Dechamby&rsquo;s\u00a0\u00bb Crossbody"},"content":{"rendered":"","protected":false},"excerpt":{"rendered":"<ul>\n<li>Bandouli\u00e8re bleue<\/li>\n<li>Rabat \u00e0 fermoir aimant\u00e9<\/li>\n<li>Une poche sous le rabat et une poche int\u00e9rieure<\/li>\n<li>Doublure int\u00e9rieure en tissu<\/li>\n<li>Impression sur cuir de veau<\/li>\n<li>Motifs : pop art<\/li>\n<li>Taille (largeur x hauteur x profondeur): 20.5 x 18 x 9 cm<\/li>\n<li>A nettoyer avec un produit sp\u00e9cialis\u00e9<\/li>\n<\/ul>\n<p>Sac \u00e0 main en \u00e9dition limit\u00e9e, 100% fait main en Italie.<br \/>\nCompact et \u00e9l\u00e9gant ce sac \u00e0 bandouli\u00e8re ajoutera une note de couleur et de sophistication \u00e0 votre tenue du jour.<\/p>\n<p><a href=\"https:\/\/www.caroline-dechamby.com\/fr\/produit\/dechambys-crossbody\/\" class=\"more-link style1-button\">Read More<\/a><\/p>","protected":false},"featured_media":9072,"comment_status":"closed","ping_status":"closed","template":"","meta":{"_acf_changed":false},"product_brand":[],"product_cat":[149],"product_tag":[],"class_list":{"0":"post-9751","1":"product","2":"type-product","3":"status-publish","4":"has-post-thumbnail","6":"product_cat-dechambys-fr","8":"first","9":"instock","10":"taxable","11":"shipping-taxable","12":"purchasable","13":"product-type-simple"},"acf":[],"yoast_head":"<!-- This site is optimized with the Yoast SEO plugin v27.3 - https:\/\/yoast.com\/product\/yoast-seo-wordpress\/ -->\n<title>&quot;Dechamby&#039;s&quot; Crossbody - Caroline Dechamby<\/title>\n<meta name=\"robots\" content=\"index, follow, max-snippet:-1, max-image-preview:large, max-video-preview:-1\" \/>\n<link rel=\"canonical\" href=\"https:\/\/www.caroline-dechamby.com\/fr\/produit\/dechambys-crossbody\/\" \/>\n<meta property=\"og:locale\" content=\"fr_FR\" \/>\n<meta property=\"og:type\" content=\"article\" \/>\n<meta property=\"og:title\" content=\"&quot;Dechamby&#039;s&quot; Crossbody - Caroline Dechamby\" \/>\n<meta property=\"og:description\" content=\"Bandouli\u00e8re bleue  Rabat \u00e0 fermoir aimant\u00e9  Une poche sous le rabat et une poche int\u00e9rieure  Doublure int\u00e9rieure en tissu  Impression sur cuir de veau  Motifs : pop art  Taille (largeur x hauteur x profondeur): 20.5 x 18 x 9 cm  A nettoyer avec un produit sp\u00e9cialis\u00e9  Sac \u00e0 main en \u00e9dition limit\u00e9e, 100% fait main en Italie. Compact et \u00e9l\u00e9gant ce sac \u00e0 bandouli\u00e8re ajoutera une note de couleur et de sophistication \u00e0 votre tenue du jour.\" \/>\n<meta property=\"og:url\" content=\"https:\/\/www.caroline-dechamby.com\/fr\/produit\/dechambys-crossbody\/\" \/>\n<meta property=\"og:site_name\" content=\"Caroline Dechamby\" \/>\n<meta property=\"article:modified_time\" content=\"2017-07-12T10:55:16+00:00\" \/>\n<meta property=\"og:image\" content=\"https:\/\/www.caroline-dechamby.com\/wp-content\/uploads\/2017\/02\/cross-5.jpg\" \/>\n\t<meta property=\"og:image:width\" content=\"850\" \/>\n\t<meta property=\"og:image:height\" content=\"850\" \/>\n\t<meta property=\"og:image:type\" content=\"image\/jpeg\" \/>\n<meta name=\"twitter:card\" content=\"summary_large_image\" \/>\n<script type=\"application\/ld+json\" class=\"yoast-schema-graph\">{\"@context\":\"https:\\\/\\\/schema.org\",\"@graph\":[{\"@type\":\"WebPage\",\"@id\":\"https:\\\/\\\/www.caroline-dechamby.com\\\/fr\\\/produit\\\/dechambys-crossbody\\\/\",\"url\":\"https:\\\/\\\/www.caroline-dechamby.com\\\/fr\\\/produit\\\/dechambys-crossbody\\\/\",\"name\":\"\\\"Dechamby's\\\" Crossbody - Caroline Dechamby\",\"isPartOf\":{\"@id\":\"https:\\\/\\\/www.caroline-dechamby.com\\\/fr\\\/#website\"},\"primaryImageOfPage\":{\"@id\":\"https:\\\/\\\/www.caroline-dechamby.com\\\/fr\\\/produit\\\/dechambys-crossbody\\\/#primaryimage\"},\"image\":{\"@id\":\"https:\\\/\\\/www.caroline-dechamby.com\\\/fr\\\/produit\\\/dechambys-crossbody\\\/#primaryimage\"},\"thumbnailUrl\":\"https:\\\/\\\/www.caroline-dechamby.com\\\/wp-content\\\/uploads\\\/2017\\\/02\\\/cross-5.jpg\",\"datePublished\":\"2017-02-17T10:05:02+00:00\",\"dateModified\":\"2017-07-12T10:55:16+00:00\",\"breadcrumb\":{\"@id\":\"https:\\\/\\\/www.caroline-dechamby.com\\\/fr\\\/produit\\\/dechambys-crossbody\\\/#breadcrumb\"},\"inLanguage\":\"fr-FR\",\"potentialAction\":[{\"@type\":\"ReadAction\",\"target\":[\"https:\\\/\\\/www.caroline-dechamby.com\\\/fr\\\/produit\\\/dechambys-crossbody\\\/\"]}]},{\"@type\":\"ImageObject\",\"inLanguage\":\"fr-FR\",\"@id\":\"https:\\\/\\\/www.caroline-dechamby.com\\\/fr\\\/produit\\\/dechambys-crossbody\\\/#primaryimage\",\"url\":\"https:\\\/\\\/www.caroline-dechamby.com\\\/wp-content\\\/uploads\\\/2017\\\/02\\\/cross-5.jpg\",\"contentUrl\":\"https:\\\/\\\/www.caroline-dechamby.com\\\/wp-content\\\/uploads\\\/2017\\\/02\\\/cross-5.jpg\",\"width\":850,\"height\":850},{\"@type\":\"BreadcrumbList\",\"@id\":\"https:\\\/\\\/www.caroline-dechamby.com\\\/fr\\\/produit\\\/dechambys-crossbody\\\/#breadcrumb\",\"itemListElement\":[{\"@type\":\"ListItem\",\"position\":1,\"name\":\"Home\",\"item\":\"https:\\\/\\\/www.caroline-dechamby.com\\\/fr\\\/\"},{\"@type\":\"ListItem\",\"position\":2,\"name\":\"Maroquinerie\",\"item\":\"https:\\\/\\\/www.caroline-dechamby.com\\\/fr\\\/maroquinerie-3\\\/\"},{\"@type\":\"ListItem\",\"position\":3,\"name\":\"\u00ab\u00a0Dechamby&rsquo;s\u00a0\u00bb Crossbody\"}]},{\"@type\":\"WebSite\",\"@id\":\"https:\\\/\\\/www.caroline-dechamby.com\\\/fr\\\/#website\",\"url\":\"https:\\\/\\\/www.caroline-dechamby.com\\\/fr\\\/\",\"name\":\"Caroline Dechamby\",\"description\":\"\",\"publisher\":{\"@id\":\"https:\\\/\\\/www.caroline-dechamby.com\\\/fr\\\/#organization\"},\"potentialAction\":[{\"@type\":\"SearchAction\",\"target\":{\"@type\":\"EntryPoint\",\"urlTemplate\":\"https:\\\/\\\/www.caroline-dechamby.com\\\/fr\\\/?s={search_term_string}\"},\"query-input\":{\"@type\":\"PropertyValueSpecification\",\"valueRequired\":true,\"valueName\":\"search_term_string\"}}],\"inLanguage\":\"fr-FR\"},{\"@type\":\"Organization\",\"@id\":\"https:\\\/\\\/www.caroline-dechamby.com\\\/fr\\\/#organization\",\"name\":\"Caroline Dechamby\",\"url\":\"https:\\\/\\\/www.caroline-dechamby.com\\\/fr\\\/\",\"logo\":{\"@type\":\"ImageObject\",\"inLanguage\":\"fr-FR\",\"@id\":\"https:\\\/\\\/www.caroline-dechamby.com\\\/fr\\\/#\\\/schema\\\/logo\\\/image\\\/\",\"url\":\"https:\\\/\\\/www.caroline-dechamby.com\\\/wp-content\\\/uploads\\\/2016\\\/08\\\/caroline-dechamby-logo.png\",\"contentUrl\":\"https:\\\/\\\/www.caroline-dechamby.com\\\/wp-content\\\/uploads\\\/2016\\\/08\\\/caroline-dechamby-logo.png\",\"width\":138,\"height\":113,\"caption\":\"Caroline Dechamby\"},\"image\":{\"@id\":\"https:\\\/\\\/www.caroline-dechamby.com\\\/fr\\\/#\\\/schema\\\/logo\\\/image\\\/\"}}]}<\/script>\n<!-- \/ Yoast SEO plugin. -->","yoast_head_json":{"title":"\"Dechamby's\" Crossbody - Caroline Dechamby","robots":{"index":"index","follow":"follow","max-snippet":"max-snippet:-1","max-image-preview":"max-image-preview:large","max-video-preview":"max-video-preview:-1"},"canonical":"https:\/\/www.caroline-dechamby.com\/fr\/produit\/dechambys-crossbody\/","og_locale":"fr_FR","og_type":"article","og_title":"\"Dechamby's\" Crossbody - Caroline Dechamby","og_description":"Bandouli\u00e8re bleue  Rabat \u00e0 fermoir aimant\u00e9  Une poche sous le rabat et une poche int\u00e9rieure  Doublure int\u00e9rieure en tissu  Impression sur cuir de veau  Motifs : pop art  Taille (largeur x hauteur x profondeur): 20.5 x 18 x 9 cm  A nettoyer avec un produit sp\u00e9cialis\u00e9  Sac \u00e0 main en \u00e9dition limit\u00e9e, 100% fait main en Italie. Compact et \u00e9l\u00e9gant ce sac \u00e0 bandouli\u00e8re ajoutera une note de couleur et de sophistication \u00e0 votre tenue du jour.","og_url":"https:\/\/www.caroline-dechamby.com\/fr\/produit\/dechambys-crossbody\/","og_site_name":"Caroline Dechamby","article_modified_time":"2017-07-12T10:55:16+00:00","og_image":[{"width":850,"height":850,"url":"https:\/\/www.caroline-dechamby.com\/wp-content\/uploads\/2017\/02\/cross-5.jpg","type":"image\/jpeg"}],"twitter_card":"summary_large_image","schema":{"@context":"https:\/\/schema.org","@graph":[{"@type":"WebPage","@id":"https:\/\/www.caroline-dechamby.com\/fr\/produit\/dechambys-crossbody\/","url":"https:\/\/www.caroline-dechamby.com\/fr\/produit\/dechambys-crossbody\/","name":"\"Dechamby's\" Crossbody - Caroline Dechamby","isPartOf":{"@id":"https:\/\/www.caroline-dechamby.com\/fr\/#website"},"primaryImageOfPage":{"@id":"https:\/\/www.caroline-dechamby.com\/fr\/produit\/dechambys-crossbody\/#primaryimage"},"image":{"@id":"https:\/\/www.caroline-dechamby.com\/fr\/produit\/dechambys-crossbody\/#primaryimage"},"thumbnailUrl":"https:\/\/www.caroline-dechamby.com\/wp-content\/uploads\/2017\/02\/cross-5.jpg","datePublished":"2017-02-17T10:05:02+00:00","dateModified":"2017-07-12T10:55:16+00:00","breadcrumb":{"@id":"https:\/\/www.caroline-dechamby.com\/fr\/produit\/dechambys-crossbody\/#breadcrumb"},"inLanguage":"fr-FR","potentialAction":[{"@type":"ReadAction","target":["https:\/\/www.caroline-dechamby.com\/fr\/produit\/dechambys-crossbody\/"]}]},{"@type":"ImageObject","inLanguage":"fr-FR","@id":"https:\/\/www.caroline-dechamby.com\/fr\/produit\/dechambys-crossbody\/#primaryimage","url":"https:\/\/www.caroline-dechamby.com\/wp-content\/uploads\/2017\/02\/cross-5.jpg","contentUrl":"https:\/\/www.caroline-dechamby.com\/wp-content\/uploads\/2017\/02\/cross-5.jpg","width":850,"height":850},{"@type":"BreadcrumbList","@id":"https:\/\/www.caroline-dechamby.com\/fr\/produit\/dechambys-crossbody\/#breadcrumb","itemListElement":[{"@type":"ListItem","position":1,"name":"Home","item":"https:\/\/www.caroline-dechamby.com\/fr\/"},{"@type":"ListItem","position":2,"name":"Maroquinerie","item":"https:\/\/www.caroline-dechamby.com\/fr\/maroquinerie-3\/"},{"@type":"ListItem","position":3,"name":"\u00ab\u00a0Dechamby&rsquo;s\u00a0\u00bb Crossbody"}]},{"@type":"WebSite","@id":"https:\/\/www.caroline-dechamby.com\/fr\/#website","url":"https:\/\/www.caroline-dechamby.com\/fr\/","name":"Caroline Dechamby","description":"","publisher":{"@id":"https:\/\/www.caroline-dechamby.com\/fr\/#organization"},"potentialAction":[{"@type":"SearchAction","target":{"@type":"EntryPoint","urlTemplate":"https:\/\/www.caroline-dechamby.com\/fr\/?s={search_term_string}"},"query-input":{"@type":"PropertyValueSpecification","valueRequired":true,"valueName":"search_term_string"}}],"inLanguage":"fr-FR"},{"@type":"Organization","@id":"https:\/\/www.caroline-dechamby.com\/fr\/#organization","name":"Caroline Dechamby","url":"https:\/\/www.caroline-dechamby.com\/fr\/","logo":{"@type":"ImageObject","inLanguage":"fr-FR","@id":"https:\/\/www.caroline-dechamby.com\/fr\/#\/schema\/logo\/image\/","url":"https:\/\/www.caroline-dechamby.com\/wp-content\/uploads\/2016\/08\/caroline-dechamby-logo.png","contentUrl":"https:\/\/www.caroline-dechamby.com\/wp-content\/uploads\/2016\/08\/caroline-dechamby-logo.png","width":138,"height":113,"caption":"Caroline Dechamby"},"image":{"@id":"https:\/\/www.caroline-dechamby.com\/fr\/#\/schema\/logo\/image\/"}}]}},"_links":{"self":[{"href":"https:\/\/www.caroline-dechamby.com\/fr\/wp-json\/wp\/v2\/product\/9751","targetHints":{"allow":["GET"]}}],"collection":[{"href":"https:\/\/www.caroline-dechamby.com\/fr\/wp-json\/wp\/v2\/product"}],"about":[{"href":"https:\/\/www.caroline-dechamby.com\/fr\/wp-json\/wp\/v2\/types\/product"}],"replies":[{"embeddable":true,"href":"https:\/\/www.caroline-dechamby.com\/fr\/wp-json\/wp\/v2\/comments?post=9751"}],"wp:featuredmedia":[{"embeddable":true,"href":"https:\/\/www.caroline-dechamby.com\/fr\/wp-json\/wp\/v2\/media\/9072"}],"wp:attachment":[{"href":"https:\/\/www.caroline-dechamby.com\/fr\/wp-json\/wp\/v2\/media?parent=9751"}],"wp:term":[{"taxonomy":"product_brand","embeddable":true,"href":"https:\/\/www.caroline-dechamby.com\/fr\/wp-json\/wp\/v2\/product_brand?post=9751"},{"taxonomy":"product_cat","embeddable":true,"href":"https:\/\/www.caroline-dechamby.com\/fr\/wp-json\/wp\/v2\/product_cat?post=9751"},{"taxonomy":"product_tag","embeddable":true,"href":"https:\/\/www.caroline-dechamby.com\/fr\/wp-json\/wp\/v2\/product_tag?post=9751"}],"curies":[{"name":"wp","href":"https:\/\/api.w.org\/{rel}","templated":true}]}}