{"id":9663,"date":"2015-09-18T16:38:09","date_gmt":"2015-09-18T16:38:09","guid":{"rendered":"https:\/\/www.caroline-dechamby.com\/dechamby\/product\/le-regard-big-handbag\/"},"modified":"2017-11-28T09:00:41","modified_gmt":"2017-11-28T09:00:41","slug":"le-regard-big-handbag","status":"publish","type":"product","link":"https:\/\/www.caroline-dechamby.com\/fr\/produit\/le-regard-big-handbag\/","title":{"rendered":"\u00ab\u00a0Le Regard\u00a0\u00bb Big handbag"},"content":{"rendered":"","protected":false},"excerpt":{"rendered":"<ul>\n<li>Anses bleues<\/li>\n<li>Patte \u00e0 fermeture magn\u00e9tique<\/li>\n<li>6 pieds de fond<\/li>\n<li>Deux compartiments internes s\u00e9par\u00e9s par une poche centrale zipp\u00e9e<\/li>\n<li>Une poche int\u00e9rieure zipp\u00e9e<\/li>\n<li>Impression sur cuir de veau<\/li>\n<li>Motifs : peinture abstraite<\/li>\n<li>Taille (largeur x hauteur x profondeur): 45 x 30.3 x 19 cm<\/li>\n<li>Accessoires: une figurine (repr\u00e9sentant l\u2019artiste) plaqu\u00e9e argent et sa lani\u00e8re en cuir, ainsi qu\u2019une bandouli\u00e8re amovible<\/li>\n<li>A nettoyer avec un produit sp\u00e9cialis\u00e9<\/li>\n<\/ul>\n<p>Sac \u00e0 main en \u00e9dition limit\u00e9e, 100% fait \u00e0 la main en Italie.<br \/>\nAvec son int\u00e9rieur g\u00e9n\u00e9reux, ce sac \u00e0 main est le partenaire indispensable pour les <em>workingwomen<\/em> ou pour les femmes qui aiment voyager l\u00e9ger.<\/p>\n<p><a href=\"https:\/\/www.caroline-dechamby.com\/fr\/produit\/le-regard-big-handbag\/\" class=\"more-link style1-button\">Read More<\/a><\/p>","protected":false},"featured_media":10469,"comment_status":"closed","ping_status":"closed","template":"","meta":{"_acf_changed":false},"product_brand":[],"product_cat":[137],"product_tag":[],"class_list":{"0":"post-9663","1":"product","2":"type-product","3":"status-publish","4":"has-post-thumbnail","6":"product_cat-regard-fr","8":"first","9":"outofstock","10":"taxable","11":"shipping-taxable","12":"purchasable","13":"product-type-simple"},"acf":[],"yoast_head":"<!-- This site is optimized with the Yoast SEO plugin v27.3 - https:\/\/yoast.com\/product\/yoast-seo-wordpress\/ -->\n<title>&quot;Le Regard&quot; Big handbag - Caroline Dechamby<\/title>\n<meta name=\"robots\" content=\"index, follow, max-snippet:-1, max-image-preview:large, max-video-preview:-1\" \/>\n<link rel=\"canonical\" href=\"https:\/\/www.caroline-dechamby.com\/fr\/produit\/le-regard-big-handbag\/\" \/>\n<meta property=\"og:locale\" content=\"fr_FR\" \/>\n<meta property=\"og:type\" content=\"article\" \/>\n<meta property=\"og:title\" content=\"&quot;Le Regard&quot; Big handbag - Caroline Dechamby\" \/>\n<meta property=\"og:description\" content=\"Anses bleues  Patte \u00e0 fermeture magn\u00e9tique  6 pieds de fond  Deux compartiments internes s\u00e9par\u00e9s par une poche centrale zipp\u00e9e  Une poche int\u00e9rieure zipp\u00e9e  Impression sur cuir de veau  Motifs : peinture abstraite  Taille (largeur x hauteur x profondeur): 45 x 30.3 x 19 cm  Accessoires: une figurine (repr\u00e9sentant l\u2019artiste) plaqu\u00e9e argent et sa lani\u00e8re en cuir, ainsi qu\u2019une bandouli\u00e8re amovible  A nettoyer avec un produit sp\u00e9cialis\u00e9  Sac \u00e0 main en \u00e9dition limit\u00e9e, 100% fait \u00e0 la main en Italie. Avec son int\u00e9rieur g\u00e9n\u00e9reux, ce sac \u00e0 main est le partenaire indispensable pour les workingwomen ou pour les femmes qui aiment voyager l\u00e9ger.\" \/>\n<meta property=\"og:url\" content=\"https:\/\/www.caroline-dechamby.com\/fr\/produit\/le-regard-big-handbag\/\" \/>\n<meta property=\"og:site_name\" content=\"Caroline Dechamby\" \/>\n<meta property=\"article:modified_time\" content=\"2017-11-28T09:00:41+00:00\" \/>\n<meta property=\"og:image\" content=\"https:\/\/www.caroline-dechamby.com\/wp-content\/uploads\/2017\/11\/soldregard_gsac-1024x1024.jpg\" \/>\n\t<meta property=\"og:image:width\" content=\"1024\" \/>\n\t<meta property=\"og:image:height\" content=\"1024\" \/>\n\t<meta property=\"og:image:type\" content=\"image\/jpeg\" \/>\n<meta name=\"twitter:card\" content=\"summary_large_image\" \/>\n<script type=\"application\/ld+json\" class=\"yoast-schema-graph\">{\"@context\":\"https:\\\/\\\/schema.org\",\"@graph\":[{\"@type\":\"WebPage\",\"@id\":\"https:\\\/\\\/www.caroline-dechamby.com\\\/fr\\\/produit\\\/le-regard-big-handbag\\\/\",\"url\":\"https:\\\/\\\/www.caroline-dechamby.com\\\/fr\\\/produit\\\/le-regard-big-handbag\\\/\",\"name\":\"\\\"Le Regard\\\" Big handbag - Caroline Dechamby\",\"isPartOf\":{\"@id\":\"https:\\\/\\\/www.caroline-dechamby.com\\\/fr\\\/#website\"},\"primaryImageOfPage\":{\"@id\":\"https:\\\/\\\/www.caroline-dechamby.com\\\/fr\\\/produit\\\/le-regard-big-handbag\\\/#primaryimage\"},\"image\":{\"@id\":\"https:\\\/\\\/www.caroline-dechamby.com\\\/fr\\\/produit\\\/le-regard-big-handbag\\\/#primaryimage\"},\"thumbnailUrl\":\"https:\\\/\\\/www.caroline-dechamby.com\\\/wp-content\\\/uploads\\\/2017\\\/11\\\/soldregard_gsac-1024x1024.jpg\",\"datePublished\":\"2015-09-18T16:38:09+00:00\",\"dateModified\":\"2017-11-28T09:00:41+00:00\",\"breadcrumb\":{\"@id\":\"https:\\\/\\\/www.caroline-dechamby.com\\\/fr\\\/produit\\\/le-regard-big-handbag\\\/#breadcrumb\"},\"inLanguage\":\"fr-FR\",\"potentialAction\":[{\"@type\":\"ReadAction\",\"target\":[\"https:\\\/\\\/www.caroline-dechamby.com\\\/fr\\\/produit\\\/le-regard-big-handbag\\\/\"]}]},{\"@type\":\"ImageObject\",\"inLanguage\":\"fr-FR\",\"@id\":\"https:\\\/\\\/www.caroline-dechamby.com\\\/fr\\\/produit\\\/le-regard-big-handbag\\\/#primaryimage\",\"url\":\"https:\\\/\\\/www.caroline-dechamby.com\\\/wp-content\\\/uploads\\\/2017\\\/11\\\/soldregard_gsac-1024x1024.jpg\",\"contentUrl\":\"https:\\\/\\\/www.caroline-dechamby.com\\\/wp-content\\\/uploads\\\/2017\\\/11\\\/soldregard_gsac-1024x1024.jpg\",\"width\":1024,\"height\":1024},{\"@type\":\"BreadcrumbList\",\"@id\":\"https:\\\/\\\/www.caroline-dechamby.com\\\/fr\\\/produit\\\/le-regard-big-handbag\\\/#breadcrumb\",\"itemListElement\":[{\"@type\":\"ListItem\",\"position\":1,\"name\":\"Home\",\"item\":\"https:\\\/\\\/www.caroline-dechamby.com\\\/fr\\\/\"},{\"@type\":\"ListItem\",\"position\":2,\"name\":\"Maroquinerie\",\"item\":\"https:\\\/\\\/www.caroline-dechamby.com\\\/fr\\\/maroquinerie-3\\\/\"},{\"@type\":\"ListItem\",\"position\":3,\"name\":\"\u00ab\u00a0Le Regard\u00a0\u00bb Big handbag\"}]},{\"@type\":\"WebSite\",\"@id\":\"https:\\\/\\\/www.caroline-dechamby.com\\\/fr\\\/#website\",\"url\":\"https:\\\/\\\/www.caroline-dechamby.com\\\/fr\\\/\",\"name\":\"Caroline Dechamby\",\"description\":\"\",\"publisher\":{\"@id\":\"https:\\\/\\\/www.caroline-dechamby.com\\\/fr\\\/#organization\"},\"potentialAction\":[{\"@type\":\"SearchAction\",\"target\":{\"@type\":\"EntryPoint\",\"urlTemplate\":\"https:\\\/\\\/www.caroline-dechamby.com\\\/fr\\\/?s={search_term_string}\"},\"query-input\":{\"@type\":\"PropertyValueSpecification\",\"valueRequired\":true,\"valueName\":\"search_term_string\"}}],\"inLanguage\":\"fr-FR\"},{\"@type\":\"Organization\",\"@id\":\"https:\\\/\\\/www.caroline-dechamby.com\\\/fr\\\/#organization\",\"name\":\"Caroline Dechamby\",\"url\":\"https:\\\/\\\/www.caroline-dechamby.com\\\/fr\\\/\",\"logo\":{\"@type\":\"ImageObject\",\"inLanguage\":\"fr-FR\",\"@id\":\"https:\\\/\\\/www.caroline-dechamby.com\\\/fr\\\/#\\\/schema\\\/logo\\\/image\\\/\",\"url\":\"https:\\\/\\\/www.caroline-dechamby.com\\\/wp-content\\\/uploads\\\/2016\\\/08\\\/caroline-dechamby-logo.png\",\"contentUrl\":\"https:\\\/\\\/www.caroline-dechamby.com\\\/wp-content\\\/uploads\\\/2016\\\/08\\\/caroline-dechamby-logo.png\",\"width\":138,\"height\":113,\"caption\":\"Caroline Dechamby\"},\"image\":{\"@id\":\"https:\\\/\\\/www.caroline-dechamby.com\\\/fr\\\/#\\\/schema\\\/logo\\\/image\\\/\"}}]}<\/script>\n<!-- \/ Yoast SEO plugin. -->","yoast_head_json":{"title":"\"Le Regard\" Big handbag - Caroline Dechamby","robots":{"index":"index","follow":"follow","max-snippet":"max-snippet:-1","max-image-preview":"max-image-preview:large","max-video-preview":"max-video-preview:-1"},"canonical":"https:\/\/www.caroline-dechamby.com\/fr\/produit\/le-regard-big-handbag\/","og_locale":"fr_FR","og_type":"article","og_title":"\"Le Regard\" Big handbag - Caroline Dechamby","og_description":"Anses bleues  Patte \u00e0 fermeture magn\u00e9tique  6 pieds de fond  Deux compartiments internes s\u00e9par\u00e9s par une poche centrale zipp\u00e9e  Une poche int\u00e9rieure zipp\u00e9e  Impression sur cuir de veau  Motifs : peinture abstraite  Taille (largeur x hauteur x profondeur): 45 x 30.3 x 19 cm  Accessoires: une figurine (repr\u00e9sentant l\u2019artiste) plaqu\u00e9e argent et sa lani\u00e8re en cuir, ainsi qu\u2019une bandouli\u00e8re amovible  A nettoyer avec un produit sp\u00e9cialis\u00e9  Sac \u00e0 main en \u00e9dition limit\u00e9e, 100% fait \u00e0 la main en Italie. Avec son int\u00e9rieur g\u00e9n\u00e9reux, ce sac \u00e0 main est le partenaire indispensable pour les workingwomen ou pour les femmes qui aiment voyager l\u00e9ger.","og_url":"https:\/\/www.caroline-dechamby.com\/fr\/produit\/le-regard-big-handbag\/","og_site_name":"Caroline Dechamby","article_modified_time":"2017-11-28T09:00:41+00:00","og_image":[{"width":1024,"height":1024,"url":"https:\/\/www.caroline-dechamby.com\/wp-content\/uploads\/2017\/11\/soldregard_gsac-1024x1024.jpg","type":"image\/jpeg"}],"twitter_card":"summary_large_image","schema":{"@context":"https:\/\/schema.org","@graph":[{"@type":"WebPage","@id":"https:\/\/www.caroline-dechamby.com\/fr\/produit\/le-regard-big-handbag\/","url":"https:\/\/www.caroline-dechamby.com\/fr\/produit\/le-regard-big-handbag\/","name":"\"Le Regard\" Big handbag - Caroline Dechamby","isPartOf":{"@id":"https:\/\/www.caroline-dechamby.com\/fr\/#website"},"primaryImageOfPage":{"@id":"https:\/\/www.caroline-dechamby.com\/fr\/produit\/le-regard-big-handbag\/#primaryimage"},"image":{"@id":"https:\/\/www.caroline-dechamby.com\/fr\/produit\/le-regard-big-handbag\/#primaryimage"},"thumbnailUrl":"https:\/\/www.caroline-dechamby.com\/wp-content\/uploads\/2017\/11\/soldregard_gsac-1024x1024.jpg","datePublished":"2015-09-18T16:38:09+00:00","dateModified":"2017-11-28T09:00:41+00:00","breadcrumb":{"@id":"https:\/\/www.caroline-dechamby.com\/fr\/produit\/le-regard-big-handbag\/#breadcrumb"},"inLanguage":"fr-FR","potentialAction":[{"@type":"ReadAction","target":["https:\/\/www.caroline-dechamby.com\/fr\/produit\/le-regard-big-handbag\/"]}]},{"@type":"ImageObject","inLanguage":"fr-FR","@id":"https:\/\/www.caroline-dechamby.com\/fr\/produit\/le-regard-big-handbag\/#primaryimage","url":"https:\/\/www.caroline-dechamby.com\/wp-content\/uploads\/2017\/11\/soldregard_gsac-1024x1024.jpg","contentUrl":"https:\/\/www.caroline-dechamby.com\/wp-content\/uploads\/2017\/11\/soldregard_gsac-1024x1024.jpg","width":1024,"height":1024},{"@type":"BreadcrumbList","@id":"https:\/\/www.caroline-dechamby.com\/fr\/produit\/le-regard-big-handbag\/#breadcrumb","itemListElement":[{"@type":"ListItem","position":1,"name":"Home","item":"https:\/\/www.caroline-dechamby.com\/fr\/"},{"@type":"ListItem","position":2,"name":"Maroquinerie","item":"https:\/\/www.caroline-dechamby.com\/fr\/maroquinerie-3\/"},{"@type":"ListItem","position":3,"name":"\u00ab\u00a0Le Regard\u00a0\u00bb Big handbag"}]},{"@type":"WebSite","@id":"https:\/\/www.caroline-dechamby.com\/fr\/#website","url":"https:\/\/www.caroline-dechamby.com\/fr\/","name":"Caroline Dechamby","description":"","publisher":{"@id":"https:\/\/www.caroline-dechamby.com\/fr\/#organization"},"potentialAction":[{"@type":"SearchAction","target":{"@type":"EntryPoint","urlTemplate":"https:\/\/www.caroline-dechamby.com\/fr\/?s={search_term_string}"},"query-input":{"@type":"PropertyValueSpecification","valueRequired":true,"valueName":"search_term_string"}}],"inLanguage":"fr-FR"},{"@type":"Organization","@id":"https:\/\/www.caroline-dechamby.com\/fr\/#organization","name":"Caroline Dechamby","url":"https:\/\/www.caroline-dechamby.com\/fr\/","logo":{"@type":"ImageObject","inLanguage":"fr-FR","@id":"https:\/\/www.caroline-dechamby.com\/fr\/#\/schema\/logo\/image\/","url":"https:\/\/www.caroline-dechamby.com\/wp-content\/uploads\/2016\/08\/caroline-dechamby-logo.png","contentUrl":"https:\/\/www.caroline-dechamby.com\/wp-content\/uploads\/2016\/08\/caroline-dechamby-logo.png","width":138,"height":113,"caption":"Caroline Dechamby"},"image":{"@id":"https:\/\/www.caroline-dechamby.com\/fr\/#\/schema\/logo\/image\/"}}]}},"_links":{"self":[{"href":"https:\/\/www.caroline-dechamby.com\/fr\/wp-json\/wp\/v2\/product\/9663","targetHints":{"allow":["GET"]}}],"collection":[{"href":"https:\/\/www.caroline-dechamby.com\/fr\/wp-json\/wp\/v2\/product"}],"about":[{"href":"https:\/\/www.caroline-dechamby.com\/fr\/wp-json\/wp\/v2\/types\/product"}],"replies":[{"embeddable":true,"href":"https:\/\/www.caroline-dechamby.com\/fr\/wp-json\/wp\/v2\/comments?post=9663"}],"wp:featuredmedia":[{"embeddable":true,"href":"https:\/\/www.caroline-dechamby.com\/fr\/wp-json\/wp\/v2\/media\/10469"}],"wp:attachment":[{"href":"https:\/\/www.caroline-dechamby.com\/fr\/wp-json\/wp\/v2\/media?parent=9663"}],"wp:term":[{"taxonomy":"product_brand","embeddable":true,"href":"https:\/\/www.caroline-dechamby.com\/fr\/wp-json\/wp\/v2\/product_brand?post=9663"},{"taxonomy":"product_cat","embeddable":true,"href":"https:\/\/www.caroline-dechamby.com\/fr\/wp-json\/wp\/v2\/product_cat?post=9663"},{"taxonomy":"product_tag","embeddable":true,"href":"https:\/\/www.caroline-dechamby.com\/fr\/wp-json\/wp\/v2\/product_tag?post=9663"}],"curies":[{"name":"wp","href":"https:\/\/api.w.org\/{rel}","templated":true}]}}