{"id":9637,"date":"2016-10-13T10:36:08","date_gmt":"2016-10-13T10:36:08","guid":{"rendered":"https:\/\/www.caroline-dechamby.com\/dechamby\/product\/chrysalide\/"},"modified":"2019-08-14T13:25:02","modified_gmt":"2019-08-14T13:25:02","slug":"chrysalide","status":"publish","type":"product","link":"https:\/\/www.caroline-dechamby.com\/fr\/produit\/chrysalide\/","title":{"rendered":"Chrysalide &#8211; sold"},"content":{"rendered":"","protected":false},"excerpt":{"rendered":"<p>Pi\u00e8ce unique<\/p>\n<ul>\n<li>Or rose, 18 carats<\/li>\n<li>Figurine sculpt\u00e9e sertie de 62 pierres pr\u00e9cieuses (\u00e9meraudes, saphirs et diamants, diamants bruns)<\/li>\n<li>Couronne sertie d\u2019un diamant \u00bd carat<\/li>\n<li>Cadran repr\u00e9sentant des papillons peint \u00e0 l\u2019huile par Caroline Dechamby<\/li>\n<li>Glace en saphir<\/li>\n<li>Bracelet chocolat en alligator<\/li>\n<li>Mouvement automatique<\/li>\n<li>100% Swiss made<\/li>\n<\/ul>\n<p>Cette pi\u00e8ce a \u00e9t\u00e9 vendue.<\/p>\n<p><a href=\"https:\/\/www.caroline-dechamby.com\/fr\/produit\/chrysalide\/\" class=\"more-link style1-button\">Read More<\/a><\/p>","protected":false},"featured_media":5919,"comment_status":"closed","ping_status":"closed","template":"","meta":{"_acf_changed":false},"product_brand":[],"product_cat":[125],"product_tag":[],"class_list":{"0":"post-9637","1":"product","2":"type-product","3":"status-publish","4":"has-post-thumbnail","6":"product_cat-audace-fr","8":"first","9":"instock","10":"taxable","11":"shipping-taxable","12":"product-type-simple"},"acf":[],"yoast_head":"<!-- This site is optimized with the Yoast SEO plugin v27.4 - https:\/\/yoast.com\/product\/yoast-seo-wordpress\/ -->\n<title>Chrysalide - sold - Caroline Dechamby<\/title>\n<meta name=\"robots\" content=\"index, follow, max-snippet:-1, max-image-preview:large, max-video-preview:-1\" \/>\n<link rel=\"canonical\" href=\"https:\/\/www.caroline-dechamby.com\/fr\/produit\/chrysalide\/\" \/>\n<meta property=\"og:locale\" content=\"fr_FR\" \/>\n<meta property=\"og:type\" content=\"article\" \/>\n<meta property=\"og:title\" content=\"Chrysalide - sold - Caroline Dechamby\" \/>\n<meta property=\"og:description\" content=\"Pi\u00e8ce unique   Or rose, 18 carats  Figurine sculpt\u00e9e sertie de 62 pierres pr\u00e9cieuses (\u00e9meraudes, saphirs et diamants, diamants bruns)  Couronne sertie d\u2019un diamant \u00bd carat  Cadran repr\u00e9sentant des papillons peint \u00e0 l\u2019huile par Caroline Dechamby  Glace en saphir  Bracelet chocolat en alligator  Mouvement automatique  100% Swiss made  Cette pi\u00e8ce a \u00e9t\u00e9 vendue.\" \/>\n<meta property=\"og:url\" content=\"https:\/\/www.caroline-dechamby.com\/fr\/produit\/chrysalide\/\" \/>\n<meta property=\"og:site_name\" content=\"Caroline Dechamby\" \/>\n<meta property=\"article:modified_time\" content=\"2019-08-14T13:25:02+00:00\" \/>\n<meta property=\"og:image\" content=\"https:\/\/www.caroline-dechamby.com\/wp-content\/uploads\/2015\/07\/CHRYSALIDE_Soldat.jpg\" \/>\n\t<meta property=\"og:image:width\" content=\"448\" \/>\n\t<meta property=\"og:image:height\" content=\"600\" \/>\n\t<meta property=\"og:image:type\" content=\"image\/jpeg\" \/>\n<meta name=\"twitter:card\" content=\"summary_large_image\" \/>\n<script type=\"application\/ld+json\" class=\"yoast-schema-graph\">{\"@context\":\"https:\\\/\\\/schema.org\",\"@graph\":[{\"@type\":\"WebPage\",\"@id\":\"https:\\\/\\\/www.caroline-dechamby.com\\\/fr\\\/produit\\\/chrysalide\\\/\",\"url\":\"https:\\\/\\\/www.caroline-dechamby.com\\\/fr\\\/produit\\\/chrysalide\\\/\",\"name\":\"Chrysalide - sold - Caroline Dechamby\",\"isPartOf\":{\"@id\":\"https:\\\/\\\/www.caroline-dechamby.com\\\/fr\\\/#website\"},\"primaryImageOfPage\":{\"@id\":\"https:\\\/\\\/www.caroline-dechamby.com\\\/fr\\\/produit\\\/chrysalide\\\/#primaryimage\"},\"image\":{\"@id\":\"https:\\\/\\\/www.caroline-dechamby.com\\\/fr\\\/produit\\\/chrysalide\\\/#primaryimage\"},\"thumbnailUrl\":\"https:\\\/\\\/www.caroline-dechamby.com\\\/wp-content\\\/uploads\\\/2015\\\/07\\\/CHRYSALIDE_Soldat.jpg\",\"datePublished\":\"2016-10-13T10:36:08+00:00\",\"dateModified\":\"2019-08-14T13:25:02+00:00\",\"breadcrumb\":{\"@id\":\"https:\\\/\\\/www.caroline-dechamby.com\\\/fr\\\/produit\\\/chrysalide\\\/#breadcrumb\"},\"inLanguage\":\"fr-FR\",\"potentialAction\":[{\"@type\":\"ReadAction\",\"target\":[\"https:\\\/\\\/www.caroline-dechamby.com\\\/fr\\\/produit\\\/chrysalide\\\/\"]}]},{\"@type\":\"ImageObject\",\"inLanguage\":\"fr-FR\",\"@id\":\"https:\\\/\\\/www.caroline-dechamby.com\\\/fr\\\/produit\\\/chrysalide\\\/#primaryimage\",\"url\":\"https:\\\/\\\/www.caroline-dechamby.com\\\/wp-content\\\/uploads\\\/2015\\\/07\\\/CHRYSALIDE_Soldat.jpg\",\"contentUrl\":\"https:\\\/\\\/www.caroline-dechamby.com\\\/wp-content\\\/uploads\\\/2015\\\/07\\\/CHRYSALIDE_Soldat.jpg\",\"width\":448,\"height\":600},{\"@type\":\"BreadcrumbList\",\"@id\":\"https:\\\/\\\/www.caroline-dechamby.com\\\/fr\\\/produit\\\/chrysalide\\\/#breadcrumb\",\"itemListElement\":[{\"@type\":\"ListItem\",\"position\":1,\"name\":\"Home\",\"item\":\"https:\\\/\\\/www.caroline-dechamby.com\\\/fr\\\/\"},{\"@type\":\"ListItem\",\"position\":2,\"name\":\"Maroquinerie\",\"item\":\"https:\\\/\\\/www.caroline-dechamby.com\\\/fr\\\/maroquinerie-3\\\/\"},{\"@type\":\"ListItem\",\"position\":3,\"name\":\"Chrysalide &#8211; sold\"}]},{\"@type\":\"WebSite\",\"@id\":\"https:\\\/\\\/www.caroline-dechamby.com\\\/fr\\\/#website\",\"url\":\"https:\\\/\\\/www.caroline-dechamby.com\\\/fr\\\/\",\"name\":\"Caroline Dechamby\",\"description\":\"\",\"publisher\":{\"@id\":\"https:\\\/\\\/www.caroline-dechamby.com\\\/fr\\\/#organization\"},\"potentialAction\":[{\"@type\":\"SearchAction\",\"target\":{\"@type\":\"EntryPoint\",\"urlTemplate\":\"https:\\\/\\\/www.caroline-dechamby.com\\\/fr\\\/?s={search_term_string}\"},\"query-input\":{\"@type\":\"PropertyValueSpecification\",\"valueRequired\":true,\"valueName\":\"search_term_string\"}}],\"inLanguage\":\"fr-FR\"},{\"@type\":\"Organization\",\"@id\":\"https:\\\/\\\/www.caroline-dechamby.com\\\/fr\\\/#organization\",\"name\":\"Caroline Dechamby\",\"url\":\"https:\\\/\\\/www.caroline-dechamby.com\\\/fr\\\/\",\"logo\":{\"@type\":\"ImageObject\",\"inLanguage\":\"fr-FR\",\"@id\":\"https:\\\/\\\/www.caroline-dechamby.com\\\/fr\\\/#\\\/schema\\\/logo\\\/image\\\/\",\"url\":\"https:\\\/\\\/www.caroline-dechamby.com\\\/wp-content\\\/uploads\\\/2016\\\/08\\\/caroline-dechamby-logo.png\",\"contentUrl\":\"https:\\\/\\\/www.caroline-dechamby.com\\\/wp-content\\\/uploads\\\/2016\\\/08\\\/caroline-dechamby-logo.png\",\"width\":138,\"height\":113,\"caption\":\"Caroline Dechamby\"},\"image\":{\"@id\":\"https:\\\/\\\/www.caroline-dechamby.com\\\/fr\\\/#\\\/schema\\\/logo\\\/image\\\/\"}}]}<\/script>\n<!-- \/ Yoast SEO plugin. -->","yoast_head_json":{"title":"Chrysalide - sold - Caroline Dechamby","robots":{"index":"index","follow":"follow","max-snippet":"max-snippet:-1","max-image-preview":"max-image-preview:large","max-video-preview":"max-video-preview:-1"},"canonical":"https:\/\/www.caroline-dechamby.com\/fr\/produit\/chrysalide\/","og_locale":"fr_FR","og_type":"article","og_title":"Chrysalide - sold - Caroline Dechamby","og_description":"Pi\u00e8ce unique   Or rose, 18 carats  Figurine sculpt\u00e9e sertie de 62 pierres pr\u00e9cieuses (\u00e9meraudes, saphirs et diamants, diamants bruns)  Couronne sertie d\u2019un diamant \u00bd carat  Cadran repr\u00e9sentant des papillons peint \u00e0 l\u2019huile par Caroline Dechamby  Glace en saphir  Bracelet chocolat en alligator  Mouvement automatique  100% Swiss made  Cette pi\u00e8ce a \u00e9t\u00e9 vendue.","og_url":"https:\/\/www.caroline-dechamby.com\/fr\/produit\/chrysalide\/","og_site_name":"Caroline Dechamby","article_modified_time":"2019-08-14T13:25:02+00:00","og_image":[{"width":448,"height":600,"url":"https:\/\/www.caroline-dechamby.com\/wp-content\/uploads\/2015\/07\/CHRYSALIDE_Soldat.jpg","type":"image\/jpeg"}],"twitter_card":"summary_large_image","schema":{"@context":"https:\/\/schema.org","@graph":[{"@type":"WebPage","@id":"https:\/\/www.caroline-dechamby.com\/fr\/produit\/chrysalide\/","url":"https:\/\/www.caroline-dechamby.com\/fr\/produit\/chrysalide\/","name":"Chrysalide - sold - Caroline Dechamby","isPartOf":{"@id":"https:\/\/www.caroline-dechamby.com\/fr\/#website"},"primaryImageOfPage":{"@id":"https:\/\/www.caroline-dechamby.com\/fr\/produit\/chrysalide\/#primaryimage"},"image":{"@id":"https:\/\/www.caroline-dechamby.com\/fr\/produit\/chrysalide\/#primaryimage"},"thumbnailUrl":"https:\/\/www.caroline-dechamby.com\/wp-content\/uploads\/2015\/07\/CHRYSALIDE_Soldat.jpg","datePublished":"2016-10-13T10:36:08+00:00","dateModified":"2019-08-14T13:25:02+00:00","breadcrumb":{"@id":"https:\/\/www.caroline-dechamby.com\/fr\/produit\/chrysalide\/#breadcrumb"},"inLanguage":"fr-FR","potentialAction":[{"@type":"ReadAction","target":["https:\/\/www.caroline-dechamby.com\/fr\/produit\/chrysalide\/"]}]},{"@type":"ImageObject","inLanguage":"fr-FR","@id":"https:\/\/www.caroline-dechamby.com\/fr\/produit\/chrysalide\/#primaryimage","url":"https:\/\/www.caroline-dechamby.com\/wp-content\/uploads\/2015\/07\/CHRYSALIDE_Soldat.jpg","contentUrl":"https:\/\/www.caroline-dechamby.com\/wp-content\/uploads\/2015\/07\/CHRYSALIDE_Soldat.jpg","width":448,"height":600},{"@type":"BreadcrumbList","@id":"https:\/\/www.caroline-dechamby.com\/fr\/produit\/chrysalide\/#breadcrumb","itemListElement":[{"@type":"ListItem","position":1,"name":"Home","item":"https:\/\/www.caroline-dechamby.com\/fr\/"},{"@type":"ListItem","position":2,"name":"Maroquinerie","item":"https:\/\/www.caroline-dechamby.com\/fr\/maroquinerie-3\/"},{"@type":"ListItem","position":3,"name":"Chrysalide &#8211; sold"}]},{"@type":"WebSite","@id":"https:\/\/www.caroline-dechamby.com\/fr\/#website","url":"https:\/\/www.caroline-dechamby.com\/fr\/","name":"Caroline Dechamby","description":"","publisher":{"@id":"https:\/\/www.caroline-dechamby.com\/fr\/#organization"},"potentialAction":[{"@type":"SearchAction","target":{"@type":"EntryPoint","urlTemplate":"https:\/\/www.caroline-dechamby.com\/fr\/?s={search_term_string}"},"query-input":{"@type":"PropertyValueSpecification","valueRequired":true,"valueName":"search_term_string"}}],"inLanguage":"fr-FR"},{"@type":"Organization","@id":"https:\/\/www.caroline-dechamby.com\/fr\/#organization","name":"Caroline Dechamby","url":"https:\/\/www.caroline-dechamby.com\/fr\/","logo":{"@type":"ImageObject","inLanguage":"fr-FR","@id":"https:\/\/www.caroline-dechamby.com\/fr\/#\/schema\/logo\/image\/","url":"https:\/\/www.caroline-dechamby.com\/wp-content\/uploads\/2016\/08\/caroline-dechamby-logo.png","contentUrl":"https:\/\/www.caroline-dechamby.com\/wp-content\/uploads\/2016\/08\/caroline-dechamby-logo.png","width":138,"height":113,"caption":"Caroline Dechamby"},"image":{"@id":"https:\/\/www.caroline-dechamby.com\/fr\/#\/schema\/logo\/image\/"}}]}},"_links":{"self":[{"href":"https:\/\/www.caroline-dechamby.com\/fr\/wp-json\/wp\/v2\/product\/9637","targetHints":{"allow":["GET"]}}],"collection":[{"href":"https:\/\/www.caroline-dechamby.com\/fr\/wp-json\/wp\/v2\/product"}],"about":[{"href":"https:\/\/www.caroline-dechamby.com\/fr\/wp-json\/wp\/v2\/types\/product"}],"replies":[{"embeddable":true,"href":"https:\/\/www.caroline-dechamby.com\/fr\/wp-json\/wp\/v2\/comments?post=9637"}],"wp:featuredmedia":[{"embeddable":true,"href":"https:\/\/www.caroline-dechamby.com\/fr\/wp-json\/wp\/v2\/media\/5919"}],"wp:attachment":[{"href":"https:\/\/www.caroline-dechamby.com\/fr\/wp-json\/wp\/v2\/media?parent=9637"}],"wp:term":[{"taxonomy":"product_brand","embeddable":true,"href":"https:\/\/www.caroline-dechamby.com\/fr\/wp-json\/wp\/v2\/product_brand?post=9637"},{"taxonomy":"product_cat","embeddable":true,"href":"https:\/\/www.caroline-dechamby.com\/fr\/wp-json\/wp\/v2\/product_cat?post=9637"},{"taxonomy":"product_tag","embeddable":true,"href":"https:\/\/www.caroline-dechamby.com\/fr\/wp-json\/wp\/v2\/product_tag?post=9637"}],"curies":[{"name":"wp","href":"https:\/\/api.w.org\/{rel}","templated":true}]}}