{"id":9804,"date":"2017-03-14T14:20:21","date_gmt":"2017-03-14T14:20:21","guid":{"rendered":"https:\/\/www.caroline-dechamby.com\/dechamby\/?page_id=9804\/"},"modified":"2023-05-25T12:49:03","modified_gmt":"2023-05-25T12:49:03","slug":"atelier","status":"publish","type":"page","link":"https:\/\/www.caroline-dechamby.com\/fr\/atelier\/","title":{"rendered":"Atelier"},"content":{"rendered":"<div  class=\"tatsu-heax1o2k1o1yv25t tatsu-section  tatsu-bg-overlay   tatsu-clearfix\" data-title=\"\"  data-headerscheme=\"background--light\"><div class='tatsu-section-pad clearfix' data-padding='{\"d\":\"80px 0% 80px 0%\"}' data-padding-top='80px'><div class=\"tatsu-row-wrap  tatsu-wrap tatsu-row-one-col tatsu-row-has-one-cols tatsu-medium-gutter tatsu-reg-cols  tatsu-clearfix tatsu-heax1o2k37c8drss\" ><div  class=\"tatsu-row \" ><div  class=\"tatsu-column  tatsu-bg-overlay tatsu-one-col tatsu-column-image-none tatsu-column-effect-none  tatsu-heax1o2k4ll72wh\"  data-parallax-speed=\"0\" style=\"\"><div class=\"tatsu-column-inner \" ><div class=\"tatsu-column-pad-wrap\"><div class=\"tatsu-column-pad\" ><div  class=\"tatsu-module tatsu-text-block-wrap tatsu-heax1o2k608okjdf  \"><div class=\"tatsu-text-inner  tatsu-animate clearfix\" data-animation=\"fadeIn\"  ><style>.tatsu-heax1o2k608okjdf.tatsu-text-block-wrap .tatsu-text-inner{text-align: left;}<\/style>\n<h3 style=\"text-align: center\">Atelier<\/h3>\n<p style=\"text-align: justify\"><span style=\"font-size: 14pt\">\u00ab Reprenant les enseignements de mes exp\u00e9riences avec la s\u00e9rie Erotics, j\u2019ai commenc\u00e9 \u00e0 me mettre en sc\u00e8ne sur du Plexiglas devant mes peintures sur toile, dans une d\u00e9marche introspective. \u00bb<br \/>\nCette mise en sc\u00e8ne devient d\u00e8s lors la signature de Caroline, son originalit\u00e9, tout en m\u00e9langeant techniques traditionnelles et contemporaines (peinture \u00e0 l\u2019huile, toile et Plexiglas).<br \/>\n<\/span><\/p>\n<\/div><\/div><div  class=\"portfolio-all-wrap  oshine-gallery-module 0 tatsu-heax1o2k818uvszj  \" ><div class=\"portfolio  full-screen  full-screen-gutter style1-gutter three-col masonry_enable \" style=\"margin-right: 40px;\"  data-action=\"get_be_gallery_with_pagination\"  data-paged=\"1\" data-enable-masonry=\"1\" data-aspect-ratio = \"1.6\" data-source='{\"source\":\"selected\",\"account_name\":\"Caroline Dechamby\",\"count\":\"10\",\"col\":\"three\",\"masonry\":\"1\"}' data-gutter-width=\"40\"  data-images-array=\"4005,4011,4006,4009,4008,4010,4007,4279\" data-col=\"three\" data-items-per-load=\"9\" data-hover-style=\"style1-hover\" data-image-grayscale=\"c_to_c\" data-lightbox-type=\"photoswipe\" data-image-source=\"selected\" data-image-effect=\"zoom-in\" data-thumb-overlay-color=\"rgba(4,5,107,0.85)\" data-grad-style-color=\"background:rgba(4,5,107,0.85)\" data-like-button=\"0\" data-hover-content=\"icon\" data-hover-content-color=\"\" ><div class=\"portfolio-container clickable clearfix portfolio-shortcode be-photoswipe-gallery none \"><div class=\"element be-hoverlay not-wide no-wide-width-height style1-hover c_to_c\" style=\"margin-bottom: 40px;\"><div class=\"element-inner\" style=\"margin-left: 40px;\"><a href=\"https:\/\/www.caroline-dechamby.com\/wp-content\/uploads\/2015\/07\/Atelier-roses.jpeg\" data-size=\"405x500\" data-href=\"https:\/\/www.caroline-dechamby.com\/wp-content\/uploads\/2015\/07\/Atelier-roses.jpeg\" class=\"thumb-wrap\" title=\"Atelier roses rouges, oil on canvas and on Plexiglas, 120x150 cm, 2008\"><div class=\"flip-wrap\"><div data-aspect-ratio=\"0.81\" style = \"padding-bottom : 123.45679012346%;;\" class=\"flip-img-wrap zoom-in-effect\"><img decoding=\"async\" src=\"https:\/\/www.caroline-dechamby.com\/wp-content\/uploads\/2015\/07\/Atelier-roses.jpeg\" alt=\"\" data-attr=\"0\"\/><\/div><\/div><div class=\"thumb-overlay\"><div class=\"thumb-bg\" style=\"background-color:rgba(4,5,107,0.85);background:rgba(4,5,107,0.85)\"><div class=\"thumb-title-wrap display-table-cell vertical-align-middle align-center fadeIn animated\"><div class=\"thumb-title\" style=\"color:;\"><i class=\"portfolio-overlay-icon\"><\/i><\/div><\/div><\/div><\/div><\/a><div class=\"gallery-like like-button-wrap\"><a href=\"#\" class=\"custom-like-button no-liked\" data-post-id=\"4005\"><i class=\"font-icon icon-icon_heart\"><\/i><span>0<\/span><\/a><\/div><\/div><\/div><div class=\"element be-hoverlay not-wide no-wide-width-height style1-hover c_to_c\" style=\"margin-bottom: 40px;\"><div class=\"element-inner\" style=\"margin-left: 40px;\"><a href=\"https:\/\/www.caroline-dechamby.com\/wp-content\/uploads\/2015\/07\/atelier-roses-blanches.jpeg\" data-size=\"407x500\" data-href=\"https:\/\/www.caroline-dechamby.com\/wp-content\/uploads\/2015\/07\/atelier-roses-blanches.jpeg\" class=\"thumb-wrap\" title=\"Atelier roses blanches, oil on canvas and on Plexiglas, 120x150 cm, 2008\"><div class=\"flip-wrap\"><div data-aspect-ratio=\"0.81\" style = \"padding-bottom : 122.85012285012%;;\" class=\"flip-img-wrap zoom-in-effect\"><img decoding=\"async\" src=\"https:\/\/www.caroline-dechamby.com\/wp-content\/uploads\/2015\/07\/atelier-roses-blanches.jpeg\" alt=\"\" data-attr=\"0\"\/><\/div><\/div><div class=\"thumb-overlay\"><div class=\"thumb-bg\" style=\"background-color:rgba(4,5,107,0.85);background:rgba(4,5,107,0.85)\"><div class=\"thumb-title-wrap display-table-cell vertical-align-middle align-center fadeIn animated\"><div class=\"thumb-title\" style=\"color:;\"><i class=\"portfolio-overlay-icon\"><\/i><\/div><\/div><\/div><\/div><\/a><div class=\"gallery-like like-button-wrap\"><a href=\"#\" class=\"custom-like-button no-liked\" data-post-id=\"4011\"><i class=\"font-icon icon-icon_heart\"><\/i><span>0<\/span><\/a><\/div><\/div><\/div><div class=\"element be-hoverlay not-wide no-wide-width-height style1-hover c_to_c\" style=\"margin-bottom: 40px;\"><div class=\"element-inner\" style=\"margin-left: 40px;\"><a href=\"https:\/\/www.caroline-dechamby.com\/wp-content\/uploads\/2015\/07\/Autop.jpeg\" data-size=\"404x500\" data-href=\"https:\/\/www.caroline-dechamby.com\/wp-content\/uploads\/2015\/07\/Autop.jpeg\" class=\"thumb-wrap\" title=\"Autoportrait, oil on canvas and on Plexiglas, 120x150 cm, 2008\"><div class=\"flip-wrap\"><div data-aspect-ratio=\"0.81\" style = \"padding-bottom : 123.76237623762%;;\" class=\"flip-img-wrap zoom-in-effect\"><img decoding=\"async\" src=\"https:\/\/www.caroline-dechamby.com\/wp-content\/uploads\/2015\/07\/Autop.jpeg\" alt=\"\" data-attr=\"0\"\/><\/div><\/div><div class=\"thumb-overlay\"><div class=\"thumb-bg\" style=\"background-color:rgba(4,5,107,0.85);background:rgba(4,5,107,0.85)\"><div class=\"thumb-title-wrap display-table-cell vertical-align-middle align-center fadeIn animated\"><div class=\"thumb-title\" style=\"color:;\"><i class=\"portfolio-overlay-icon\"><\/i><\/div><\/div><\/div><\/div><\/a><div class=\"gallery-like like-button-wrap\"><a href=\"#\" class=\"custom-like-button no-liked\" data-post-id=\"4006\"><i class=\"font-icon icon-icon_heart\"><\/i><span>0<\/span><\/a><\/div><\/div><\/div><div class=\"element be-hoverlay not-wide no-wide-width-height style1-hover c_to_c\" style=\"margin-bottom: 40px;\"><div class=\"element-inner\" style=\"margin-left: 40px;\"><a href=\"https:\/\/www.caroline-dechamby.com\/wp-content\/uploads\/2015\/07\/atelier-ange.jpeg\" data-size=\"405x500\" data-href=\"https:\/\/www.caroline-dechamby.com\/wp-content\/uploads\/2015\/07\/atelier-ange.jpeg\" class=\"thumb-wrap\" title=\"Atelier ange gardien, oil on canvas and on Plexiglas, 120x150 cm, 2008\"><div class=\"flip-wrap\"><div data-aspect-ratio=\"0.81\" style = \"padding-bottom : 123.45679012346%;;\" class=\"flip-img-wrap zoom-in-effect\"><img decoding=\"async\" src=\"https:\/\/www.caroline-dechamby.com\/wp-content\/uploads\/2015\/07\/atelier-ange.jpeg\" alt=\"\" data-attr=\"0\"\/><\/div><\/div><div class=\"thumb-overlay\"><div class=\"thumb-bg\" style=\"background-color:rgba(4,5,107,0.85);background:rgba(4,5,107,0.85)\"><div class=\"thumb-title-wrap display-table-cell vertical-align-middle align-center fadeIn animated\"><div class=\"thumb-title\" style=\"color:;\"><i class=\"portfolio-overlay-icon\"><\/i><\/div><\/div><\/div><\/div><\/a><div class=\"gallery-like like-button-wrap\"><a href=\"#\" class=\"custom-like-button no-liked\" data-post-id=\"4009\"><i class=\"font-icon icon-icon_heart\"><\/i><span>0<\/span><\/a><\/div><\/div><\/div><div class=\"element be-hoverlay not-wide no-wide-width-height style1-hover c_to_c\" style=\"margin-bottom: 40px;\"><div class=\"element-inner\" style=\"margin-left: 40px;\"><a href=\"https:\/\/www.caroline-dechamby.com\/wp-content\/uploads\/2015\/07\/atelier-herbe.jpeg\" data-size=\"402x500\" data-href=\"https:\/\/www.caroline-dechamby.com\/wp-content\/uploads\/2015\/07\/atelier-herbe.jpeg\" class=\"thumb-wrap\" title=\"Atelier Herbe, oil on canvas and on Plexiglas, 120x150 cm, 2008\"><div class=\"flip-wrap\"><div data-aspect-ratio=\"0.8\" style = \"padding-bottom : 124.37810945274%;;\" class=\"flip-img-wrap zoom-in-effect\"><img decoding=\"async\" src=\"https:\/\/www.caroline-dechamby.com\/wp-content\/uploads\/2015\/07\/atelier-herbe.jpeg\" alt=\"\" data-attr=\"0\"\/><\/div><\/div><div class=\"thumb-overlay\"><div class=\"thumb-bg\" style=\"background-color:rgba(4,5,107,0.85);background:rgba(4,5,107,0.85)\"><div class=\"thumb-title-wrap display-table-cell vertical-align-middle align-center fadeIn animated\"><div class=\"thumb-title\" style=\"color:;\"><i class=\"portfolio-overlay-icon\"><\/i><\/div><\/div><\/div><\/div><\/a><div class=\"gallery-like like-button-wrap\"><a href=\"#\" class=\"custom-like-button no-liked\" data-post-id=\"4008\"><i class=\"font-icon icon-icon_heart\"><\/i><span>0<\/span><\/a><\/div><\/div><\/div><div class=\"element be-hoverlay not-wide no-wide-width-height style1-hover c_to_c\" style=\"margin-bottom: 40px;\"><div class=\"element-inner\" style=\"margin-left: 40px;\"><a href=\"https:\/\/www.caroline-dechamby.com\/wp-content\/uploads\/2015\/07\/atelier-orange.jpeg\" data-size=\"404x500\" data-href=\"https:\/\/www.caroline-dechamby.com\/wp-content\/uploads\/2015\/07\/atelier-orange.jpeg\" class=\"thumb-wrap\" title=\"Atelier oranges, oil on canvas and on Plexiglas, 120x150 cm, 2008\"><div class=\"flip-wrap\"><div data-aspect-ratio=\"0.81\" style = \"padding-bottom : 123.76237623762%;;\" class=\"flip-img-wrap zoom-in-effect\"><img decoding=\"async\" src=\"https:\/\/www.caroline-dechamby.com\/wp-content\/uploads\/2015\/07\/atelier-orange.jpeg\" alt=\"\" data-attr=\"0\"\/><\/div><\/div><div class=\"thumb-overlay\"><div class=\"thumb-bg\" style=\"background-color:rgba(4,5,107,0.85);background:rgba(4,5,107,0.85)\"><div class=\"thumb-title-wrap display-table-cell vertical-align-middle align-center fadeIn animated\"><div class=\"thumb-title\" style=\"color:;\"><i class=\"portfolio-overlay-icon\"><\/i><\/div><\/div><\/div><\/div><\/a><div class=\"gallery-like like-button-wrap\"><a href=\"#\" class=\"custom-like-button no-liked\" data-post-id=\"4010\"><i class=\"font-icon icon-icon_heart\"><\/i><span>0<\/span><\/a><\/div><\/div><\/div><div class=\"element be-hoverlay not-wide no-wide-width-height style1-hover c_to_c\" style=\"margin-bottom: 40px;\"><div class=\"element-inner\" style=\"margin-left: 40px;\"><a href=\"https:\/\/www.caroline-dechamby.com\/wp-content\/uploads\/2015\/07\/design.jpeg\" data-size=\"399x500\" data-href=\"https:\/\/www.caroline-dechamby.com\/wp-content\/uploads\/2015\/07\/design.jpeg\" class=\"thumb-wrap\" title=\"Design, oil on canvas and on Plexiglas, 120x150 cm, 2008\"><div class=\"flip-wrap\"><div data-aspect-ratio=\"0.8\" style = \"padding-bottom : 125.31328320802%;;\" class=\"flip-img-wrap zoom-in-effect\"><img decoding=\"async\" src=\"https:\/\/www.caroline-dechamby.com\/wp-content\/uploads\/2015\/07\/design.jpeg\" alt=\"\" data-attr=\"0\"\/><\/div><\/div><div class=\"thumb-overlay\"><div class=\"thumb-bg\" style=\"background-color:rgba(4,5,107,0.85);background:rgba(4,5,107,0.85)\"><div class=\"thumb-title-wrap display-table-cell vertical-align-middle align-center fadeIn animated\"><div class=\"thumb-title\" style=\"color:;\"><i class=\"portfolio-overlay-icon\"><\/i><\/div><\/div><\/div><\/div><\/a><div class=\"gallery-like like-button-wrap\"><a href=\"#\" class=\"custom-like-button no-liked\" data-post-id=\"4007\"><i class=\"font-icon icon-icon_heart\"><\/i><span>0<\/span><\/a><\/div><\/div><\/div><div class=\"element be-hoverlay not-wide no-wide-width-height style1-hover c_to_c\" style=\"margin-bottom: 40px;\"><div class=\"element-inner\" style=\"margin-left: 40px;\"><a href=\"https:\/\/www.caroline-dechamby.com\/wp-content\/uploads\/2015\/07\/Atelier-Roses-Multicolores-120-x-150-cm-2008-298-e1486554443978.jpg\" data-size=\"396x500\" data-href=\"https:\/\/www.caroline-dechamby.com\/wp-content\/uploads\/2015\/07\/Atelier-Roses-Multicolores-120-x-150-cm-2008-298-e1486554443978.jpg\" class=\"thumb-wrap\" title=\"Atelier roses multicolores, oil on canvas and on Plexiglas, 120x150 cm, 2008\n\"><div class=\"flip-wrap\"><div data-aspect-ratio=\"0.79\" style = \"padding-bottom : 126.26262626263%;;\" class=\"flip-img-wrap zoom-in-effect\"><img decoding=\"async\" src=\"https:\/\/www.caroline-dechamby.com\/wp-content\/uploads\/2015\/07\/Atelier-Roses-Multicolores-120-x-150-cm-2008-298-650x820.jpg\" alt=\"\" data-attr=\"0\"\/><\/div><\/div><div class=\"thumb-overlay\"><div class=\"thumb-bg\" style=\"background-color:rgba(4,5,107,0.85);background:rgba(4,5,107,0.85)\"><div class=\"thumb-title-wrap display-table-cell vertical-align-middle align-center fadeIn animated\"><div class=\"thumb-title\" style=\"color:;\"><i class=\"portfolio-overlay-icon\"><\/i><\/div><\/div><\/div><\/div><\/a><div class=\"gallery-like like-button-wrap\"><a href=\"#\" class=\"custom-like-button no-liked\" data-post-id=\"4279\"><i class=\"font-icon icon-icon_heart\"><\/i><span>0<\/span><\/a><\/div><\/div><\/div><\/div><\/div><\/div><\/div><\/div><div class = \"tatsu-column-bg-image-wrap\"><div class = \"tatsu-column-bg-image tatsu-bg-lazyload\" data-src = \"\"><\/div><\/div><div class=\"tatsu-overlay tatsu-column-overlay tatsu-animate-none\" ><\/div><\/div><style>.tatsu-row > .tatsu-heax1o2k4ll72wh.tatsu-column{width: 100%;}.tatsu-heax1o2k4ll72wh.tatsu-column > .tatsu-column-inner > .tatsu-column-overlay{mix-blend-mode: normal;}.tatsu-heax1o2k4ll72wh > .tatsu-column-inner > .tatsu-top-divider{z-index: 9999;}.tatsu-heax1o2k4ll72wh > .tatsu-column-inner > .tatsu-bottom-divider{z-index: 9999;}.tatsu-heax1o2k4ll72wh > .tatsu-column-inner > .tatsu-left-divider{z-index: 9999;}.tatsu-heax1o2k4ll72wh > .tatsu-column-inner > .tatsu-right-divider{z-index: 9999;}<\/style><\/div><\/div><\/div><\/div><div class=\"tatsu-section-background-wrap\"><div class = \"tatsu-section-background tatsu-bg-lazyload\" data-src = \"\"><\/div><\/div><div class=\"tatsu-overlay tatsu-section-overlay\"><\/div><style>.tatsu-heax1o2k1o1yv25t{border-width: 0px 0px px 0px;border-style: solid;}.tatsu-heax1o2k1o1yv25t .tatsu-section-pad{padding: 80px 0% 80px 0%;}.tatsu-heax1o2k1o1yv25t > .tatsu-bottom-divider{z-index: 9999;}.tatsu-heax1o2k1o1yv25t > .tatsu-top-divider{z-index: 9999;}.tatsu-heax1o2k1o1yv25t .tatsu-section-overlay{mix-blend-mode: normal;}<\/style><\/div>\n","protected":false},"excerpt":{"rendered":"<p><a href=\"https:\/\/www.caroline-dechamby.com\/fr\/atelier\/\" class=\"more-link style1-button\">Read More<\/a><\/p>","protected":false},"author":7,"featured_media":0,"parent":0,"menu_order":0,"comment_status":"open","ping_status":"open","template":"","meta":{"_acf_changed":false,"footnotes":""},"class_list":["post-9804","page","type-page","status-publish","hentry"],"acf":[],"yoast_head":"<!-- This site is optimized with the Yoast SEO plugin v27.3 - https:\/\/yoast.com\/product\/yoast-seo-wordpress\/ -->\n<title>Atelier<\/title>\n<meta name=\"description\" content=\"L\u2019artiste se met en sc\u00e8ne devant ses peintures\" \/>\n<meta name=\"robots\" content=\"index, follow, max-snippet:-1, max-image-preview:large, max-video-preview:-1\" \/>\n<link rel=\"canonical\" href=\"https:\/\/www.caroline-dechamby.com\/fr\/atelier\/\" \/>\n<meta property=\"og:locale\" content=\"fr_FR\" \/>\n<meta property=\"og:type\" content=\"article\" \/>\n<meta property=\"og:title\" content=\"Atelier\" \/>\n<meta property=\"og:description\" content=\"L\u2019artiste se met en sc\u00e8ne devant ses peintures\" \/>\n<meta property=\"og:url\" content=\"https:\/\/www.caroline-dechamby.com\/fr\/atelier\/\" \/>\n<meta property=\"og:site_name\" content=\"Caroline Dechamby\" \/>\n<meta property=\"article:modified_time\" content=\"2023-05-25T12:49:03+00:00\" \/>\n<meta name=\"twitter:card\" content=\"summary_large_image\" \/>\n<meta name=\"twitter:label1\" content=\"Dur\u00e9e de lecture estim\u00e9e\" \/>\n\t<meta name=\"twitter:data1\" content=\"4 minutes\" \/>\n<script type=\"application\/ld+json\" class=\"yoast-schema-graph\">{\"@context\":\"https:\\\/\\\/schema.org\",\"@graph\":[{\"@type\":\"WebPage\",\"@id\":\"https:\\\/\\\/www.caroline-dechamby.com\\\/fr\\\/atelier\\\/\",\"url\":\"https:\\\/\\\/www.caroline-dechamby.com\\\/fr\\\/atelier\\\/\",\"name\":\"Atelier\",\"isPartOf\":{\"@id\":\"https:\\\/\\\/www.caroline-dechamby.com\\\/fr\\\/#website\"},\"datePublished\":\"2017-03-14T14:20:21+00:00\",\"dateModified\":\"2023-05-25T12:49:03+00:00\",\"description\":\"L\u2019artiste se met en sc\u00e8ne devant ses peintures\",\"breadcrumb\":{\"@id\":\"https:\\\/\\\/www.caroline-dechamby.com\\\/fr\\\/atelier\\\/#breadcrumb\"},\"inLanguage\":\"fr-FR\",\"potentialAction\":[{\"@type\":\"ReadAction\",\"target\":[\"https:\\\/\\\/www.caroline-dechamby.com\\\/fr\\\/atelier\\\/\"]}]},{\"@type\":\"BreadcrumbList\",\"@id\":\"https:\\\/\\\/www.caroline-dechamby.com\\\/fr\\\/atelier\\\/#breadcrumb\",\"itemListElement\":[{\"@type\":\"ListItem\",\"position\":1,\"name\":\"Home\",\"item\":\"https:\\\/\\\/www.caroline-dechamby.com\\\/fr\\\/\"},{\"@type\":\"ListItem\",\"position\":2,\"name\":\"Atelier\"}]},{\"@type\":\"WebSite\",\"@id\":\"https:\\\/\\\/www.caroline-dechamby.com\\\/fr\\\/#website\",\"url\":\"https:\\\/\\\/www.caroline-dechamby.com\\\/fr\\\/\",\"name\":\"Caroline Dechamby\",\"description\":\"\",\"publisher\":{\"@id\":\"https:\\\/\\\/www.caroline-dechamby.com\\\/fr\\\/#organization\"},\"potentialAction\":[{\"@type\":\"SearchAction\",\"target\":{\"@type\":\"EntryPoint\",\"urlTemplate\":\"https:\\\/\\\/www.caroline-dechamby.com\\\/fr\\\/?s={search_term_string}\"},\"query-input\":{\"@type\":\"PropertyValueSpecification\",\"valueRequired\":true,\"valueName\":\"search_term_string\"}}],\"inLanguage\":\"fr-FR\"},{\"@type\":\"Organization\",\"@id\":\"https:\\\/\\\/www.caroline-dechamby.com\\\/fr\\\/#organization\",\"name\":\"Caroline Dechamby\",\"url\":\"https:\\\/\\\/www.caroline-dechamby.com\\\/fr\\\/\",\"logo\":{\"@type\":\"ImageObject\",\"inLanguage\":\"fr-FR\",\"@id\":\"https:\\\/\\\/www.caroline-dechamby.com\\\/fr\\\/#\\\/schema\\\/logo\\\/image\\\/\",\"url\":\"https:\\\/\\\/www.caroline-dechamby.com\\\/wp-content\\\/uploads\\\/2016\\\/08\\\/caroline-dechamby-logo.png\",\"contentUrl\":\"https:\\\/\\\/www.caroline-dechamby.com\\\/wp-content\\\/uploads\\\/2016\\\/08\\\/caroline-dechamby-logo.png\",\"width\":138,\"height\":113,\"caption\":\"Caroline Dechamby\"},\"image\":{\"@id\":\"https:\\\/\\\/www.caroline-dechamby.com\\\/fr\\\/#\\\/schema\\\/logo\\\/image\\\/\"}}]}<\/script>\n<!-- \/ Yoast SEO plugin. -->","yoast_head_json":{"title":"Atelier","description":"L\u2019artiste se met en sc\u00e8ne devant ses peintures","robots":{"index":"index","follow":"follow","max-snippet":"max-snippet:-1","max-image-preview":"max-image-preview:large","max-video-preview":"max-video-preview:-1"},"canonical":"https:\/\/www.caroline-dechamby.com\/fr\/atelier\/","og_locale":"fr_FR","og_type":"article","og_title":"Atelier","og_description":"L\u2019artiste se met en sc\u00e8ne devant ses peintures","og_url":"https:\/\/www.caroline-dechamby.com\/fr\/atelier\/","og_site_name":"Caroline Dechamby","article_modified_time":"2023-05-25T12:49:03+00:00","twitter_card":"summary_large_image","twitter_misc":{"Dur\u00e9e de lecture estim\u00e9e":"4 minutes"},"schema":{"@context":"https:\/\/schema.org","@graph":[{"@type":"WebPage","@id":"https:\/\/www.caroline-dechamby.com\/fr\/atelier\/","url":"https:\/\/www.caroline-dechamby.com\/fr\/atelier\/","name":"Atelier","isPartOf":{"@id":"https:\/\/www.caroline-dechamby.com\/fr\/#website"},"datePublished":"2017-03-14T14:20:21+00:00","dateModified":"2023-05-25T12:49:03+00:00","description":"L\u2019artiste se met en sc\u00e8ne devant ses peintures","breadcrumb":{"@id":"https:\/\/www.caroline-dechamby.com\/fr\/atelier\/#breadcrumb"},"inLanguage":"fr-FR","potentialAction":[{"@type":"ReadAction","target":["https:\/\/www.caroline-dechamby.com\/fr\/atelier\/"]}]},{"@type":"BreadcrumbList","@id":"https:\/\/www.caroline-dechamby.com\/fr\/atelier\/#breadcrumb","itemListElement":[{"@type":"ListItem","position":1,"name":"Home","item":"https:\/\/www.caroline-dechamby.com\/fr\/"},{"@type":"ListItem","position":2,"name":"Atelier"}]},{"@type":"WebSite","@id":"https:\/\/www.caroline-dechamby.com\/fr\/#website","url":"https:\/\/www.caroline-dechamby.com\/fr\/","name":"Caroline Dechamby","description":"","publisher":{"@id":"https:\/\/www.caroline-dechamby.com\/fr\/#organization"},"potentialAction":[{"@type":"SearchAction","target":{"@type":"EntryPoint","urlTemplate":"https:\/\/www.caroline-dechamby.com\/fr\/?s={search_term_string}"},"query-input":{"@type":"PropertyValueSpecification","valueRequired":true,"valueName":"search_term_string"}}],"inLanguage":"fr-FR"},{"@type":"Organization","@id":"https:\/\/www.caroline-dechamby.com\/fr\/#organization","name":"Caroline Dechamby","url":"https:\/\/www.caroline-dechamby.com\/fr\/","logo":{"@type":"ImageObject","inLanguage":"fr-FR","@id":"https:\/\/www.caroline-dechamby.com\/fr\/#\/schema\/logo\/image\/","url":"https:\/\/www.caroline-dechamby.com\/wp-content\/uploads\/2016\/08\/caroline-dechamby-logo.png","contentUrl":"https:\/\/www.caroline-dechamby.com\/wp-content\/uploads\/2016\/08\/caroline-dechamby-logo.png","width":138,"height":113,"caption":"Caroline Dechamby"},"image":{"@id":"https:\/\/www.caroline-dechamby.com\/fr\/#\/schema\/logo\/image\/"}}]}},"_links":{"self":[{"href":"https:\/\/www.caroline-dechamby.com\/fr\/wp-json\/wp\/v2\/pages\/9804","targetHints":{"allow":["GET"]}}],"collection":[{"href":"https:\/\/www.caroline-dechamby.com\/fr\/wp-json\/wp\/v2\/pages"}],"about":[{"href":"https:\/\/www.caroline-dechamby.com\/fr\/wp-json\/wp\/v2\/types\/page"}],"author":[{"embeddable":true,"href":"https:\/\/www.caroline-dechamby.com\/fr\/wp-json\/wp\/v2\/users\/7"}],"replies":[{"embeddable":true,"href":"https:\/\/www.caroline-dechamby.com\/fr\/wp-json\/wp\/v2\/comments?post=9804"}],"version-history":[{"count":3,"href":"https:\/\/www.caroline-dechamby.com\/fr\/wp-json\/wp\/v2\/pages\/9804\/revisions"}],"predecessor-version":[{"id":14678,"href":"https:\/\/www.caroline-dechamby.com\/fr\/wp-json\/wp\/v2\/pages\/9804\/revisions\/14678"}],"wp:attachment":[{"href":"https:\/\/www.caroline-dechamby.com\/fr\/wp-json\/wp\/v2\/media?parent=9804"}],"curies":[{"name":"wp","href":"https:\/\/api.w.org\/{rel}","templated":true}]}}