{"id":9554,"date":"2017-03-08T10:39:36","date_gmt":"2017-03-08T10:39:36","guid":{"rendered":"https:\/\/www.caroline-dechamby.com\/dechamby\/?page_id=9554\/"},"modified":"2024-07-04T19:59:44","modified_gmt":"2024-07-04T19:59:44","slug":"expositions","status":"publish","type":"page","link":"https:\/\/www.caroline-dechamby.com\/fr\/expositions\/","title":{"rendered":"Expositions"},"content":{"rendered":"<div  class=\"tatsu-fs7f4vmuob4oi3iv tatsu-section    tatsu-clearfix\" data-title=\"\"  data-headerscheme=\"background--dark\"><div class='tatsu-section-pad clearfix' data-padding='{\"d\":\"90px 0% 90px 0%\"}' data-padding-top='90px'><div class=\"tatsu-row-wrap  tatsu-wrap tatsu-row-one-col tatsu-row-has-one-cols tatsu-medium-gutter tatsu-reg-cols  tatsu-clearfix tatsu-fs7f4vmuwdd9kcqz\" ><div  class=\"tatsu-row \" ><div  class=\"tatsu-column  tatsu-column-no-bg tatsu-one-col tatsu-column-image-none tatsu-column-effect-none  tatsu-fs7f4vmv456ivjvn\"  data-parallax-speed=\"0\" style=\"\"><div class=\"tatsu-column-inner \" ><div class=\"tatsu-column-pad-wrap\"><div class=\"tatsu-column-pad\" ><div  class=\"tatsu-module tatsu-text-block-wrap tatsu-fs7f4vmvf738fqzn  \"><div class=\"tatsu-text-inner tatsu-align-center  clearfix\" ><style>.tatsu-fs7f4vmvf738fqzn.tatsu-text-block-wrap .tatsu-text-inner{text-align: left;}<\/style>\n<h2 style=\"text-align: center;\">Expositions<\/h2>\n<h4>Expositions pr\u00e9c\u00e9dentes et actuellement en cours<\/h4>\n<p><b>2024\u00a0<\/b>Nouvelle collection de peintures dans sa propre galerie \u00e0 <strong>Crans-Montana, Suisse<\/strong><\/p>\n<p><b>2024\u00a0<\/b>Exhibition Chicago avec Carousel Fine Art<strong> Chicago, USA<\/strong><\/p>\n<p><b>2024\u00a0<\/b>R\u00e9trospective Caroline Dechamby 35 ans de travail \u00e0 West Palm Beach et Atlante Bucked Village avec Carousel Fine Art <strong> Palm Beach, USA<\/strong><\/p>\n<p><b>2024 <\/b> Art Wynwood<strong> Miami, USA<\/strong><\/p>\n<p><b>2024 <\/b> Palm Beach Show<strong> Palm Beach, USA<\/strong><\/p>\n<p><b>2023 <\/b> La foire Context Art Miami avec Carousel Fine Art<strong> Miami, USA<\/strong><\/p>\n<p><b>2023 <\/b> Modernes et contemporains de <strong> Palm Beach, USA<\/strong><\/p>\n<p><b>2023 <\/b> Palm Beach Show<strong> Palm Beach, USA<\/strong><\/p>\n<p><b>2023 <\/b> Art <strong> Palm Beach, USA<\/strong><\/p>\n<p><b>2022 <\/b> Context Art <strong> Miami, USA<\/strong><\/p>\n<p><b>2022 <\/b> 1000 Museum Caroline Dechamby Solo Show, \u2026<\/p>\n<p><b>2022 <\/b> Palm Beach Show<strong> Palm Beach, USA<\/strong><\/p>\n<p><b>2021 <\/b> Exposition \u00e0 la Galerie Hoffmann \u00e0 <strong>St-Tropez, France<\/strong><\/p>\n<p><b>2021 <\/b> R\u00e9ouverture de la Galerie \u00e0 <strong>Crans-Montana, Suisse<\/strong><\/p>\n<p><b>2020 <\/b> R\u00e9ouverture de la Galerie \u00e0 <strong>St-Tropez, France<\/strong><\/p>\n<p><b>2020 <\/b>Exposition au Art Wynwood Fair, Miami USA et exposition au Palm Beach Modern and Contemporary Art Fair, repr\u00e9sent\u00e9e par Long-Sharp Gallery, USA<\/p>\n<p><b>2019 <\/b>Exposition au Cornell Art Museum, Floride <b>| <\/b>Exposition hivernale \u00e0 Crans-Montana, Suisse | <strong>Exposition estivale de son concept complet \u00ab Art and Luxury \u00bb dans son Luxury Concept Store \u00e0 Saint-Tropez | Repr\u00e9sent\u00e9e par <em>Long-Sharp Gallery<\/em> \u00e0 la Seattle Art Fair, ao\u00fbt <\/strong><\/p>\n<p><b><\/b><b>2018 <\/b>Exposition \u00e0 Bel Air Fine Art \u00e0 Gstaad, Suisse | Exposition \u00e0 Bel Air Fine Art \u00e0 <b>Miami, USA <\/b>| Exposition \u00e0 Bel Air Fine Art \u00e0 <b>Knokke-le-Zoute, Belgique <\/b>| Expositions \u00e0 Bel Air Fine Art \u00e0<b> <strong>St-Tropez, France | <\/strong><\/b>Exposition de son concept \u00ab Art and Luxury \u00bb dans le c\u00e9l\u00e8bre shop G31, Z\u00fcrich, Suisse |<strong> Exposition de son concept complet \u00ab Art and Luxury \u00bb dans son nouveau Luxury Concept Store \u00e0 Saint-Tropez<\/strong><b> <\/b><\/p>\n<p><strong>2017 <\/strong>Exposition \u00e0 Bel Air Fine Art \u00e0 Gstaad et Crans-Montana, Suisse | Exposition \u00e0 Bel Air Fine Art \u00e0 <strong>Miami, USA<\/strong> | Expositions \u00e0 Bel Air Fine Art \u00e0 <strong>St-Tropez et Cannes, France <\/strong>| Exposition \u00e0 Bel Air Fine Art \u00e0 <b>Knokke-le-Zoute, Belgique<\/b> | Exposition de son concept \u00ab Art and Luxury \u00bb dans le Concept Store Loona Monte-Carlo, Monaco | Exposition de son concept \u00ab Art and Luxury \u00bb dans le c\u00e9l\u00e8bre shop G31, Z\u00fcrich, Suisse | D\u00e9fil\u00e9 de mode haute couture \u00e0 Montreux en collaboration avec Suisse-Maroc LAB<\/p>\n<p><strong>2016 <\/strong>Expositions \u00e0 Bel Air Fine Art \u00e0 Geneva, Gstaad, Verbier et Crans-Montana, Suisse | Exposition \u00e0 Bel Air Fine Art \u00e0 <strong>St-Tropez, France <\/strong>| Expositions aux Art Fusion Galleries, Miami, USA |Exposition \u00e0 la <strong>Robinsons Art Gallery \u00e0 Knokke-Zoute<\/strong>, Belgique | Exposition de son concept \u00ab Art and Luxury \u00bb \u00e0 l&rsquo;Orianne Collins Concept Store, dans le Design District de Miami, USA<\/p>\n<p><strong>2015<\/strong> Expositions \u00e0 Bel Air Fine Art \u00e0 Verbier, Gstaad et Gen\u00e8ve, Suisse <strong>| <\/strong>\u201cCorner\u201d avec sa ligne de maroquinerie au Victoria Lopez Castro\u2019s shop, Miami, USA <strong>| <\/strong>Ouverture d\u2019un \u201ccorner\u201d \u00e0 Bruxelles, Belgique <strong>| Vendo\u0302me Luxury of Paris<\/strong> en Octobre, France <strong>|<\/strong> Exposition durant l\u2019<strong>Art Basel Miami en d\u00e9cembre<\/strong>, Floride, USA<\/p>\n<p><strong>2014<\/strong> Ev\u00e9nement priv\u00e9, <strong>Courchevel, France<\/strong> <strong>| <\/strong>Exposition de ses peintures et de sa ligne de maroquinerie \u00e0 <strong>L\u2019Inde le Palais, Bologne<\/strong>, Italie <strong>| <\/strong>Exposition de son concept \u00ab Art and Luxury \u00bb au <strong>Gstaad Palace<\/strong> durant la Polo Gold Cup, Suisse <strong>| <\/strong>Exposition de ses peintures et de sa ligne de maroquinerie \u00e0 Menus Plaisirs, Gstaad, Suisse <strong>| <\/strong>Exposition de ses peintures et de sa ligne de maroquinerie \u00e0 <strong>Natan, Bruxelles,<\/strong> Belgique <strong>| <\/strong>Vernissage de sa collection \u00ab Yes I Can ! \u00bb dans sa galerie, Crans-Montana, Suisse<\/p>\n<p><strong>2013<\/strong> Ev\u00e9nement priv\u00e9 avec <strong>Maserati<\/strong>, Reinach, Suisse <strong>| <\/strong>Ev\u00e9nement priv\u00e9 et pr\u00e9sentation de son concept \u00ab Art and Luxury \u00bb \u00e0 <strong>Palm Beach, USA<\/strong> <strong>| Lancement de sa marque de luxe <\/strong>dans sa galerie, Crans-Montana, Suisse<\/p>\n<p><strong>2012<\/strong> Ev\u00e9nement VIP avec une marque de luxe dans sa galerie, Crans-Montana, Suisse <strong>| <\/strong>Exposition \u00e0 la <strong>E\u2019Collezione, Singapour<\/strong>, durant laquelle elle vendit une peinture sertie de 200 carats de pierres pr\u00e9cieuses <strong>| <\/strong>Vernissage de sa collection \u00ab Pole Position \u00bb dans sa galerie, Crans-Montana, Suisse<\/p>\n<p><strong>2011<\/strong> <strong>Q Contemporary and Ayyam Gallery, Beirut<\/strong>. Interview pour M TV, Massaya TV et Future TV Beirut <strong>|<\/strong> Pr\u00e9sentation de son concept \u00ab Art and Luxury \u00bb \u00e0 l\u2019occasion d\u2019un \u00e9v\u00e9nement priv\u00e9 organis\u00e9 par une famille royale d&rsquo;Arabie saoudite \u00e0 <strong>Forte dei Marmi,<\/strong> Italie <strong>|<\/strong> <strong>Red Bull Art of Can, Kuwait<\/strong> <strong>|<\/strong> Vernissage de la collection \u00ab 2012 \u00bb dans sa galerie, Crans-Montana, Suisse<\/p>\n<p><strong>2010<\/strong> Vernissage de la collection \u00ab Comic strips \u00bb dans sa galerie, Crans-Montana, Suisse<strong> |<\/strong> Presentation des lampes de Caroline Dechamby durant le <strong>Design Miami fair<\/strong>, Miami, USA<\/p>\n<p><strong>2009<\/strong> Vernissage de la collection \u00ab Graffiti \u00bb dans sa galerie, Crans-Montana, Suisse<\/p>\n<p><strong>2008<\/strong> <strong>Arte Fiera, Bologne<\/strong>, Italie, pr\u00e9sentation de sa collection \u00ab Mise en sc\u00e8ne \u00bb et de ses bikinis Parah Milano, Italie <strong>|<\/strong> <strong>Billionaire, Porto Cervo,<\/strong> Italie. L\u2019\u00e9v\u00e9nement fut couvert par Fashion TV<\/p>\n<p><strong>2007<\/strong> Vernissage de sa collection \u00ab Atelier \u00bb dans sa galerie, Crans-Montana, Suisse<\/p>\n<p><strong>2006<\/strong> <strong>Inauguration de sa galerie d\u2019Art, <\/strong>Rue du Prado 1, 3963 Crans-Montana. La galerie fut con\u00e7ue par les c\u00e9l\u00e8bres architectes de l\u2019Atelier O\u00ef, avec qui Caroline travaillera en collaboration pour la cr\u00e9ation, entre autres, de lampes artistiques<\/p>\n<p><strong>2005<\/strong> <strong>Galleria Forni, Bologne<\/strong>, Italie<\/p>\n<p><strong>2004<\/strong> Kunsthaus Wil, Suisse <strong>|<\/strong> Down Town Gallery, Luxembourg <strong>|<\/strong> Entreprise Gallery, Milan, Italie <strong>|<\/strong> Exposition avec Allianz assurances et Ans Markus, Amsterdam, Hollande<\/p>\n<p><strong>2002<\/strong> <strong>Finelot Gallery, Londres<\/strong>, UK<\/p>\n<p><strong>2001<\/strong> Ev\u00e9nement priv\u00e9, New York, USA<\/p>\n<p><strong>1997<\/strong> Ouverture de sa premi\u00e8re galerie \u00e0 Crans-Montana, Suisse<\/p>\n<p><strong>1996<\/strong> Exposition pour la jeune chambre d\u2019\u00e9conomie, Montreux, Suisse<\/p>\n<p><strong>1995<\/strong> Exposition individuelle, Saxon, Suisse<\/p>\n<p><strong>1993<\/strong> Exposition collective \u00e0 Montreux, Suisse<\/p>\n<div class=\"page\" title=\"Page 4\">\n<div class=\"layoutArea\">\n<div class=\"column\"><strong>1990<\/strong> Exposition collective \u00e0 la Q Art Gallery, Lausanne, Suisse<\/div>\n<\/div>\n<\/div>\n<\/div><\/div><\/div><\/div><div class = \"tatsu-column-bg-image-wrap\"><div class = \"tatsu-column-bg-image tatsu-bg-lazyload\" data-src = \"\"><\/div><\/div><\/div><style>.tatsu-row > .tatsu-fs7f4vmv456ivjvn.tatsu-column{width: 100%;}.tatsu-fs7f4vmv456ivjvn.tatsu-column > .tatsu-column-inner > .tatsu-column-overlay{mix-blend-mode: none;}.tatsu-fs7f4vmv456ivjvn > .tatsu-column-inner > .tatsu-top-divider{z-index: 9999;}.tatsu-fs7f4vmv456ivjvn > .tatsu-column-inner > .tatsu-bottom-divider{z-index: 9999;}.tatsu-fs7f4vmv456ivjvn > .tatsu-column-inner > .tatsu-left-divider{z-index: 9999;}.tatsu-fs7f4vmv456ivjvn > .tatsu-column-inner > .tatsu-right-divider{z-index: 9999;}<\/style><\/div><\/div><\/div><\/div><div class=\"tatsu-section-background-wrap\"><div class = \"tatsu-section-background tatsu-bg-lazyload\" data-src = \"\"><\/div><\/div><style>.tatsu-fs7f4vmuob4oi3iv .tatsu-section-pad{padding: 90px 0% 90px 0%;}.tatsu-fs7f4vmuob4oi3iv > .tatsu-bottom-divider{z-index: 9999;}.tatsu-fs7f4vmuob4oi3iv > .tatsu-top-divider{z-index: 9999;}<\/style><\/div>\n","protected":false},"excerpt":{"rendered":"<p><a href=\"https:\/\/www.caroline-dechamby.com\/fr\/expositions\/\" class=\"more-link style1-button\">Read More<\/a><\/p>","protected":false},"author":7,"featured_media":0,"parent":0,"menu_order":0,"comment_status":"closed","ping_status":"closed","template":"","meta":{"_acf_changed":false,"footnotes":""},"class_list":["post-9554","page","type-page","status-publish","hentry"],"acf":[],"yoast_head":"<!-- This site is optimized with the Yoast SEO plugin v27.5 - https:\/\/yoast.com\/product\/yoast-seo-wordpress\/ -->\n<title>Pr\u00e9c\u00e9dentes expositions<\/title>\n<meta name=\"description\" content=\"D\u00e9couvrez les pr\u00e9c\u00e9dentes expositions de Caroline Dechamby\" \/>\n<meta name=\"robots\" content=\"index, follow, max-snippet:-1, max-image-preview:large, max-video-preview:-1\" \/>\n<link rel=\"canonical\" href=\"https:\/\/www.caroline-dechamby.com\/fr\/expositions\/\" \/>\n<meta property=\"og:locale\" content=\"fr_FR\" \/>\n<meta property=\"og:type\" content=\"article\" \/>\n<meta property=\"og:title\" content=\"Pr\u00e9c\u00e9dentes expositions\" \/>\n<meta property=\"og:description\" content=\"D\u00e9couvrez les pr\u00e9c\u00e9dentes expositions de Caroline Dechamby\" \/>\n<meta property=\"og:url\" content=\"https:\/\/www.caroline-dechamby.com\/fr\/expositions\/\" \/>\n<meta property=\"og:site_name\" content=\"Caroline Dechamby\" \/>\n<meta property=\"article:modified_time\" content=\"2024-07-04T19:59:44+00:00\" \/>\n<meta name=\"twitter:card\" content=\"summary_large_image\" \/>\n<meta name=\"twitter:label1\" content=\"Dur\u00e9e de lecture estim\u00e9e\" \/>\n\t<meta name=\"twitter:data1\" content=\"7 minutes\" \/>\n<script type=\"application\/ld+json\" class=\"yoast-schema-graph\">{\"@context\":\"https:\\\/\\\/schema.org\",\"@graph\":[{\"@type\":\"WebPage\",\"@id\":\"https:\\\/\\\/www.caroline-dechamby.com\\\/fr\\\/expositions\\\/\",\"url\":\"https:\\\/\\\/www.caroline-dechamby.com\\\/fr\\\/expositions\\\/\",\"name\":\"Pr\u00e9c\u00e9dentes expositions\",\"isPartOf\":{\"@id\":\"https:\\\/\\\/www.caroline-dechamby.com\\\/fr\\\/#website\"},\"datePublished\":\"2017-03-08T10:39:36+00:00\",\"dateModified\":\"2024-07-04T19:59:44+00:00\",\"description\":\"D\u00e9couvrez les pr\u00e9c\u00e9dentes expositions de Caroline Dechamby\",\"breadcrumb\":{\"@id\":\"https:\\\/\\\/www.caroline-dechamby.com\\\/fr\\\/expositions\\\/#breadcrumb\"},\"inLanguage\":\"fr-FR\",\"potentialAction\":[{\"@type\":\"ReadAction\",\"target\":[\"https:\\\/\\\/www.caroline-dechamby.com\\\/fr\\\/expositions\\\/\"]}]},{\"@type\":\"BreadcrumbList\",\"@id\":\"https:\\\/\\\/www.caroline-dechamby.com\\\/fr\\\/expositions\\\/#breadcrumb\",\"itemListElement\":[{\"@type\":\"ListItem\",\"position\":1,\"name\":\"Home\",\"item\":\"https:\\\/\\\/www.caroline-dechamby.com\\\/fr\\\/\"},{\"@type\":\"ListItem\",\"position\":2,\"name\":\"Expositions\"}]},{\"@type\":\"WebSite\",\"@id\":\"https:\\\/\\\/www.caroline-dechamby.com\\\/fr\\\/#website\",\"url\":\"https:\\\/\\\/www.caroline-dechamby.com\\\/fr\\\/\",\"name\":\"Caroline Dechamby\",\"description\":\"\",\"publisher\":{\"@id\":\"https:\\\/\\\/www.caroline-dechamby.com\\\/fr\\\/#organization\"},\"potentialAction\":[{\"@type\":\"SearchAction\",\"target\":{\"@type\":\"EntryPoint\",\"urlTemplate\":\"https:\\\/\\\/www.caroline-dechamby.com\\\/fr\\\/?s={search_term_string}\"},\"query-input\":{\"@type\":\"PropertyValueSpecification\",\"valueRequired\":true,\"valueName\":\"search_term_string\"}}],\"inLanguage\":\"fr-FR\"},{\"@type\":\"Organization\",\"@id\":\"https:\\\/\\\/www.caroline-dechamby.com\\\/fr\\\/#organization\",\"name\":\"Caroline Dechamby\",\"url\":\"https:\\\/\\\/www.caroline-dechamby.com\\\/fr\\\/\",\"logo\":{\"@type\":\"ImageObject\",\"inLanguage\":\"fr-FR\",\"@id\":\"https:\\\/\\\/www.caroline-dechamby.com\\\/fr\\\/#\\\/schema\\\/logo\\\/image\\\/\",\"url\":\"https:\\\/\\\/www.caroline-dechamby.com\\\/wp-content\\\/uploads\\\/2016\\\/08\\\/caroline-dechamby-logo.png\",\"contentUrl\":\"https:\\\/\\\/www.caroline-dechamby.com\\\/wp-content\\\/uploads\\\/2016\\\/08\\\/caroline-dechamby-logo.png\",\"width\":138,\"height\":113,\"caption\":\"Caroline Dechamby\"},\"image\":{\"@id\":\"https:\\\/\\\/www.caroline-dechamby.com\\\/fr\\\/#\\\/schema\\\/logo\\\/image\\\/\"}}]}<\/script>\n<!-- \/ Yoast SEO plugin. -->","yoast_head_json":{"title":"Pr\u00e9c\u00e9dentes expositions","description":"D\u00e9couvrez les pr\u00e9c\u00e9dentes expositions de Caroline Dechamby","robots":{"index":"index","follow":"follow","max-snippet":"max-snippet:-1","max-image-preview":"max-image-preview:large","max-video-preview":"max-video-preview:-1"},"canonical":"https:\/\/www.caroline-dechamby.com\/fr\/expositions\/","og_locale":"fr_FR","og_type":"article","og_title":"Pr\u00e9c\u00e9dentes expositions","og_description":"D\u00e9couvrez les pr\u00e9c\u00e9dentes expositions de Caroline Dechamby","og_url":"https:\/\/www.caroline-dechamby.com\/fr\/expositions\/","og_site_name":"Caroline Dechamby","article_modified_time":"2024-07-04T19:59:44+00:00","twitter_card":"summary_large_image","twitter_misc":{"Dur\u00e9e de lecture estim\u00e9e":"7 minutes"},"schema":{"@context":"https:\/\/schema.org","@graph":[{"@type":"WebPage","@id":"https:\/\/www.caroline-dechamby.com\/fr\/expositions\/","url":"https:\/\/www.caroline-dechamby.com\/fr\/expositions\/","name":"Pr\u00e9c\u00e9dentes expositions","isPartOf":{"@id":"https:\/\/www.caroline-dechamby.com\/fr\/#website"},"datePublished":"2017-03-08T10:39:36+00:00","dateModified":"2024-07-04T19:59:44+00:00","description":"D\u00e9couvrez les pr\u00e9c\u00e9dentes expositions de Caroline Dechamby","breadcrumb":{"@id":"https:\/\/www.caroline-dechamby.com\/fr\/expositions\/#breadcrumb"},"inLanguage":"fr-FR","potentialAction":[{"@type":"ReadAction","target":["https:\/\/www.caroline-dechamby.com\/fr\/expositions\/"]}]},{"@type":"BreadcrumbList","@id":"https:\/\/www.caroline-dechamby.com\/fr\/expositions\/#breadcrumb","itemListElement":[{"@type":"ListItem","position":1,"name":"Home","item":"https:\/\/www.caroline-dechamby.com\/fr\/"},{"@type":"ListItem","position":2,"name":"Expositions"}]},{"@type":"WebSite","@id":"https:\/\/www.caroline-dechamby.com\/fr\/#website","url":"https:\/\/www.caroline-dechamby.com\/fr\/","name":"Caroline Dechamby","description":"","publisher":{"@id":"https:\/\/www.caroline-dechamby.com\/fr\/#organization"},"potentialAction":[{"@type":"SearchAction","target":{"@type":"EntryPoint","urlTemplate":"https:\/\/www.caroline-dechamby.com\/fr\/?s={search_term_string}"},"query-input":{"@type":"PropertyValueSpecification","valueRequired":true,"valueName":"search_term_string"}}],"inLanguage":"fr-FR"},{"@type":"Organization","@id":"https:\/\/www.caroline-dechamby.com\/fr\/#organization","name":"Caroline Dechamby","url":"https:\/\/www.caroline-dechamby.com\/fr\/","logo":{"@type":"ImageObject","inLanguage":"fr-FR","@id":"https:\/\/www.caroline-dechamby.com\/fr\/#\/schema\/logo\/image\/","url":"https:\/\/www.caroline-dechamby.com\/wp-content\/uploads\/2016\/08\/caroline-dechamby-logo.png","contentUrl":"https:\/\/www.caroline-dechamby.com\/wp-content\/uploads\/2016\/08\/caroline-dechamby-logo.png","width":138,"height":113,"caption":"Caroline Dechamby"},"image":{"@id":"https:\/\/www.caroline-dechamby.com\/fr\/#\/schema\/logo\/image\/"}}]}},"_links":{"self":[{"href":"https:\/\/www.caroline-dechamby.com\/fr\/wp-json\/wp\/v2\/pages\/9554","targetHints":{"allow":["GET"]}}],"collection":[{"href":"https:\/\/www.caroline-dechamby.com\/fr\/wp-json\/wp\/v2\/pages"}],"about":[{"href":"https:\/\/www.caroline-dechamby.com\/fr\/wp-json\/wp\/v2\/types\/page"}],"author":[{"embeddable":true,"href":"https:\/\/www.caroline-dechamby.com\/fr\/wp-json\/wp\/v2\/users\/7"}],"replies":[{"embeddable":true,"href":"https:\/\/www.caroline-dechamby.com\/fr\/wp-json\/wp\/v2\/comments?post=9554"}],"version-history":[{"count":17,"href":"https:\/\/www.caroline-dechamby.com\/fr\/wp-json\/wp\/v2\/pages\/9554\/revisions"}],"predecessor-version":[{"id":15074,"href":"https:\/\/www.caroline-dechamby.com\/fr\/wp-json\/wp\/v2\/pages\/9554\/revisions\/15074"}],"wp:attachment":[{"href":"https:\/\/www.caroline-dechamby.com\/fr\/wp-json\/wp\/v2\/media?parent=9554"}],"curies":[{"name":"wp","href":"https:\/\/api.w.org\/{rel}","templated":true}]}}