{"id":9548,"date":"2017-03-08T10:18:49","date_gmt":"2017-03-08T10:18:49","guid":{"rendered":"https:\/\/www.caroline-dechamby.com\/dechamby\/?page_id=9548\/"},"modified":"2018-03-14T14:52:10","modified_gmt":"2018-03-14T14:52:10","slug":"conditions-generales","status":"publish","type":"page","link":"https:\/\/www.caroline-dechamby.com\/fr\/conditions-generales\/","title":{"rendered":"Conditions g\u00e9n\u00e9rales de vente"},"content":{"rendered":"<div  class=\"tatsu-id3ia2t8ac3flxg1 tatsu-section    tatsu-clearfix\" data-title=\"\"  data-headerscheme=\"background--light\"><div class='tatsu-section-pad clearfix' data-padding='-100px 0% 90px 0%' data-padding-top='-100px'><div class=\"tatsu-row-wrap  tatsu-wrap tatsu-row-one-col tatsu-row-has-one-cols tatsu-medium-gutter tatsu-reg-cols  tatsu-clearfix tatsu-id3ia2t9au7z4k8z\" ><div  class=\"tatsu-row \" ><div  class=\"tatsu-column  tatsu-column-no-bg tatsu-one-col tatsu-column-image- tatsu-column-effect-  tatsu-id3ia2t9ioeq7g9u\" data-animation=\"fadeIn\"   data-parallax-speed=\"0\" style=\"\"><div class=\"tatsu-column-inner \" ><div class=\"tatsu-column-pad-wrap\"><div class=\"tatsu-column-pad\" ><div  class=\"tatsu-module tatsu-text-block-wrap tatsu-id3ia2t9uq7wo5ry  \"><div class=\"tatsu-text-inner tatsu-align-center  clearfix\" >\n<h4 style=\"text-align: center;line-height: 26px\">Conditions d\u2019utilisation<br \/>\ndu site de Caroline Dechamby<\/h4>\n<\/div><\/div><div  class = \" tatsu-id3ia2t9y1euhtxi accordion-wrap oshine-module\" ><div class = \"accordion\" data-collapsed=\"1\"><h3 class=\"accordion-head no-bg tatsu-id3ia2ta6d7h3bbc\" style=\"\">VALIDITES DES CONDITIONS GENERALES DE VENTE<style>.tatsu-id3ia2ta6d7h3bbc.accordion-head{color: #7a7a7a ;}<\/style><\/h3><div>Ces conditions g\u00e9n\u00e9rales de vente sont valables d\u00e8s le 1er d\u00e9cembre 2016. Elles sont publi\u00e9es pour votre information et il est important de les lire. Il se peut que nous ayons \u00e0 les modifier dans le futur, dans ce cas, la date de la publication des CGV est la date d\u2019entr\u00e9e en vigueur.<\/div><h3 class=\"accordion-head no-bg tatsu-id3ia2ta8ucd6tin\" style=\"\">PRIX<style>.tatsu-id3ia2ta8ucd6tin.accordion-head{color: #7a7a7a ;}<\/style><\/h3><div>Les prix sont indiqu\u00e9s en francs suisses.<br \/>\nLe prix des Produits est susceptible de changer de temps \u00e0 autre. Cependant, ces modifications n\u2019affecteront aucune commande que nous avons confirm\u00e9e par une acceptation de commande.<\/div><h3 class=\"accordion-head no-bg tatsu-id3ia2taa8dw8jfy\" style=\"\">MODALITES DE PAYEMENT<style>.tatsu-id3ia2taa8dw8jfy.accordion-head{color: #7a7a7a ;}<\/style><\/h3><div>Le montant d\u00fb par l\u2019Acheteur est le montant indiqu\u00e9 sur l\u2019ordre de confirmation transmise par e-mail \u00e0 l\u2019Acheteur. Le paiement s\u2019effectuera sur Internet par Carte Bancaire.<\/div><h3 class=\"accordion-head no-bg tatsu-id3ia2tabggd3eh6\" style=\"\">LIVRAISON ET TRANSPORT<style>.tatsu-id3ia2tabggd3eh6.accordion-head{color: #7a7a7a ;}<\/style><\/h3><div>Les produit command\u00e9s par l\u2019Acheteur seront livr\u00e9s \u00e0 l\u2019adresse indiqu\u00e9e dans la commande. Une commande ne peut \u00eatre associ\u00e9e qu\u2019\u00e0 une seule adresse postale. Nous ne livrons la marchandise qu\u2019apr\u00e8s avoir re\u00e7u le paiement correspondant en totalit\u00e9.<\/div><h3 class=\"accordion-head no-bg tatsu-id3ia2tacmghg9j9\" style=\"\">POLITIQUE DE RETOUR<style>.tatsu-id3ia2tacmghg9j9.accordion-head{color: #7a7a7a ;}<\/style><\/h3><div>Afin de garantir votre satisfaction, nous vous offrons le droit de retourner tout produit command\u00e9 depuis ce site web dans les 8 jours apr\u00e8s r\u00e9ception. Le produit doit nous parvenir&nbsp;intact, inutilis\u00e9, pouvant \u00eatre remis en vente comme neuf et dans son emballage d&rsquo;origine avec toutes les \u00e9tiquettes. Nous traiterons le retour dans les 8 jours apr\u00e8s r\u00e9ception de la marchandise et rembourserons enti\u00e8rement le montant vers\u00e9 sur la carte de cr\u00e9dit utilis\u00e9e.<\/div><h3 class=\"accordion-head no-bg tatsu-id3ia2tadq6kshir\" style=\"\">INFORMATIQUE ET LIBERTE<style>.tatsu-id3ia2tadq6kshir.accordion-head{color: #7a7a7a ;}<\/style><\/h3><div>Toutes les donn\u00e9es personnelles sont consid\u00e9r\u00e9es confidentielles. Les informations n\u00e9cessaires \u00e0 la gestion des commandes feront l\u2019objet d\u2019un traitement informatique et peuvent \u00eatre communiqu\u00e9es \u00e0 des entreprises associ\u00e9es dans le cadre de la gestion des commandes.<\/div><h3 class=\"accordion-head no-bg tatsu-id3ia2taev43qwpx\" style=\"\">DROIT APPLICABLE<style>.tatsu-id3ia2taev43qwpx.accordion-head{color: #7a7a7a ;}<\/style><\/h3><div>En cas de litige, les CGV en vigueur au moment de l\u2019achat sont utilis\u00e9es comme base juridique. Les pr\u00e9sentes CG sont r\u00e9gies par le droit suisse, \u00e0 l\u2019exclusion de toute autre l\u00e9gislation \u00e9trang\u00e8re.<\/div><\/div><\/div><\/div><\/div><div class = \"tatsu-column-bg-image-wrap\"><div class = \"tatsu-column-bg-image tatsu-bg-lazyload\" data-src = \"\"><\/div><\/div><\/div><style>.tatsu-id3ia2t9ioeq7g9u.tatsu-column > .tatsu-column-inner > .tatsu-column-pad-wrap > .tatsu-column-pad{padding: 0px 0px 0px 0px;}.tatsu-id3ia2t9ioeq7g9u.tatsu-column > .tatsu-column-inner{border-width: 0 0 0 0;}.tatsu-id3ia2t9ioeq7g9u.tatsu-column > .tatsu-column-inner > .tatsu-column-overlay{mix-blend-mode: none;}.tatsu-id3ia2t9ioeq7g9u > .tatsu-column-inner > .tatsu-top-divider{z-index: 9999;}.tatsu-id3ia2t9ioeq7g9u > .tatsu-column-inner > .tatsu-bottom-divider{z-index: 9999;}.tatsu-id3ia2t9ioeq7g9u > .tatsu-column-inner > .tatsu-left-divider{z-index: 9999;}.tatsu-id3ia2t9ioeq7g9u > .tatsu-column-inner > .tatsu-right-divider{z-index: 9999;}.tatsu-id3ia2t9ioeq7g9u.tatsu-column{transform: translate3d(0px,0px, 0);}<\/style><\/div><\/div><\/div><\/div><div class=\"tatsu-section-background-wrap\"><div class = \"tatsu-section-background tatsu-bg-lazyload\" data-src = \"\"><\/div><\/div><style>.tatsu-id3ia2t8ac3flxg1{border-width: 0px 0px px 0px;border-style: solid;}.tatsu-id3ia2t8ac3flxg1 .tatsu-section-pad{padding: -100px 0% 90px 0%;}.tatsu-id3ia2t8ac3flxg1.tatsu-section{margin: 0px 0px 0px 0px;}.tatsu-id3ia2t8ac3flxg1 > .tatsu-bottom-divider{z-index: 9999;}.tatsu-id3ia2t8ac3flxg1 > .tatsu-top-divider{z-index: 9999;}@media only screen and (max-width:1377px) {.tatsu-id3ia2t8ac3flxg1{border-style: solid;}}@media only screen and (min-width:768px) and (max-width: 1024px) {.tatsu-id3ia2t8ac3flxg1{border-style: solid;}}@media only screen and (max-width: 767px) {.tatsu-id3ia2t8ac3flxg1{border-style: solid;}}<\/style><\/div>\n","protected":false},"excerpt":{"rendered":"<p><a href=\"https:\/\/www.caroline-dechamby.com\/fr\/conditions-generales\/\" class=\"more-link style1-button\">Read More<\/a><\/p>","protected":false},"author":7,"featured_media":0,"parent":0,"menu_order":0,"comment_status":"closed","ping_status":"closed","template":"","meta":{"_acf_changed":false,"footnotes":""},"class_list":["post-9548","page","type-page","status-publish","hentry"],"acf":[],"yoast_head":"<!-- This site is optimized with the Yoast SEO plugin v27.5 - https:\/\/yoast.com\/product\/yoast-seo-wordpress\/ -->\n<title>Conditions g\u00e9n\u00e9rales de vente<\/title>\n<meta name=\"description\" content=\"Conditions d&#039;utilisation du site de Caroline Dechamby: paiements, livraison et transport, retours, etc.\" \/>\n<meta name=\"robots\" content=\"index, follow, max-snippet:-1, max-image-preview:large, max-video-preview:-1\" \/>\n<link rel=\"canonical\" href=\"https:\/\/www.caroline-dechamby.com\/fr\/conditions-generales\/\" \/>\n<meta property=\"og:locale\" content=\"fr_FR\" \/>\n<meta property=\"og:type\" content=\"article\" \/>\n<meta property=\"og:title\" content=\"Conditions g\u00e9n\u00e9rales de vente\" \/>\n<meta property=\"og:description\" content=\"Conditions d&#039;utilisation du site de Caroline Dechamby: paiements, livraison et transport, retours, etc.\" \/>\n<meta property=\"og:url\" content=\"https:\/\/www.caroline-dechamby.com\/fr\/conditions-generales\/\" \/>\n<meta property=\"og:site_name\" content=\"Caroline Dechamby\" \/>\n<meta property=\"article:modified_time\" content=\"2018-03-14T14:52:10+00:00\" \/>\n<meta name=\"twitter:card\" content=\"summary_large_image\" \/>\n<meta name=\"twitter:label1\" content=\"Dur\u00e9e de lecture estim\u00e9e\" \/>\n\t<meta name=\"twitter:data1\" content=\"3 minutes\" \/>\n<script type=\"application\/ld+json\" class=\"yoast-schema-graph\">{\"@context\":\"https:\\\/\\\/schema.org\",\"@graph\":[{\"@type\":\"WebPage\",\"@id\":\"https:\\\/\\\/www.caroline-dechamby.com\\\/fr\\\/conditions-generales\\\/\",\"url\":\"https:\\\/\\\/www.caroline-dechamby.com\\\/fr\\\/conditions-generales\\\/\",\"name\":\"Conditions g\u00e9n\u00e9rales de vente\",\"isPartOf\":{\"@id\":\"https:\\\/\\\/www.caroline-dechamby.com\\\/fr\\\/#website\"},\"datePublished\":\"2017-03-08T10:18:49+00:00\",\"dateModified\":\"2018-03-14T14:52:10+00:00\",\"description\":\"Conditions d'utilisation du site de Caroline Dechamby: paiements, livraison et transport, retours, etc.\",\"breadcrumb\":{\"@id\":\"https:\\\/\\\/www.caroline-dechamby.com\\\/fr\\\/conditions-generales\\\/#breadcrumb\"},\"inLanguage\":\"fr-FR\",\"potentialAction\":[{\"@type\":\"ReadAction\",\"target\":[\"https:\\\/\\\/www.caroline-dechamby.com\\\/fr\\\/conditions-generales\\\/\"]}]},{\"@type\":\"BreadcrumbList\",\"@id\":\"https:\\\/\\\/www.caroline-dechamby.com\\\/fr\\\/conditions-generales\\\/#breadcrumb\",\"itemListElement\":[{\"@type\":\"ListItem\",\"position\":1,\"name\":\"Home\",\"item\":\"https:\\\/\\\/www.caroline-dechamby.com\\\/fr\\\/\"},{\"@type\":\"ListItem\",\"position\":2,\"name\":\"Conditions g\u00e9n\u00e9rales de vente\"}]},{\"@type\":\"WebSite\",\"@id\":\"https:\\\/\\\/www.caroline-dechamby.com\\\/fr\\\/#website\",\"url\":\"https:\\\/\\\/www.caroline-dechamby.com\\\/fr\\\/\",\"name\":\"Caroline Dechamby\",\"description\":\"\",\"publisher\":{\"@id\":\"https:\\\/\\\/www.caroline-dechamby.com\\\/fr\\\/#organization\"},\"potentialAction\":[{\"@type\":\"SearchAction\",\"target\":{\"@type\":\"EntryPoint\",\"urlTemplate\":\"https:\\\/\\\/www.caroline-dechamby.com\\\/fr\\\/?s={search_term_string}\"},\"query-input\":{\"@type\":\"PropertyValueSpecification\",\"valueRequired\":true,\"valueName\":\"search_term_string\"}}],\"inLanguage\":\"fr-FR\"},{\"@type\":\"Organization\",\"@id\":\"https:\\\/\\\/www.caroline-dechamby.com\\\/fr\\\/#organization\",\"name\":\"Caroline Dechamby\",\"url\":\"https:\\\/\\\/www.caroline-dechamby.com\\\/fr\\\/\",\"logo\":{\"@type\":\"ImageObject\",\"inLanguage\":\"fr-FR\",\"@id\":\"https:\\\/\\\/www.caroline-dechamby.com\\\/fr\\\/#\\\/schema\\\/logo\\\/image\\\/\",\"url\":\"https:\\\/\\\/www.caroline-dechamby.com\\\/wp-content\\\/uploads\\\/2016\\\/08\\\/caroline-dechamby-logo.png\",\"contentUrl\":\"https:\\\/\\\/www.caroline-dechamby.com\\\/wp-content\\\/uploads\\\/2016\\\/08\\\/caroline-dechamby-logo.png\",\"width\":138,\"height\":113,\"caption\":\"Caroline Dechamby\"},\"image\":{\"@id\":\"https:\\\/\\\/www.caroline-dechamby.com\\\/fr\\\/#\\\/schema\\\/logo\\\/image\\\/\"}}]}<\/script>\n<!-- \/ Yoast SEO plugin. -->","yoast_head_json":{"title":"Conditions g\u00e9n\u00e9rales de vente","description":"Conditions d'utilisation du site de Caroline Dechamby: paiements, livraison et transport, retours, etc.","robots":{"index":"index","follow":"follow","max-snippet":"max-snippet:-1","max-image-preview":"max-image-preview:large","max-video-preview":"max-video-preview:-1"},"canonical":"https:\/\/www.caroline-dechamby.com\/fr\/conditions-generales\/","og_locale":"fr_FR","og_type":"article","og_title":"Conditions g\u00e9n\u00e9rales de vente","og_description":"Conditions d'utilisation du site de Caroline Dechamby: paiements, livraison et transport, retours, etc.","og_url":"https:\/\/www.caroline-dechamby.com\/fr\/conditions-generales\/","og_site_name":"Caroline Dechamby","article_modified_time":"2018-03-14T14:52:10+00:00","twitter_card":"summary_large_image","twitter_misc":{"Dur\u00e9e de lecture estim\u00e9e":"3 minutes"},"schema":{"@context":"https:\/\/schema.org","@graph":[{"@type":"WebPage","@id":"https:\/\/www.caroline-dechamby.com\/fr\/conditions-generales\/","url":"https:\/\/www.caroline-dechamby.com\/fr\/conditions-generales\/","name":"Conditions g\u00e9n\u00e9rales de vente","isPartOf":{"@id":"https:\/\/www.caroline-dechamby.com\/fr\/#website"},"datePublished":"2017-03-08T10:18:49+00:00","dateModified":"2018-03-14T14:52:10+00:00","description":"Conditions d'utilisation du site de Caroline Dechamby: paiements, livraison et transport, retours, etc.","breadcrumb":{"@id":"https:\/\/www.caroline-dechamby.com\/fr\/conditions-generales\/#breadcrumb"},"inLanguage":"fr-FR","potentialAction":[{"@type":"ReadAction","target":["https:\/\/www.caroline-dechamby.com\/fr\/conditions-generales\/"]}]},{"@type":"BreadcrumbList","@id":"https:\/\/www.caroline-dechamby.com\/fr\/conditions-generales\/#breadcrumb","itemListElement":[{"@type":"ListItem","position":1,"name":"Home","item":"https:\/\/www.caroline-dechamby.com\/fr\/"},{"@type":"ListItem","position":2,"name":"Conditions g\u00e9n\u00e9rales de vente"}]},{"@type":"WebSite","@id":"https:\/\/www.caroline-dechamby.com\/fr\/#website","url":"https:\/\/www.caroline-dechamby.com\/fr\/","name":"Caroline Dechamby","description":"","publisher":{"@id":"https:\/\/www.caroline-dechamby.com\/fr\/#organization"},"potentialAction":[{"@type":"SearchAction","target":{"@type":"EntryPoint","urlTemplate":"https:\/\/www.caroline-dechamby.com\/fr\/?s={search_term_string}"},"query-input":{"@type":"PropertyValueSpecification","valueRequired":true,"valueName":"search_term_string"}}],"inLanguage":"fr-FR"},{"@type":"Organization","@id":"https:\/\/www.caroline-dechamby.com\/fr\/#organization","name":"Caroline Dechamby","url":"https:\/\/www.caroline-dechamby.com\/fr\/","logo":{"@type":"ImageObject","inLanguage":"fr-FR","@id":"https:\/\/www.caroline-dechamby.com\/fr\/#\/schema\/logo\/image\/","url":"https:\/\/www.caroline-dechamby.com\/wp-content\/uploads\/2016\/08\/caroline-dechamby-logo.png","contentUrl":"https:\/\/www.caroline-dechamby.com\/wp-content\/uploads\/2016\/08\/caroline-dechamby-logo.png","width":138,"height":113,"caption":"Caroline Dechamby"},"image":{"@id":"https:\/\/www.caroline-dechamby.com\/fr\/#\/schema\/logo\/image\/"}}]}},"_links":{"self":[{"href":"https:\/\/www.caroline-dechamby.com\/fr\/wp-json\/wp\/v2\/pages\/9548","targetHints":{"allow":["GET"]}}],"collection":[{"href":"https:\/\/www.caroline-dechamby.com\/fr\/wp-json\/wp\/v2\/pages"}],"about":[{"href":"https:\/\/www.caroline-dechamby.com\/fr\/wp-json\/wp\/v2\/types\/page"}],"author":[{"embeddable":true,"href":"https:\/\/www.caroline-dechamby.com\/fr\/wp-json\/wp\/v2\/users\/7"}],"replies":[{"embeddable":true,"href":"https:\/\/www.caroline-dechamby.com\/fr\/wp-json\/wp\/v2\/comments?post=9548"}],"version-history":[{"count":3,"href":"https:\/\/www.caroline-dechamby.com\/fr\/wp-json\/wp\/v2\/pages\/9548\/revisions"}],"predecessor-version":[{"id":10727,"href":"https:\/\/www.caroline-dechamby.com\/fr\/wp-json\/wp\/v2\/pages\/9548\/revisions\/10727"}],"wp:attachment":[{"href":"https:\/\/www.caroline-dechamby.com\/fr\/wp-json\/wp\/v2\/media?parent=9548"}],"curies":[{"name":"wp","href":"https:\/\/api.w.org\/{rel}","templated":true}]}}