{"id":9530,"date":"2017-03-07T09:41:52","date_gmt":"2017-03-07T09:41:52","guid":{"rendered":"https:\/\/www.caroline-dechamby.com\/dechamby\/?page_id=9530\/"},"modified":"2023-05-25T13:04:38","modified_gmt":"2023-05-25T13:04:38","slug":"erotics","status":"publish","type":"page","link":"https:\/\/www.caroline-dechamby.com\/fr\/erotics\/","title":{"rendered":"Erotics"},"content":{"rendered":"<div  class=\"tatsu-heaxhwkgj7azc48l tatsu-section  tatsu-bg-overlay   tatsu-clearfix\" data-title=\"\"  data-headerscheme=\"background--light\"><div class='tatsu-section-pad clearfix' data-padding='{\"d\":\"80px 0% 80px 0%\"}' data-padding-top='80px'><div class=\"tatsu-row-wrap  tatsu-wrap tatsu-row-one-col tatsu-row-has-one-cols tatsu-medium-gutter tatsu-reg-cols  tatsu-clearfix tatsu-heaxhwkgkr7wrath\" ><div  class=\"tatsu-row \" ><div  class=\"tatsu-column  tatsu-bg-overlay tatsu-one-col tatsu-column-image-none tatsu-column-effect-none  tatsu-heaxhwkgm6co4y58\"  data-parallax-speed=\"0\" style=\"\"><div class=\"tatsu-column-inner \" ><div class=\"tatsu-column-pad-wrap\"><div class=\"tatsu-column-pad\" ><div  class=\"tatsu-module tatsu-text-block-wrap tatsu-heaxhwkgnke8xyxo  \"><div class=\"tatsu-text-inner  tatsu-animate clearfix\" data-animation=\"fadeIn\"  ><style>.tatsu-heaxhwkgnke8xyxo.tatsu-text-block-wrap .tatsu-text-inner{text-align: left;}<\/style>\n<h3 style=\"text-align: center\">Erotics<\/h3>\n<p style=\"text-align: justify\"><span style=\"font-size: 14pt\">\u00ab J\u2019avais envie de tester quelque chose de nouveau et de provoquant, car on me disait que j\u2019\u00e9tais trop bien \u00e9lev\u00e9e. J\u2019ai donc essay\u00e9 de ma\u00eetriser une nouvelle technique tout en utilisant mon corps comme outil et sujet. \u00bb<br \/>\nM\u00ealant empreintes corporelles de l\u2019artiste et peinture, cette collection r\u00e9v\u00e8le \u00e0 Caroline l\u2019int\u00e9r\u00eat de la peinture sur Plexiglas, qu\u2019elle d\u00e9veloppera largement par la suite.<br \/>\n<\/span><\/p>\n<p style=\"text-align: justify\"><span style=\"font-size: 14pt\">\u00a0<\/span><\/p>\n<p style=\"text-align: right\"><span style=\"font-size: 10pt\">Collection 2003<\/span><\/p>\n<\/div><\/div><div  class=\"portfolio-all-wrap  oshine-gallery-module 0 tatsu-heaxhwkgpv3c0efj  \" ><div class=\"portfolio  full-screen  full-screen-gutter style1-gutter three-col masonry_enable \" style=\"margin-right: 40px;\"  data-action=\"get_be_gallery_with_pagination\"  data-paged=\"1\" data-enable-masonry=\"1\" data-aspect-ratio = \"1.6\" data-source='{\"source\":\"selected\",\"account_name\":\"Caroline Dechamby\",\"count\":\"10\",\"col\":\"three\",\"masonry\":\"1\"}' data-gutter-width=\"40\"  data-images-array=\"4350,4351,4352,4353,4354,4356,4357,4358,4355\" data-col=\"three\" data-items-per-load=\"9\" data-hover-style=\"style1-hover\" data-image-grayscale=\"c_to_c\" data-lightbox-type=\"photoswipe\" data-image-source=\"selected\" data-image-effect=\"zoom-in\" data-thumb-overlay-color=\"rgba(209,8,8,0.85)\" data-grad-style-color=\"background:rgba(209,8,8,0.85)\" data-like-button=\"0\" data-hover-content=\"icon\" data-hover-content-color=\"\" ><div class=\"portfolio-container clickable clearfix portfolio-shortcode be-photoswipe-gallery none \"><div class=\"element be-hoverlay not-wide no-wide-width-height style1-hover c_to_c\" style=\"margin-bottom: 40px;\"><div class=\"element-inner\" style=\"margin-left: 40px;\"><a href=\"https:\/\/www.caroline-dechamby.com\/wp-content\/uploads\/2015\/07\/er1.jpg\" data-size=\"499x500\" data-href=\"https:\/\/www.caroline-dechamby.com\/wp-content\/uploads\/2015\/07\/er1.jpg\" class=\"thumb-wrap\" title=\"\"><div class=\"flip-wrap\"><div data-aspect-ratio=\"1\" style = \"padding-bottom : 100.2004008016%;;\" class=\"flip-img-wrap zoom-in-effect\"><img decoding=\"async\" src=\"https:\/\/www.caroline-dechamby.com\/wp-content\/uploads\/2015\/07\/er1.jpg\" alt=\"\" data-attr=\"0\"\/><\/div><\/div><div class=\"thumb-overlay\"><div class=\"thumb-bg\" style=\"background-color:rgba(209,8,8,0.85);background:rgba(209,8,8,0.85)\"><div class=\"thumb-title-wrap display-table-cell vertical-align-middle align-center fadeIn animated\"><div class=\"thumb-title\" style=\"color:;\"><i class=\"portfolio-overlay-icon\"><\/i><\/div><\/div><\/div><\/div><\/a><div class=\"gallery-like like-button-wrap\"><a href=\"#\" class=\"custom-like-button no-liked\" data-post-id=\"4350\"><i class=\"font-icon icon-icon_heart\"><\/i><span>0<\/span><\/a><\/div><\/div><\/div><div class=\"element be-hoverlay not-wide no-wide-width-height style1-hover c_to_c\" style=\"margin-bottom: 40px;\"><div class=\"element-inner\" style=\"margin-left: 40px;\"><a href=\"https:\/\/www.caroline-dechamby.com\/wp-content\/uploads\/2015\/07\/er2.jpg\" data-size=\"500x492\" data-href=\"https:\/\/www.caroline-dechamby.com\/wp-content\/uploads\/2015\/07\/er2.jpg\" class=\"thumb-wrap\" title=\"\"><div class=\"flip-wrap\"><div data-aspect-ratio=\"1.02\" style = \"padding-bottom : 98.4%;;\" class=\"flip-img-wrap zoom-in-effect\"><img decoding=\"async\" src=\"https:\/\/www.caroline-dechamby.com\/wp-content\/uploads\/2015\/07\/er2.jpg\" alt=\"\" data-attr=\"0\"\/><\/div><\/div><div class=\"thumb-overlay\"><div class=\"thumb-bg\" style=\"background-color:rgba(209,8,8,0.85);background:rgba(209,8,8,0.85)\"><div class=\"thumb-title-wrap display-table-cell vertical-align-middle align-center fadeIn animated\"><div class=\"thumb-title\" style=\"color:;\"><i class=\"portfolio-overlay-icon\"><\/i><\/div><\/div><\/div><\/div><\/a><div class=\"gallery-like like-button-wrap\"><a href=\"#\" class=\"custom-like-button no-liked\" data-post-id=\"4351\"><i class=\"font-icon icon-icon_heart\"><\/i><span>0<\/span><\/a><\/div><\/div><\/div><div class=\"element be-hoverlay not-wide no-wide-width-height style1-hover c_to_c\" style=\"margin-bottom: 40px;\"><div class=\"element-inner\" style=\"margin-left: 40px;\"><a href=\"https:\/\/www.caroline-dechamby.com\/wp-content\/uploads\/2015\/07\/er3.jpg\" data-size=\"500x500\" data-href=\"https:\/\/www.caroline-dechamby.com\/wp-content\/uploads\/2015\/07\/er3.jpg\" class=\"thumb-wrap\" title=\"\"><div class=\"flip-wrap\"><div data-aspect-ratio=\"1\" style = \"padding-bottom : 100%;;\" class=\"flip-img-wrap zoom-in-effect\"><img decoding=\"async\" src=\"https:\/\/www.caroline-dechamby.com\/wp-content\/uploads\/2015\/07\/er3.jpg\" alt=\"\" data-attr=\"0\"\/><\/div><\/div><div class=\"thumb-overlay\"><div class=\"thumb-bg\" style=\"background-color:rgba(209,8,8,0.85);background:rgba(209,8,8,0.85)\"><div class=\"thumb-title-wrap display-table-cell vertical-align-middle align-center fadeIn animated\"><div class=\"thumb-title\" style=\"color:;\"><i class=\"portfolio-overlay-icon\"><\/i><\/div><\/div><\/div><\/div><\/a><div class=\"gallery-like like-button-wrap\"><a href=\"#\" class=\"custom-like-button no-liked\" data-post-id=\"4352\"><i class=\"font-icon icon-icon_heart\"><\/i><span>0<\/span><\/a><\/div><\/div><\/div><div class=\"element be-hoverlay not-wide no-wide-width-height style1-hover c_to_c\" style=\"margin-bottom: 40px;\"><div class=\"element-inner\" style=\"margin-left: 40px;\"><a href=\"https:\/\/www.caroline-dechamby.com\/wp-content\/uploads\/2015\/07\/er4.jpg\" data-size=\"500x493\" data-href=\"https:\/\/www.caroline-dechamby.com\/wp-content\/uploads\/2015\/07\/er4.jpg\" class=\"thumb-wrap\" title=\"\"><div class=\"flip-wrap\"><div data-aspect-ratio=\"1.01\" style = \"padding-bottom : 98.6%;;\" class=\"flip-img-wrap zoom-in-effect\"><img decoding=\"async\" src=\"https:\/\/www.caroline-dechamby.com\/wp-content\/uploads\/2015\/07\/er4.jpg\" alt=\"\" data-attr=\"0\"\/><\/div><\/div><div class=\"thumb-overlay\"><div class=\"thumb-bg\" style=\"background-color:rgba(209,8,8,0.85);background:rgba(209,8,8,0.85)\"><div class=\"thumb-title-wrap display-table-cell vertical-align-middle align-center fadeIn animated\"><div class=\"thumb-title\" style=\"color:;\"><i class=\"portfolio-overlay-icon\"><\/i><\/div><\/div><\/div><\/div><\/a><div class=\"gallery-like like-button-wrap\"><a href=\"#\" class=\"custom-like-button no-liked\" data-post-id=\"4353\"><i class=\"font-icon icon-icon_heart\"><\/i><span>0<\/span><\/a><\/div><\/div><\/div><div class=\"element be-hoverlay not-wide no-wide-width-height style1-hover c_to_c\" style=\"margin-bottom: 40px;\"><div class=\"element-inner\" style=\"margin-left: 40px;\"><a href=\"https:\/\/www.caroline-dechamby.com\/wp-content\/uploads\/2015\/07\/er5.jpg\" data-size=\"499x500\" data-href=\"https:\/\/www.caroline-dechamby.com\/wp-content\/uploads\/2015\/07\/er5.jpg\" class=\"thumb-wrap\" title=\"\"><div class=\"flip-wrap\"><div data-aspect-ratio=\"1\" style = \"padding-bottom : 100.2004008016%;;\" class=\"flip-img-wrap zoom-in-effect\"><img decoding=\"async\" src=\"https:\/\/www.caroline-dechamby.com\/wp-content\/uploads\/2015\/07\/er5.jpg\" alt=\"\" data-attr=\"0\"\/><\/div><\/div><div class=\"thumb-overlay\"><div class=\"thumb-bg\" style=\"background-color:rgba(209,8,8,0.85);background:rgba(209,8,8,0.85)\"><div class=\"thumb-title-wrap display-table-cell vertical-align-middle align-center fadeIn animated\"><div class=\"thumb-title\" style=\"color:;\"><i class=\"portfolio-overlay-icon\"><\/i><\/div><\/div><\/div><\/div><\/a><div class=\"gallery-like like-button-wrap\"><a href=\"#\" class=\"custom-like-button no-liked\" data-post-id=\"4354\"><i class=\"font-icon icon-icon_heart\"><\/i><span>1<\/span><\/a><\/div><\/div><\/div><div class=\"element be-hoverlay not-wide no-wide-width-height style1-hover c_to_c\" style=\"margin-bottom: 40px;\"><div class=\"element-inner\" style=\"margin-left: 40px;\"><a href=\"https:\/\/www.caroline-dechamby.com\/wp-content\/uploads\/2015\/07\/er7.jpg\" data-size=\"500x497\" data-href=\"https:\/\/www.caroline-dechamby.com\/wp-content\/uploads\/2015\/07\/er7.jpg\" class=\"thumb-wrap\" title=\"\"><div class=\"flip-wrap\"><div data-aspect-ratio=\"1.01\" style = \"padding-bottom : 99.4%;;\" class=\"flip-img-wrap zoom-in-effect\"><img decoding=\"async\" src=\"https:\/\/www.caroline-dechamby.com\/wp-content\/uploads\/2015\/07\/er7.jpg\" alt=\"\" data-attr=\"0\"\/><\/div><\/div><div class=\"thumb-overlay\"><div class=\"thumb-bg\" style=\"background-color:rgba(209,8,8,0.85);background:rgba(209,8,8,0.85)\"><div class=\"thumb-title-wrap display-table-cell vertical-align-middle align-center fadeIn animated\"><div class=\"thumb-title\" style=\"color:;\"><i class=\"portfolio-overlay-icon\"><\/i><\/div><\/div><\/div><\/div><\/a><div class=\"gallery-like like-button-wrap\"><a href=\"#\" class=\"custom-like-button no-liked\" data-post-id=\"4356\"><i class=\"font-icon icon-icon_heart\"><\/i><span>0<\/span><\/a><\/div><\/div><\/div><div class=\"element be-hoverlay not-wide no-wide-width-height style1-hover c_to_c\" style=\"margin-bottom: 40px;\"><div class=\"element-inner\" style=\"margin-left: 40px;\"><a href=\"https:\/\/www.caroline-dechamby.com\/wp-content\/uploads\/2015\/07\/er8-e1441825922810.jpg\" data-size=\"496x500\" data-href=\"https:\/\/www.caroline-dechamby.com\/wp-content\/uploads\/2015\/07\/er8-e1441825922810.jpg\" class=\"thumb-wrap\" title=\"\"><div class=\"flip-wrap\"><div data-aspect-ratio=\"0.99\" style = \"padding-bottom : 100.8064516129%;;\" class=\"flip-img-wrap zoom-in-effect\"><img decoding=\"async\" src=\"https:\/\/www.caroline-dechamby.com\/wp-content\/uploads\/2015\/07\/er8-e1441825922810.jpg\" alt=\"\" data-attr=\"0\"\/><\/div><\/div><div class=\"thumb-overlay\"><div class=\"thumb-bg\" style=\"background-color:rgba(209,8,8,0.85);background:rgba(209,8,8,0.85)\"><div class=\"thumb-title-wrap display-table-cell vertical-align-middle align-center fadeIn animated\"><div class=\"thumb-title\" style=\"color:;\"><i class=\"portfolio-overlay-icon\"><\/i><\/div><\/div><\/div><\/div><\/a><div class=\"gallery-like like-button-wrap\"><a href=\"#\" class=\"custom-like-button no-liked\" data-post-id=\"4357\"><i class=\"font-icon icon-icon_heart\"><\/i><span>0<\/span><\/a><\/div><\/div><\/div><div class=\"element be-hoverlay not-wide no-wide-width-height style1-hover c_to_c\" style=\"margin-bottom: 40px;\"><div class=\"element-inner\" style=\"margin-left: 40px;\"><a href=\"https:\/\/www.caroline-dechamby.com\/wp-content\/uploads\/2015\/07\/er9.jpg\" data-size=\"500x500\" data-href=\"https:\/\/www.caroline-dechamby.com\/wp-content\/uploads\/2015\/07\/er9.jpg\" class=\"thumb-wrap\" title=\"\"><div class=\"flip-wrap\"><div data-aspect-ratio=\"1\" style = \"padding-bottom : 100%;;\" class=\"flip-img-wrap zoom-in-effect\"><img decoding=\"async\" src=\"https:\/\/www.caroline-dechamby.com\/wp-content\/uploads\/2015\/07\/er9.jpg\" alt=\"\" data-attr=\"0\"\/><\/div><\/div><div class=\"thumb-overlay\"><div class=\"thumb-bg\" style=\"background-color:rgba(209,8,8,0.85);background:rgba(209,8,8,0.85)\"><div class=\"thumb-title-wrap display-table-cell vertical-align-middle align-center fadeIn animated\"><div class=\"thumb-title\" style=\"color:;\"><i class=\"portfolio-overlay-icon\"><\/i><\/div><\/div><\/div><\/div><\/a><div class=\"gallery-like like-button-wrap\"><a href=\"#\" class=\"custom-like-button no-liked\" data-post-id=\"4358\"><i class=\"font-icon icon-icon_heart\"><\/i><span>0<\/span><\/a><\/div><\/div><\/div><div class=\"element be-hoverlay not-wide no-wide-width-height style1-hover c_to_c\" style=\"margin-bottom: 40px;\"><div class=\"element-inner\" style=\"margin-left: 40px;\"><a href=\"https:\/\/www.caroline-dechamby.com\/wp-content\/uploads\/2015\/07\/er6.jpg\" data-size=\"500x497\" data-href=\"https:\/\/www.caroline-dechamby.com\/wp-content\/uploads\/2015\/07\/er6.jpg\" class=\"thumb-wrap\" title=\"\"><div class=\"flip-wrap\"><div data-aspect-ratio=\"1.01\" style = \"padding-bottom : 99.4%;;\" class=\"flip-img-wrap zoom-in-effect\"><img decoding=\"async\" src=\"https:\/\/www.caroline-dechamby.com\/wp-content\/uploads\/2015\/07\/er6.jpg\" alt=\"\" data-attr=\"0\"\/><\/div><\/div><div class=\"thumb-overlay\"><div class=\"thumb-bg\" style=\"background-color:rgba(209,8,8,0.85);background:rgba(209,8,8,0.85)\"><div class=\"thumb-title-wrap display-table-cell vertical-align-middle align-center fadeIn animated\"><div class=\"thumb-title\" style=\"color:;\"><i class=\"portfolio-overlay-icon\"><\/i><\/div><\/div><\/div><\/div><\/a><div class=\"gallery-like like-button-wrap\"><a href=\"#\" class=\"custom-like-button no-liked\" data-post-id=\"4355\"><i class=\"font-icon icon-icon_heart\"><\/i><span>0<\/span><\/a><\/div><\/div><\/div><\/div><\/div><\/div><\/div><\/div><div class = \"tatsu-column-bg-image-wrap\"><div class = \"tatsu-column-bg-image tatsu-bg-lazyload\" data-src = \"\"><\/div><\/div><div class=\"tatsu-overlay tatsu-column-overlay tatsu-animate-none\" ><\/div><\/div><style>.tatsu-row > .tatsu-heaxhwkgm6co4y58.tatsu-column{width: 100%;}.tatsu-heaxhwkgm6co4y58.tatsu-column > .tatsu-column-inner > .tatsu-column-overlay{mix-blend-mode: normal;}.tatsu-heaxhwkgm6co4y58 > .tatsu-column-inner > .tatsu-top-divider{z-index: 9999;}.tatsu-heaxhwkgm6co4y58 > .tatsu-column-inner > .tatsu-bottom-divider{z-index: 9999;}.tatsu-heaxhwkgm6co4y58 > .tatsu-column-inner > .tatsu-left-divider{z-index: 9999;}.tatsu-heaxhwkgm6co4y58 > .tatsu-column-inner > .tatsu-right-divider{z-index: 9999;}<\/style><\/div><\/div><\/div><\/div><div class=\"tatsu-section-background-wrap\"><div class = \"tatsu-section-background tatsu-bg-lazyload\" data-src = \"\"><\/div><\/div><div class=\"tatsu-overlay tatsu-section-overlay\"><\/div><style>.tatsu-heaxhwkgj7azc48l{border-width: 0px 0px px 0px;border-style: solid;}.tatsu-heaxhwkgj7azc48l .tatsu-section-pad{padding: 80px 0% 80px 0%;}.tatsu-heaxhwkgj7azc48l > .tatsu-bottom-divider{z-index: 9999;}.tatsu-heaxhwkgj7azc48l > .tatsu-top-divider{z-index: 9999;}.tatsu-heaxhwkgj7azc48l .tatsu-section-overlay{mix-blend-mode: normal;}<\/style><\/div>\n","protected":false},"excerpt":{"rendered":"<p><a href=\"https:\/\/www.caroline-dechamby.com\/fr\/erotics\/\" class=\"more-link style1-button\">Read More<\/a><\/p>","protected":false},"author":7,"featured_media":0,"parent":0,"menu_order":0,"comment_status":"open","ping_status":"open","template":"","meta":{"_acf_changed":false,"footnotes":""},"class_list":["post-9530","page","type-page","status-publish","hentry"],"acf":[],"yoast_head":"<!-- This site is optimized with the Yoast SEO plugin v27.3 - https:\/\/yoast.com\/product\/yoast-seo-wordpress\/ -->\n<title>Erotics<\/title>\n<meta name=\"description\" content=\"Une s\u00e9rie de peintures \u00e9rotiques sur Plexiglas\" \/>\n<meta name=\"robots\" content=\"index, follow, max-snippet:-1, max-image-preview:large, max-video-preview:-1\" \/>\n<link rel=\"canonical\" href=\"https:\/\/www.caroline-dechamby.com\/fr\/erotics\/\" \/>\n<meta property=\"og:locale\" content=\"fr_FR\" \/>\n<meta property=\"og:type\" content=\"article\" \/>\n<meta property=\"og:title\" content=\"Erotics\" \/>\n<meta property=\"og:description\" content=\"Une s\u00e9rie de peintures \u00e9rotiques sur Plexiglas\" \/>\n<meta property=\"og:url\" content=\"https:\/\/www.caroline-dechamby.com\/fr\/erotics\/\" \/>\n<meta property=\"og:site_name\" content=\"Caroline Dechamby\" \/>\n<meta property=\"article:modified_time\" content=\"2023-05-25T13:04:38+00:00\" \/>\n<meta name=\"twitter:card\" content=\"summary_large_image\" \/>\n<meta name=\"twitter:label1\" content=\"Dur\u00e9e de lecture estim\u00e9e\" \/>\n\t<meta name=\"twitter:data1\" content=\"4 minutes\" \/>\n<script type=\"application\/ld+json\" class=\"yoast-schema-graph\">{\"@context\":\"https:\\\/\\\/schema.org\",\"@graph\":[{\"@type\":\"WebPage\",\"@id\":\"https:\\\/\\\/www.caroline-dechamby.com\\\/fr\\\/erotics\\\/\",\"url\":\"https:\\\/\\\/www.caroline-dechamby.com\\\/fr\\\/erotics\\\/\",\"name\":\"Erotics\",\"isPartOf\":{\"@id\":\"https:\\\/\\\/www.caroline-dechamby.com\\\/fr\\\/#website\"},\"datePublished\":\"2017-03-07T09:41:52+00:00\",\"dateModified\":\"2023-05-25T13:04:38+00:00\",\"description\":\"Une s\u00e9rie de peintures \u00e9rotiques sur Plexiglas\",\"breadcrumb\":{\"@id\":\"https:\\\/\\\/www.caroline-dechamby.com\\\/fr\\\/erotics\\\/#breadcrumb\"},\"inLanguage\":\"fr-FR\",\"potentialAction\":[{\"@type\":\"ReadAction\",\"target\":[\"https:\\\/\\\/www.caroline-dechamby.com\\\/fr\\\/erotics\\\/\"]}]},{\"@type\":\"BreadcrumbList\",\"@id\":\"https:\\\/\\\/www.caroline-dechamby.com\\\/fr\\\/erotics\\\/#breadcrumb\",\"itemListElement\":[{\"@type\":\"ListItem\",\"position\":1,\"name\":\"Home\",\"item\":\"https:\\\/\\\/www.caroline-dechamby.com\\\/fr\\\/\"},{\"@type\":\"ListItem\",\"position\":2,\"name\":\"Erotics\"}]},{\"@type\":\"WebSite\",\"@id\":\"https:\\\/\\\/www.caroline-dechamby.com\\\/fr\\\/#website\",\"url\":\"https:\\\/\\\/www.caroline-dechamby.com\\\/fr\\\/\",\"name\":\"Caroline Dechamby\",\"description\":\"\",\"publisher\":{\"@id\":\"https:\\\/\\\/www.caroline-dechamby.com\\\/fr\\\/#organization\"},\"potentialAction\":[{\"@type\":\"SearchAction\",\"target\":{\"@type\":\"EntryPoint\",\"urlTemplate\":\"https:\\\/\\\/www.caroline-dechamby.com\\\/fr\\\/?s={search_term_string}\"},\"query-input\":{\"@type\":\"PropertyValueSpecification\",\"valueRequired\":true,\"valueName\":\"search_term_string\"}}],\"inLanguage\":\"fr-FR\"},{\"@type\":\"Organization\",\"@id\":\"https:\\\/\\\/www.caroline-dechamby.com\\\/fr\\\/#organization\",\"name\":\"Caroline Dechamby\",\"url\":\"https:\\\/\\\/www.caroline-dechamby.com\\\/fr\\\/\",\"logo\":{\"@type\":\"ImageObject\",\"inLanguage\":\"fr-FR\",\"@id\":\"https:\\\/\\\/www.caroline-dechamby.com\\\/fr\\\/#\\\/schema\\\/logo\\\/image\\\/\",\"url\":\"https:\\\/\\\/www.caroline-dechamby.com\\\/wp-content\\\/uploads\\\/2016\\\/08\\\/caroline-dechamby-logo.png\",\"contentUrl\":\"https:\\\/\\\/www.caroline-dechamby.com\\\/wp-content\\\/uploads\\\/2016\\\/08\\\/caroline-dechamby-logo.png\",\"width\":138,\"height\":113,\"caption\":\"Caroline Dechamby\"},\"image\":{\"@id\":\"https:\\\/\\\/www.caroline-dechamby.com\\\/fr\\\/#\\\/schema\\\/logo\\\/image\\\/\"}}]}<\/script>\n<!-- \/ Yoast SEO plugin. -->","yoast_head_json":{"title":"Erotics","description":"Une s\u00e9rie de peintures \u00e9rotiques sur Plexiglas","robots":{"index":"index","follow":"follow","max-snippet":"max-snippet:-1","max-image-preview":"max-image-preview:large","max-video-preview":"max-video-preview:-1"},"canonical":"https:\/\/www.caroline-dechamby.com\/fr\/erotics\/","og_locale":"fr_FR","og_type":"article","og_title":"Erotics","og_description":"Une s\u00e9rie de peintures \u00e9rotiques sur Plexiglas","og_url":"https:\/\/www.caroline-dechamby.com\/fr\/erotics\/","og_site_name":"Caroline Dechamby","article_modified_time":"2023-05-25T13:04:38+00:00","twitter_card":"summary_large_image","twitter_misc":{"Dur\u00e9e de lecture estim\u00e9e":"4 minutes"},"schema":{"@context":"https:\/\/schema.org","@graph":[{"@type":"WebPage","@id":"https:\/\/www.caroline-dechamby.com\/fr\/erotics\/","url":"https:\/\/www.caroline-dechamby.com\/fr\/erotics\/","name":"Erotics","isPartOf":{"@id":"https:\/\/www.caroline-dechamby.com\/fr\/#website"},"datePublished":"2017-03-07T09:41:52+00:00","dateModified":"2023-05-25T13:04:38+00:00","description":"Une s\u00e9rie de peintures \u00e9rotiques sur Plexiglas","breadcrumb":{"@id":"https:\/\/www.caroline-dechamby.com\/fr\/erotics\/#breadcrumb"},"inLanguage":"fr-FR","potentialAction":[{"@type":"ReadAction","target":["https:\/\/www.caroline-dechamby.com\/fr\/erotics\/"]}]},{"@type":"BreadcrumbList","@id":"https:\/\/www.caroline-dechamby.com\/fr\/erotics\/#breadcrumb","itemListElement":[{"@type":"ListItem","position":1,"name":"Home","item":"https:\/\/www.caroline-dechamby.com\/fr\/"},{"@type":"ListItem","position":2,"name":"Erotics"}]},{"@type":"WebSite","@id":"https:\/\/www.caroline-dechamby.com\/fr\/#website","url":"https:\/\/www.caroline-dechamby.com\/fr\/","name":"Caroline Dechamby","description":"","publisher":{"@id":"https:\/\/www.caroline-dechamby.com\/fr\/#organization"},"potentialAction":[{"@type":"SearchAction","target":{"@type":"EntryPoint","urlTemplate":"https:\/\/www.caroline-dechamby.com\/fr\/?s={search_term_string}"},"query-input":{"@type":"PropertyValueSpecification","valueRequired":true,"valueName":"search_term_string"}}],"inLanguage":"fr-FR"},{"@type":"Organization","@id":"https:\/\/www.caroline-dechamby.com\/fr\/#organization","name":"Caroline Dechamby","url":"https:\/\/www.caroline-dechamby.com\/fr\/","logo":{"@type":"ImageObject","inLanguage":"fr-FR","@id":"https:\/\/www.caroline-dechamby.com\/fr\/#\/schema\/logo\/image\/","url":"https:\/\/www.caroline-dechamby.com\/wp-content\/uploads\/2016\/08\/caroline-dechamby-logo.png","contentUrl":"https:\/\/www.caroline-dechamby.com\/wp-content\/uploads\/2016\/08\/caroline-dechamby-logo.png","width":138,"height":113,"caption":"Caroline Dechamby"},"image":{"@id":"https:\/\/www.caroline-dechamby.com\/fr\/#\/schema\/logo\/image\/"}}]}},"_links":{"self":[{"href":"https:\/\/www.caroline-dechamby.com\/fr\/wp-json\/wp\/v2\/pages\/9530","targetHints":{"allow":["GET"]}}],"collection":[{"href":"https:\/\/www.caroline-dechamby.com\/fr\/wp-json\/wp\/v2\/pages"}],"about":[{"href":"https:\/\/www.caroline-dechamby.com\/fr\/wp-json\/wp\/v2\/types\/page"}],"author":[{"embeddable":true,"href":"https:\/\/www.caroline-dechamby.com\/fr\/wp-json\/wp\/v2\/users\/7"}],"replies":[{"embeddable":true,"href":"https:\/\/www.caroline-dechamby.com\/fr\/wp-json\/wp\/v2\/comments?post=9530"}],"version-history":[{"count":3,"href":"https:\/\/www.caroline-dechamby.com\/fr\/wp-json\/wp\/v2\/pages\/9530\/revisions"}],"predecessor-version":[{"id":14686,"href":"https:\/\/www.caroline-dechamby.com\/fr\/wp-json\/wp\/v2\/pages\/9530\/revisions\/14686"}],"wp:attachment":[{"href":"https:\/\/www.caroline-dechamby.com\/fr\/wp-json\/wp\/v2\/media?parent=9530"}],"curies":[{"name":"wp","href":"https:\/\/api.w.org\/{rel}","templated":true}]}}