{"id":9526,"date":"2017-03-07T09:30:29","date_gmt":"2017-03-07T09:30:29","guid":{"rendered":"https:\/\/www.caroline-dechamby.com\/dechamby\/?page_id=9526\/"},"modified":"2023-05-25T12:49:50","modified_gmt":"2023-05-25T12:49:50","slug":"comics","status":"publish","type":"page","link":"https:\/\/www.caroline-dechamby.com\/fr\/comics\/","title":{"rendered":"Comics"},"content":{"rendered":"<div  class=\"tatsu-heax2os95qb9h90h tatsu-section  tatsu-bg-overlay   tatsu-clearfix\" data-title=\"\"  data-headerscheme=\"background--light\"><div class='tatsu-section-pad clearfix' data-padding='{\"d\":\"80px 0% 80px 0%\"}' data-padding-top='80px'><div class=\"tatsu-row-wrap  tatsu-wrap tatsu-row-one-col tatsu-row-has-one-cols tatsu-medium-gutter tatsu-reg-cols  tatsu-clearfix tatsu-heax2os9743r5ru8\" ><div  class=\"tatsu-row \" ><div  class=\"tatsu-column  tatsu-bg-overlay tatsu-one-col tatsu-column-image-none tatsu-column-effect-none  tatsu-heax2os9932ph3un\"  data-parallax-speed=\"0\" style=\"\"><div class=\"tatsu-column-inner \" ><div class=\"tatsu-column-pad-wrap\"><div class=\"tatsu-column-pad\" ><div  class=\"tatsu-module tatsu-text-block-wrap tatsu-heax2os9ah5afoxz  \"><div class=\"tatsu-text-inner  tatsu-animate clearfix\" data-animation=\"fadeIn\"  ><style>.tatsu-heax2os9ah5afoxz.tatsu-text-block-wrap .tatsu-text-inner{text-align: left;}<\/style>\n<h3 style=\"text-align: center\">Comic Strip<\/h3>\n<p style=\"text-align: justify\"><span style=\"font-size: 14pt\">\u00ab Ma source d\u2019inspiration pour cette s\u00e9rie est une bande-dessin\u00e9e italienne des ann\u00e9es 60. J\u2019\u00e9tais fascin\u00e9e par l\u2019\u00e9l\u00e9gance du dessin (les personnages, les voitures, etc.), et j\u2019ai eu envie cette fois de m\u2019int\u00e9grer dans l\u2019image plut\u00f4t que de rester devant. \u00bb<br \/>\nDans un style \u00e9pur\u00e9 propre \u00e0 la bande-dessin\u00e9e, Caroline se met ici en sc\u00e8ne pour prendre part aux fragments d\u2019histoires qu\u2019elle peint.<br \/>\n<\/span><\/p>\n<p>\u00a0<\/p>\n<\/div><\/div><div  class=\"portfolio-all-wrap  oshine-gallery-module hover-icon-no-show tatsu-heax2os9ci4x0i64  \" ><div class=\"portfolio  full-screen  full-screen-gutter style1-gutter three-col masonry_enable \" style=\"margin-right: 40px;\"  data-action=\"get_be_gallery_with_pagination\"  data-paged=\"1\" data-enable-masonry=\"1\" data-aspect-ratio = \"1.6\" data-source='{\"source\":\"selected\",\"account_name\":\"Caroline Dechamby\",\"count\":\"10\",\"col\":\"three\",\"masonry\":\"1\"}' data-gutter-width=\"40\"  data-images-array=\"7690,7693,7696,7702,7705,7708,7711,7714,7699\" data-col=\"three\" data-items-per-load=\"9\" data-hover-style=\"style1-hover\" data-image-grayscale=\"c_to_c\" data-lightbox-type=\"photoswipe\" data-image-source=\"selected\" data-image-effect=\"zoom-in\" data-thumb-overlay-color=\"rgba(4,5,107,0.85)\" data-grad-style-color=\"background:rgba(4,5,107,0.85)\" data-like-button=\"0\" data-hover-content=\"none\" data-hover-content-color=\"\" ><div class=\"portfolio-container clickable clearfix portfolio-shortcode be-photoswipe-gallery none \"><div class=\"element be-hoverlay not-wide no-wide-width-height style1-hover c_to_c\" style=\"margin-bottom: 40px;\"><div class=\"element-inner\" style=\"margin-left: 40px;\"><a href=\"https:\/\/www.caroline-dechamby.com\/wp-content\/uploads\/2015\/07\/were-being-1.jpeg\" data-size=\"480x390\" data-href=\"https:\/\/www.caroline-dechamby.com\/wp-content\/uploads\/2015\/07\/were-being-1.jpeg\" class=\"thumb-wrap\" title=\"We're being followed, oil on canvas, 90x120 cm, 2010\"><div class=\"flip-wrap\"><div data-aspect-ratio=\"1.23\" style = \"padding-bottom : 81.25%;;\" class=\"flip-img-wrap zoom-in-effect\"><img decoding=\"async\" src=\"https:\/\/www.caroline-dechamby.com\/wp-content\/uploads\/2015\/07\/were-being-1.jpeg\" alt=\"\" data-attr=\"0\"\/><\/div><\/div><div class=\"thumb-overlay\"><div class=\"thumb-bg\" style=\"background-color:rgba(4,5,107,0.85);background:rgba(4,5,107,0.85)\"><div class=\"thumb-title-wrap display-table-cell vertical-align-middle align-center fadeIn animated\"><div class=\"thumb-title\" style=\"color:;\"><i class=\"portfolio-overlay-icon\"><\/i><\/div><\/div><\/div><\/div><\/a><div class=\"gallery-like like-button-wrap\"><a href=\"#\" class=\"custom-like-button no-liked\" data-post-id=\"7690\"><i class=\"font-icon icon-icon_heart\"><\/i><span>0<\/span><\/a><\/div><\/div><\/div><div class=\"element be-hoverlay not-wide no-wide-width-height style1-hover c_to_c\" style=\"margin-bottom: 40px;\"><div class=\"element-inner\" style=\"margin-left: 40px;\"><a href=\"https:\/\/www.caroline-dechamby.com\/wp-content\/uploads\/2015\/07\/whos-he.jpeg\" data-size=\"480x390\" data-href=\"https:\/\/www.caroline-dechamby.com\/wp-content\/uploads\/2015\/07\/whos-he.jpeg\" class=\"thumb-wrap\" title=\"Who's he with, oil on canvas, 90x120 cm, 2010\"><div class=\"flip-wrap\"><div data-aspect-ratio=\"1.23\" style = \"padding-bottom : 81.25%;;\" class=\"flip-img-wrap zoom-in-effect\"><img decoding=\"async\" src=\"https:\/\/www.caroline-dechamby.com\/wp-content\/uploads\/2015\/07\/whos-he.jpeg\" alt=\"\" data-attr=\"0\"\/><\/div><\/div><div class=\"thumb-overlay\"><div class=\"thumb-bg\" style=\"background-color:rgba(4,5,107,0.85);background:rgba(4,5,107,0.85)\"><div class=\"thumb-title-wrap display-table-cell vertical-align-middle align-center fadeIn animated\"><div class=\"thumb-title\" style=\"color:;\"><i class=\"portfolio-overlay-icon\"><\/i><\/div><\/div><\/div><\/div><\/a><div class=\"gallery-like like-button-wrap\"><a href=\"#\" class=\"custom-like-button no-liked\" data-post-id=\"7693\"><i class=\"font-icon icon-icon_heart\"><\/i><span>4<\/span><\/a><\/div><\/div><\/div><div class=\"element be-hoverlay not-wide no-wide-width-height style1-hover c_to_c\" style=\"margin-bottom: 40px;\"><div class=\"element-inner\" style=\"margin-left: 40px;\"><a href=\"https:\/\/www.caroline-dechamby.com\/wp-content\/uploads\/2015\/07\/wroom-1.jpeg\" data-size=\"480x390\" data-href=\"https:\/\/www.caroline-dechamby.com\/wp-content\/uploads\/2015\/07\/wroom-1.jpeg\" class=\"thumb-wrap\" title=\"Wroom, oil on canvas, 120x150 cm, 2010\"><div class=\"flip-wrap\"><div data-aspect-ratio=\"1.23\" style = \"padding-bottom : 81.25%;;\" class=\"flip-img-wrap zoom-in-effect\"><img decoding=\"async\" src=\"https:\/\/www.caroline-dechamby.com\/wp-content\/uploads\/2015\/07\/wroom-1.jpeg\" alt=\"\" data-attr=\"0\"\/><\/div><\/div><div class=\"thumb-overlay\"><div class=\"thumb-bg\" style=\"background-color:rgba(4,5,107,0.85);background:rgba(4,5,107,0.85)\"><div class=\"thumb-title-wrap display-table-cell vertical-align-middle align-center fadeIn animated\"><div class=\"thumb-title\" style=\"color:;\"><i class=\"portfolio-overlay-icon\"><\/i><\/div><\/div><\/div><\/div><\/a><div class=\"gallery-like like-button-wrap\"><a href=\"#\" class=\"custom-like-button no-liked\" data-post-id=\"7696\"><i class=\"font-icon icon-icon_heart\"><\/i><span>0<\/span><\/a><\/div><\/div><\/div><div class=\"element be-hoverlay not-wide no-wide-width-height style1-hover c_to_c\" style=\"margin-bottom: 40px;\"><div class=\"element-inner\" style=\"margin-left: 40px;\"><a href=\"https:\/\/www.caroline-dechamby.com\/wp-content\/uploads\/2015\/07\/screek-1.jpeg\" data-size=\"480x390\" data-href=\"https:\/\/www.caroline-dechamby.com\/wp-content\/uploads\/2015\/07\/screek-1.jpeg\" class=\"thumb-wrap\" title=\"Screek, oil on canvas, 90x120 cm, 2010\"><div class=\"flip-wrap\"><div data-aspect-ratio=\"1.23\" style = \"padding-bottom : 81.25%;;\" class=\"flip-img-wrap zoom-in-effect\"><img decoding=\"async\" src=\"https:\/\/www.caroline-dechamby.com\/wp-content\/uploads\/2015\/07\/screek-1.jpeg\" alt=\"\" data-attr=\"0\"\/><\/div><\/div><div class=\"thumb-overlay\"><div class=\"thumb-bg\" style=\"background-color:rgba(4,5,107,0.85);background:rgba(4,5,107,0.85)\"><div class=\"thumb-title-wrap display-table-cell vertical-align-middle align-center fadeIn animated\"><div class=\"thumb-title\" style=\"color:;\"><i class=\"portfolio-overlay-icon\"><\/i><\/div><\/div><\/div><\/div><\/a><div class=\"gallery-like like-button-wrap\"><a href=\"#\" class=\"custom-like-button no-liked\" data-post-id=\"7702\"><i class=\"font-icon icon-icon_heart\"><\/i><span>0<\/span><\/a><\/div><\/div><\/div><div class=\"element be-hoverlay not-wide no-wide-width-height style1-hover c_to_c\" style=\"margin-bottom: 40px;\"><div class=\"element-inner\" style=\"margin-left: 40px;\"><a href=\"https:\/\/www.caroline-dechamby.com\/wp-content\/uploads\/2015\/07\/sea-sex-1.jpeg\" data-size=\"480x390\" data-href=\"https:\/\/www.caroline-dechamby.com\/wp-content\/uploads\/2015\/07\/sea-sex-1.jpeg\" class=\"thumb-wrap\" title=\"Sea sex and sun, oil on canvas, 120x150 cm, 2010\"><div class=\"flip-wrap\"><div data-aspect-ratio=\"1.23\" style = \"padding-bottom : 81.25%;;\" class=\"flip-img-wrap zoom-in-effect\"><img decoding=\"async\" src=\"https:\/\/www.caroline-dechamby.com\/wp-content\/uploads\/2015\/07\/sea-sex-1.jpeg\" alt=\"\" data-attr=\"0\"\/><\/div><\/div><div class=\"thumb-overlay\"><div class=\"thumb-bg\" style=\"background-color:rgba(4,5,107,0.85);background:rgba(4,5,107,0.85)\"><div class=\"thumb-title-wrap display-table-cell vertical-align-middle align-center fadeIn animated\"><div class=\"thumb-title\" style=\"color:;\"><i class=\"portfolio-overlay-icon\"><\/i><\/div><\/div><\/div><\/div><\/a><div class=\"gallery-like like-button-wrap\"><a href=\"#\" class=\"custom-like-button no-liked\" data-post-id=\"7705\"><i class=\"font-icon icon-icon_heart\"><\/i><span>0<\/span><\/a><\/div><\/div><\/div><div class=\"element be-hoverlay not-wide no-wide-width-height style1-hover c_to_c\" style=\"margin-bottom: 40px;\"><div class=\"element-inner\" style=\"margin-left: 40px;\"><a href=\"https:\/\/www.caroline-dechamby.com\/wp-content\/uploads\/2015\/07\/so-its-really-1.jpeg\" data-size=\"480x390\" data-href=\"https:\/\/www.caroline-dechamby.com\/wp-content\/uploads\/2015\/07\/so-its-really-1.jpeg\" class=\"thumb-wrap\" title=\"So it's really her, oil on canvas, 120x150 cm, 2010\"><div class=\"flip-wrap\"><div data-aspect-ratio=\"1.23\" style = \"padding-bottom : 81.25%;;\" class=\"flip-img-wrap zoom-in-effect\"><img decoding=\"async\" src=\"https:\/\/www.caroline-dechamby.com\/wp-content\/uploads\/2015\/07\/so-its-really-1.jpeg\" alt=\"\" data-attr=\"0\"\/><\/div><\/div><div class=\"thumb-overlay\"><div class=\"thumb-bg\" style=\"background-color:rgba(4,5,107,0.85);background:rgba(4,5,107,0.85)\"><div class=\"thumb-title-wrap display-table-cell vertical-align-middle align-center fadeIn animated\"><div class=\"thumb-title\" style=\"color:;\"><i class=\"portfolio-overlay-icon\"><\/i><\/div><\/div><\/div><\/div><\/a><div class=\"gallery-like like-button-wrap\"><a href=\"#\" class=\"custom-like-button no-liked\" data-post-id=\"7708\"><i class=\"font-icon icon-icon_heart\"><\/i><span>0<\/span><\/a><\/div><\/div><\/div><div class=\"element be-hoverlay not-wide no-wide-width-height style1-hover c_to_c\" style=\"margin-bottom: 40px;\"><div class=\"element-inner\" style=\"margin-left: 40px;\"><a href=\"https:\/\/www.caroline-dechamby.com\/wp-content\/uploads\/2015\/07\/targa-1.jpeg\" data-size=\"480x390\" data-href=\"https:\/\/www.caroline-dechamby.com\/wp-content\/uploads\/2015\/07\/targa-1.jpeg\" class=\"thumb-wrap\" title=\"Targa, oil on canvas, 90x120 cm, 2010\"><div class=\"flip-wrap\"><div data-aspect-ratio=\"1.23\" style = \"padding-bottom : 81.25%;;\" class=\"flip-img-wrap zoom-in-effect\"><img decoding=\"async\" src=\"https:\/\/www.caroline-dechamby.com\/wp-content\/uploads\/2015\/07\/targa-1.jpeg\" alt=\"\" data-attr=\"0\"\/><\/div><\/div><div class=\"thumb-overlay\"><div class=\"thumb-bg\" style=\"background-color:rgba(4,5,107,0.85);background:rgba(4,5,107,0.85)\"><div class=\"thumb-title-wrap display-table-cell vertical-align-middle align-center fadeIn animated\"><div class=\"thumb-title\" style=\"color:;\"><i class=\"portfolio-overlay-icon\"><\/i><\/div><\/div><\/div><\/div><\/a><div class=\"gallery-like like-button-wrap\"><a href=\"#\" class=\"custom-like-button no-liked\" data-post-id=\"7711\"><i class=\"font-icon icon-icon_heart\"><\/i><span>0<\/span><\/a><\/div><\/div><\/div><div class=\"element be-hoverlay not-wide no-wide-width-height style1-hover c_to_c\" style=\"margin-bottom: 40px;\"><div class=\"element-inner\" style=\"margin-left: 40px;\"><a href=\"https:\/\/www.caroline-dechamby.com\/wp-content\/uploads\/2015\/07\/ratatat-1.jpeg\" data-size=\"480x390\" data-href=\"https:\/\/www.caroline-dechamby.com\/wp-content\/uploads\/2015\/07\/ratatat-1.jpeg\" class=\"thumb-wrap\" title=\"Ratatata, oil on canvas, 120x150 cm, 2010\"><div class=\"flip-wrap\"><div data-aspect-ratio=\"1.23\" style = \"padding-bottom : 81.25%;;\" class=\"flip-img-wrap zoom-in-effect\"><img decoding=\"async\" src=\"https:\/\/www.caroline-dechamby.com\/wp-content\/uploads\/2015\/07\/ratatat-1.jpeg\" alt=\"\" data-attr=\"0\"\/><\/div><\/div><div class=\"thumb-overlay\"><div class=\"thumb-bg\" style=\"background-color:rgba(4,5,107,0.85);background:rgba(4,5,107,0.85)\"><div class=\"thumb-title-wrap display-table-cell vertical-align-middle align-center fadeIn animated\"><div class=\"thumb-title\" style=\"color:;\"><i class=\"portfolio-overlay-icon\"><\/i><\/div><\/div><\/div><\/div><\/a><div class=\"gallery-like like-button-wrap\"><a href=\"#\" class=\"custom-like-button no-liked\" data-post-id=\"7714\"><i class=\"font-icon icon-icon_heart\"><\/i><span>0<\/span><\/a><\/div><\/div><\/div><div class=\"element be-hoverlay not-wide no-wide-width-height style1-hover c_to_c\" style=\"margin-bottom: 40px;\"><div class=\"element-inner\" style=\"margin-left: 40px;\"><a href=\"https:\/\/www.caroline-dechamby.com\/wp-content\/uploads\/2015\/07\/sbrang-1.jpeg\" data-size=\"480x390\" data-href=\"https:\/\/www.caroline-dechamby.com\/wp-content\/uploads\/2015\/07\/sbrang-1.jpeg\" class=\"thumb-wrap\" title=\"Sbrang, oil on canvas, 150x150 cm, 2010\"><div class=\"flip-wrap\"><div data-aspect-ratio=\"1.23\" style = \"padding-bottom : 81.25%;;\" class=\"flip-img-wrap zoom-in-effect\"><img decoding=\"async\" src=\"https:\/\/www.caroline-dechamby.com\/wp-content\/uploads\/2015\/07\/sbrang-1.jpeg\" alt=\"\" data-attr=\"0\"\/><\/div><\/div><div class=\"thumb-overlay\"><div class=\"thumb-bg\" style=\"background-color:rgba(4,5,107,0.85);background:rgba(4,5,107,0.85)\"><div class=\"thumb-title-wrap display-table-cell vertical-align-middle align-center fadeIn animated\"><div class=\"thumb-title\" style=\"color:;\"><i class=\"portfolio-overlay-icon\"><\/i><\/div><\/div><\/div><\/div><\/a><div class=\"gallery-like like-button-wrap\"><a href=\"#\" class=\"custom-like-button no-liked\" data-post-id=\"7699\"><i class=\"font-icon icon-icon_heart\"><\/i><span>0<\/span><\/a><\/div><\/div><\/div><\/div><\/div><\/div><\/div><\/div><div class = \"tatsu-column-bg-image-wrap\"><div class = \"tatsu-column-bg-image tatsu-bg-lazyload\" data-src = \"\"><\/div><\/div><div class=\"tatsu-overlay tatsu-column-overlay tatsu-animate-none\" ><\/div><\/div><style>.tatsu-row > .tatsu-heax2os9932ph3un.tatsu-column{width: 100%;}.tatsu-heax2os9932ph3un.tatsu-column > .tatsu-column-inner > .tatsu-column-overlay{mix-blend-mode: normal;}.tatsu-heax2os9932ph3un > .tatsu-column-inner > .tatsu-top-divider{z-index: 9999;}.tatsu-heax2os9932ph3un > .tatsu-column-inner > .tatsu-bottom-divider{z-index: 9999;}.tatsu-heax2os9932ph3un > .tatsu-column-inner > .tatsu-left-divider{z-index: 9999;}.tatsu-heax2os9932ph3un > .tatsu-column-inner > .tatsu-right-divider{z-index: 9999;}<\/style><\/div><\/div><\/div><\/div><div class=\"tatsu-section-background-wrap\"><div class = \"tatsu-section-background tatsu-bg-lazyload\" data-src = \"\"><\/div><\/div><div class=\"tatsu-overlay tatsu-section-overlay\"><\/div><style>.tatsu-heax2os95qb9h90h{border-width: 0px 0px px 0px;border-style: solid;}.tatsu-heax2os95qb9h90h .tatsu-section-pad{padding: 80px 0% 80px 0%;}.tatsu-heax2os95qb9h90h > .tatsu-bottom-divider{z-index: 9999;}.tatsu-heax2os95qb9h90h > .tatsu-top-divider{z-index: 9999;}.tatsu-heax2os95qb9h90h .tatsu-section-overlay{mix-blend-mode: normal;}<\/style><\/div>\n","protected":false},"excerpt":{"rendered":"<p><a href=\"https:\/\/www.caroline-dechamby.com\/fr\/comics\/\" class=\"more-link style1-button\">Read More<\/a><\/p>","protected":false},"author":7,"featured_media":0,"parent":0,"menu_order":0,"comment_status":"open","ping_status":"open","template":"","meta":{"_acf_changed":false,"footnotes":""},"class_list":["post-9526","page","type-page","status-publish","hentry"],"acf":[],"yoast_head":"<!-- This site is optimized with the Yoast SEO plugin v27.4 - https:\/\/yoast.com\/product\/yoast-seo-wordpress\/ -->\n<title>Comics<\/title>\n<meta name=\"description\" content=\"Dans un univers BD, l\u2019artiste se met en sc\u00e8ne\" \/>\n<meta name=\"robots\" content=\"index, follow, max-snippet:-1, max-image-preview:large, max-video-preview:-1\" \/>\n<link rel=\"canonical\" href=\"https:\/\/www.caroline-dechamby.com\/fr\/comics\/\" \/>\n<meta property=\"og:locale\" content=\"fr_FR\" \/>\n<meta property=\"og:type\" content=\"article\" \/>\n<meta property=\"og:title\" content=\"Comics\" \/>\n<meta property=\"og:description\" content=\"Dans un univers BD, l\u2019artiste se met en sc\u00e8ne\" \/>\n<meta property=\"og:url\" content=\"https:\/\/www.caroline-dechamby.com\/fr\/comics\/\" \/>\n<meta property=\"og:site_name\" content=\"Caroline Dechamby\" \/>\n<meta property=\"article:modified_time\" content=\"2023-05-25T12:49:50+00:00\" \/>\n<meta name=\"twitter:card\" content=\"summary_large_image\" \/>\n<meta name=\"twitter:label1\" content=\"Dur\u00e9e de lecture estim\u00e9e\" \/>\n\t<meta name=\"twitter:data1\" content=\"4 minutes\" \/>\n<script type=\"application\/ld+json\" class=\"yoast-schema-graph\">{\"@context\":\"https:\\\/\\\/schema.org\",\"@graph\":[{\"@type\":\"WebPage\",\"@id\":\"https:\\\/\\\/www.caroline-dechamby.com\\\/fr\\\/comics\\\/\",\"url\":\"https:\\\/\\\/www.caroline-dechamby.com\\\/fr\\\/comics\\\/\",\"name\":\"Comics\",\"isPartOf\":{\"@id\":\"https:\\\/\\\/www.caroline-dechamby.com\\\/fr\\\/#website\"},\"datePublished\":\"2017-03-07T09:30:29+00:00\",\"dateModified\":\"2023-05-25T12:49:50+00:00\",\"description\":\"Dans un univers BD, l\u2019artiste se met en sc\u00e8ne\",\"breadcrumb\":{\"@id\":\"https:\\\/\\\/www.caroline-dechamby.com\\\/fr\\\/comics\\\/#breadcrumb\"},\"inLanguage\":\"fr-FR\",\"potentialAction\":[{\"@type\":\"ReadAction\",\"target\":[\"https:\\\/\\\/www.caroline-dechamby.com\\\/fr\\\/comics\\\/\"]}]},{\"@type\":\"BreadcrumbList\",\"@id\":\"https:\\\/\\\/www.caroline-dechamby.com\\\/fr\\\/comics\\\/#breadcrumb\",\"itemListElement\":[{\"@type\":\"ListItem\",\"position\":1,\"name\":\"Home\",\"item\":\"https:\\\/\\\/www.caroline-dechamby.com\\\/fr\\\/\"},{\"@type\":\"ListItem\",\"position\":2,\"name\":\"Comics\"}]},{\"@type\":\"WebSite\",\"@id\":\"https:\\\/\\\/www.caroline-dechamby.com\\\/fr\\\/#website\",\"url\":\"https:\\\/\\\/www.caroline-dechamby.com\\\/fr\\\/\",\"name\":\"Caroline Dechamby\",\"description\":\"\",\"publisher\":{\"@id\":\"https:\\\/\\\/www.caroline-dechamby.com\\\/fr\\\/#organization\"},\"potentialAction\":[{\"@type\":\"SearchAction\",\"target\":{\"@type\":\"EntryPoint\",\"urlTemplate\":\"https:\\\/\\\/www.caroline-dechamby.com\\\/fr\\\/?s={search_term_string}\"},\"query-input\":{\"@type\":\"PropertyValueSpecification\",\"valueRequired\":true,\"valueName\":\"search_term_string\"}}],\"inLanguage\":\"fr-FR\"},{\"@type\":\"Organization\",\"@id\":\"https:\\\/\\\/www.caroline-dechamby.com\\\/fr\\\/#organization\",\"name\":\"Caroline Dechamby\",\"url\":\"https:\\\/\\\/www.caroline-dechamby.com\\\/fr\\\/\",\"logo\":{\"@type\":\"ImageObject\",\"inLanguage\":\"fr-FR\",\"@id\":\"https:\\\/\\\/www.caroline-dechamby.com\\\/fr\\\/#\\\/schema\\\/logo\\\/image\\\/\",\"url\":\"https:\\\/\\\/www.caroline-dechamby.com\\\/wp-content\\\/uploads\\\/2016\\\/08\\\/caroline-dechamby-logo.png\",\"contentUrl\":\"https:\\\/\\\/www.caroline-dechamby.com\\\/wp-content\\\/uploads\\\/2016\\\/08\\\/caroline-dechamby-logo.png\",\"width\":138,\"height\":113,\"caption\":\"Caroline Dechamby\"},\"image\":{\"@id\":\"https:\\\/\\\/www.caroline-dechamby.com\\\/fr\\\/#\\\/schema\\\/logo\\\/image\\\/\"}}]}<\/script>\n<!-- \/ Yoast SEO plugin. -->","yoast_head_json":{"title":"Comics","description":"Dans un univers BD, l\u2019artiste se met en sc\u00e8ne","robots":{"index":"index","follow":"follow","max-snippet":"max-snippet:-1","max-image-preview":"max-image-preview:large","max-video-preview":"max-video-preview:-1"},"canonical":"https:\/\/www.caroline-dechamby.com\/fr\/comics\/","og_locale":"fr_FR","og_type":"article","og_title":"Comics","og_description":"Dans un univers BD, l\u2019artiste se met en sc\u00e8ne","og_url":"https:\/\/www.caroline-dechamby.com\/fr\/comics\/","og_site_name":"Caroline Dechamby","article_modified_time":"2023-05-25T12:49:50+00:00","twitter_card":"summary_large_image","twitter_misc":{"Dur\u00e9e de lecture estim\u00e9e":"4 minutes"},"schema":{"@context":"https:\/\/schema.org","@graph":[{"@type":"WebPage","@id":"https:\/\/www.caroline-dechamby.com\/fr\/comics\/","url":"https:\/\/www.caroline-dechamby.com\/fr\/comics\/","name":"Comics","isPartOf":{"@id":"https:\/\/www.caroline-dechamby.com\/fr\/#website"},"datePublished":"2017-03-07T09:30:29+00:00","dateModified":"2023-05-25T12:49:50+00:00","description":"Dans un univers BD, l\u2019artiste se met en sc\u00e8ne","breadcrumb":{"@id":"https:\/\/www.caroline-dechamby.com\/fr\/comics\/#breadcrumb"},"inLanguage":"fr-FR","potentialAction":[{"@type":"ReadAction","target":["https:\/\/www.caroline-dechamby.com\/fr\/comics\/"]}]},{"@type":"BreadcrumbList","@id":"https:\/\/www.caroline-dechamby.com\/fr\/comics\/#breadcrumb","itemListElement":[{"@type":"ListItem","position":1,"name":"Home","item":"https:\/\/www.caroline-dechamby.com\/fr\/"},{"@type":"ListItem","position":2,"name":"Comics"}]},{"@type":"WebSite","@id":"https:\/\/www.caroline-dechamby.com\/fr\/#website","url":"https:\/\/www.caroline-dechamby.com\/fr\/","name":"Caroline Dechamby","description":"","publisher":{"@id":"https:\/\/www.caroline-dechamby.com\/fr\/#organization"},"potentialAction":[{"@type":"SearchAction","target":{"@type":"EntryPoint","urlTemplate":"https:\/\/www.caroline-dechamby.com\/fr\/?s={search_term_string}"},"query-input":{"@type":"PropertyValueSpecification","valueRequired":true,"valueName":"search_term_string"}}],"inLanguage":"fr-FR"},{"@type":"Organization","@id":"https:\/\/www.caroline-dechamby.com\/fr\/#organization","name":"Caroline Dechamby","url":"https:\/\/www.caroline-dechamby.com\/fr\/","logo":{"@type":"ImageObject","inLanguage":"fr-FR","@id":"https:\/\/www.caroline-dechamby.com\/fr\/#\/schema\/logo\/image\/","url":"https:\/\/www.caroline-dechamby.com\/wp-content\/uploads\/2016\/08\/caroline-dechamby-logo.png","contentUrl":"https:\/\/www.caroline-dechamby.com\/wp-content\/uploads\/2016\/08\/caroline-dechamby-logo.png","width":138,"height":113,"caption":"Caroline Dechamby"},"image":{"@id":"https:\/\/www.caroline-dechamby.com\/fr\/#\/schema\/logo\/image\/"}}]}},"_links":{"self":[{"href":"https:\/\/www.caroline-dechamby.com\/fr\/wp-json\/wp\/v2\/pages\/9526","targetHints":{"allow":["GET"]}}],"collection":[{"href":"https:\/\/www.caroline-dechamby.com\/fr\/wp-json\/wp\/v2\/pages"}],"about":[{"href":"https:\/\/www.caroline-dechamby.com\/fr\/wp-json\/wp\/v2\/types\/page"}],"author":[{"embeddable":true,"href":"https:\/\/www.caroline-dechamby.com\/fr\/wp-json\/wp\/v2\/users\/7"}],"replies":[{"embeddable":true,"href":"https:\/\/www.caroline-dechamby.com\/fr\/wp-json\/wp\/v2\/comments?post=9526"}],"version-history":[{"count":3,"href":"https:\/\/www.caroline-dechamby.com\/fr\/wp-json\/wp\/v2\/pages\/9526\/revisions"}],"predecessor-version":[{"id":14679,"href":"https:\/\/www.caroline-dechamby.com\/fr\/wp-json\/wp\/v2\/pages\/9526\/revisions\/14679"}],"wp:attachment":[{"href":"https:\/\/www.caroline-dechamby.com\/fr\/wp-json\/wp\/v2\/media?parent=9526"}],"curies":[{"name":"wp","href":"https:\/\/api.w.org\/{rel}","templated":true}]}}