{"id":9520,"date":"2017-03-06T15:48:34","date_gmt":"2017-03-06T15:48:34","guid":{"rendered":"https:\/\/www.caroline-dechamby.com\/dechamby\/?page_id=9520\/"},"modified":"2023-05-25T12:47:50","modified_gmt":"2023-05-25T12:47:50","slug":"art-luxury","status":"publish","type":"page","link":"https:\/\/www.caroline-dechamby.com\/fr\/art-luxury\/","title":{"rendered":"Art &#038; Luxury"},"content":{"rendered":"<div  class=\"tatsu-heax0iximq17srj9 tatsu-section  tatsu-bg-overlay   tatsu-clearfix\" data-title=\"\"  data-headerscheme=\"background--light\"><div class='tatsu-section-pad clearfix' data-padding='{\"d\":\"80px 0% 80px 0%\"}' data-padding-top='80px'><div class=\"tatsu-row-wrap  tatsu-wrap tatsu-row-one-col tatsu-row-has-one-cols tatsu-medium-gutter tatsu-reg-cols  tatsu-clearfix tatsu-heax0ixioub2xg9e\" ><div  class=\"tatsu-row \" ><div  class=\"tatsu-column  tatsu-bg-overlay tatsu-one-col tatsu-column-image-none tatsu-column-effect-none  tatsu-heax0ixiqk7v88ft\"  data-parallax-speed=\"0\" style=\"\"><div class=\"tatsu-column-inner \" ><div class=\"tatsu-column-pad-wrap\"><div class=\"tatsu-column-pad\" ><div  class=\"tatsu-module tatsu-text-block-wrap tatsu-heax0ixish28pcng  \"><div class=\"tatsu-text-inner  tatsu-animate clearfix\" data-animation=\"fadeIn\"  ><style>.tatsu-heax0ixish28pcng.tatsu-text-block-wrap .tatsu-text-inner{text-align: left;}<\/style>\n<h3 style=\"text-align: center\">Art &#038; Luxury<\/h3>\n<p style=\"text-align: justify\"><span style=\"font-size: 14pt\">\u00ab Un diamantaire m\u2019avait propos\u00e9 d\u2019int\u00e9grer des pierres pr\u00e9cieuses \u00e0 mon art et nous avons d\u00e9cid\u00e9 de sertir certaines parties de ma peinture sur le Plexiglas. Cela leur ajoute de nouveaux jeux de lumi\u00e8re et de couleur, ce qui m\u2019a ouvert les portes de concept stores de luxe \u00e0 Singapour, Beirut, et d\u2019autres endroits dans le monde. \u00bb<br \/>\nReprenant le concept de Caroline initi\u00e9 avec la s\u00e9rie \u00ab Atelier \u00bb, \u00ab Art and Luxury \u00bb superpose \u00e0 la peinture des \u00e9l\u00e9ments sertis (papillons, colliers, boutons, etc.). Cette s\u00e9rie rapproche aussi Caroline du monde du luxe, ce qui lui donnera par la suite l\u2019id\u00e9e de cr\u00e9er sa marque.<\/span><\/p>\n<p>\u00a0<\/p>\n<\/div><\/div><div  class=\"portfolio-all-wrap  oshine-gallery-module 0 tatsu-heax0ixivf7q8che  \" ><div class=\"portfolio  full-screen  full-screen-gutter style1-gutter three-col masonry_enable \" style=\"margin-right: 40px;\"  data-action=\"get_be_gallery_with_pagination\"  data-paged=\"1\" data-enable-masonry=\"1\" data-aspect-ratio = \"1.6\" data-source='{\"source\":\"selected\",\"account_name\":\"Caroline Dechamby\",\"count\":\"10\",\"col\":\"three\",\"masonry\":\"1\"}' data-gutter-width=\"40\"  data-images-array=\"3966,3965,3960,3963,3958,3956,3968\" data-col=\"three\" data-items-per-load=\"9\" data-hover-style=\"style1-hover\" data-image-grayscale=\"c_to_c\" data-lightbox-type=\"photoswipe\" data-image-source=\"selected\" data-image-effect=\"zoom-in\" data-thumb-overlay-color=\"rgba(4,5,107,0.85)\" data-grad-style-color=\"background:rgba(4,5,107,0.85)\" data-like-button=\"0\" data-hover-content=\"icon\" data-hover-content-color=\"\" ><div class=\"portfolio-container clickable clearfix portfolio-shortcode be-photoswipe-gallery none \"><div class=\"element be-hoverlay not-wide no-wide-width-height style1-hover c_to_c\" style=\"margin-bottom: 40px;\"><div class=\"element-inner\" style=\"margin-left: 40px;\"><a href=\"https:\/\/www.caroline-dechamby.com\/wp-content\/uploads\/2015\/07\/Magritte.jpeg\" data-size=\"386x482\" data-href=\"https:\/\/www.caroline-dechamby.com\/wp-content\/uploads\/2015\/07\/Magritte.jpeg\" class=\"thumb-wrap\" title=\"Tribute to Magritte, button set with 46 sapphires, oil on canvas and on Plexiglas, 120x150 cm, 2008\"><div class=\"flip-wrap\"><div data-aspect-ratio=\"0.8\" style = \"padding-bottom : 124.87046632124%;;\" class=\"flip-img-wrap zoom-in-effect\"><img decoding=\"async\" src=\"https:\/\/www.caroline-dechamby.com\/wp-content\/uploads\/2015\/07\/Magritte.jpeg\" alt=\"\" data-attr=\"0\"\/><\/div><\/div><div class=\"thumb-overlay\"><div class=\"thumb-bg\" style=\"background-color:rgba(4,5,107,0.85);background:rgba(4,5,107,0.85)\"><div class=\"thumb-title-wrap display-table-cell vertical-align-middle align-center fadeIn animated\"><div class=\"thumb-title\" style=\"color:;\"><i class=\"portfolio-overlay-icon\"><\/i><\/div><\/div><\/div><\/div><\/a><div class=\"gallery-like like-button-wrap\"><a href=\"#\" class=\"custom-like-button no-liked\" data-post-id=\"3966\"><i class=\"font-icon icon-icon_heart\"><\/i><span>0<\/span><\/a><\/div><\/div><\/div><div class=\"element be-hoverlay not-wide no-wide-width-height style1-hover c_to_c\" style=\"margin-bottom: 40px;\"><div class=\"element-inner\" style=\"margin-left: 40px;\"><a href=\"https:\/\/www.caroline-dechamby.com\/wp-content\/uploads\/2015\/07\/le-papillon.jpeg\" data-size=\"380x475\" data-href=\"https:\/\/www.caroline-dechamby.com\/wp-content\/uploads\/2015\/07\/le-papillon.jpeg\" class=\"thumb-wrap\" title=\"Le papillon, butterfly set with precious stones, oil on canvas and on Plexiglas, 120x150 cm, 2011\"><div class=\"flip-wrap\"><div data-aspect-ratio=\"0.8\" style = \"padding-bottom : 125%;;\" class=\"flip-img-wrap zoom-in-effect\"><img decoding=\"async\" src=\"https:\/\/www.caroline-dechamby.com\/wp-content\/uploads\/2015\/07\/le-papillon.jpeg\" alt=\"\" data-attr=\"0\"\/><\/div><\/div><div class=\"thumb-overlay\"><div class=\"thumb-bg\" style=\"background-color:rgba(4,5,107,0.85);background:rgba(4,5,107,0.85)\"><div class=\"thumb-title-wrap display-table-cell vertical-align-middle align-center fadeIn animated\"><div class=\"thumb-title\" style=\"color:;\"><i class=\"portfolio-overlay-icon\"><\/i><\/div><\/div><\/div><\/div><\/a><div class=\"gallery-like like-button-wrap\"><a href=\"#\" class=\"custom-like-button no-liked\" data-post-id=\"3965\"><i class=\"font-icon icon-icon_heart\"><\/i><span>2<\/span><\/a><\/div><\/div><\/div><div class=\"element be-hoverlay not-wide no-wide-width-height style1-hover c_to_c\" style=\"margin-bottom: 40px;\"><div class=\"element-inner\" style=\"margin-left: 40px;\"><a href=\"https:\/\/www.caroline-dechamby.com\/wp-content\/uploads\/2015\/07\/Yellow.jpeg\" data-size=\"399x500\" data-href=\"https:\/\/www.caroline-dechamby.com\/wp-content\/uploads\/2015\/07\/Yellow.jpeg\" class=\"thumb-wrap\" title=\"Yellow, knife and screws set with diamonds, oil on canvas and on Plexiglas, 120x150 cm, 2008\"><div class=\"flip-wrap\"><div data-aspect-ratio=\"0.8\" style = \"padding-bottom : 125.31328320802%;;\" class=\"flip-img-wrap zoom-in-effect\"><img decoding=\"async\" src=\"https:\/\/www.caroline-dechamby.com\/wp-content\/uploads\/2015\/07\/Yellow.jpeg\" alt=\"\" data-attr=\"0\"\/><\/div><\/div><div class=\"thumb-overlay\"><div class=\"thumb-bg\" style=\"background-color:rgba(4,5,107,0.85);background:rgba(4,5,107,0.85)\"><div class=\"thumb-title-wrap display-table-cell vertical-align-middle align-center fadeIn animated\"><div class=\"thumb-title\" style=\"color:;\"><i class=\"portfolio-overlay-icon\"><\/i><\/div><\/div><\/div><\/div><\/a><div class=\"gallery-like like-button-wrap\"><a href=\"#\" class=\"custom-like-button no-liked\" data-post-id=\"3960\"><i class=\"font-icon icon-icon_heart\"><\/i><span>2<\/span><\/a><\/div><\/div><\/div><div class=\"element be-hoverlay not-wide no-wide-width-height style1-hover c_to_c\" style=\"margin-bottom: 40px;\"><div class=\"element-inner\" style=\"margin-left: 40px;\"><a href=\"https:\/\/www.caroline-dechamby.com\/wp-content\/uploads\/2015\/07\/Scotch.jpeg\" data-size=\"378x472\" data-href=\"https:\/\/www.caroline-dechamby.com\/wp-content\/uploads\/2015\/07\/Scotch.jpeg\" class=\"thumb-wrap\" title=\"Adh\u00e9sif, oil on canvas and on Plexiglas, 120x150 cm, 2015\"><div class=\"flip-wrap\"><div data-aspect-ratio=\"0.8\" style = \"padding-bottom : 124.86772486772%;;\" class=\"flip-img-wrap zoom-in-effect\"><img decoding=\"async\" src=\"https:\/\/www.caroline-dechamby.com\/wp-content\/uploads\/2015\/07\/Scotch.jpeg\" alt=\"\" data-attr=\"0\"\/><\/div><\/div><div class=\"thumb-overlay\"><div class=\"thumb-bg\" style=\"background-color:rgba(4,5,107,0.85);background:rgba(4,5,107,0.85)\"><div class=\"thumb-title-wrap display-table-cell vertical-align-middle align-center fadeIn animated\"><div class=\"thumb-title\" style=\"color:;\"><i class=\"portfolio-overlay-icon\"><\/i><\/div><\/div><\/div><\/div><\/a><div class=\"gallery-like like-button-wrap\"><a href=\"#\" class=\"custom-like-button no-liked\" data-post-id=\"3963\"><i class=\"font-icon icon-icon_heart\"><\/i><span>2<\/span><\/a><\/div><\/div><\/div><div class=\"element be-hoverlay not-wide no-wide-width-height style1-hover c_to_c\" style=\"margin-bottom: 40px;\"><div class=\"element-inner\" style=\"margin-left: 40px;\"><a href=\"https:\/\/www.caroline-dechamby.com\/wp-content\/uploads\/2015\/07\/Papillon.jpeg\" data-size=\"367x460\" data-href=\"https:\/\/www.caroline-dechamby.com\/wp-content\/uploads\/2015\/07\/Papillon.jpeg\" class=\"thumb-wrap\" title=\"Papillons, butterfly set with 1121 diamonds, oil on canvas and on Plexiglas, 120x150 cm, 2009\"><div class=\"flip-wrap\"><div data-aspect-ratio=\"0.8\" style = \"padding-bottom : 125.34059945504%;;\" class=\"flip-img-wrap zoom-in-effect\"><img decoding=\"async\" src=\"https:\/\/www.caroline-dechamby.com\/wp-content\/uploads\/2015\/07\/Papillon.jpeg\" alt=\"\" data-attr=\"0\"\/><\/div><\/div><div class=\"thumb-overlay\"><div class=\"thumb-bg\" style=\"background-color:rgba(4,5,107,0.85);background:rgba(4,5,107,0.85)\"><div class=\"thumb-title-wrap display-table-cell vertical-align-middle align-center fadeIn animated\"><div class=\"thumb-title\" style=\"color:;\"><i class=\"portfolio-overlay-icon\"><\/i><\/div><\/div><\/div><\/div><\/a><div class=\"gallery-like like-button-wrap\"><a href=\"#\" class=\"custom-like-button no-liked\" data-post-id=\"3958\"><i class=\"font-icon icon-icon_heart\"><\/i><span>2<\/span><\/a><\/div><\/div><\/div><div class=\"element be-hoverlay not-wide no-wide-width-height style1-hover c_to_c\" style=\"margin-bottom: 40px;\"><div class=\"element-inner\" style=\"margin-left: 40px;\"><a href=\"https:\/\/www.caroline-dechamby.com\/wp-content\/uploads\/2015\/07\/Tribute-to-M.jpeg\" data-size=\"396x500\" data-href=\"https:\/\/www.caroline-dechamby.com\/wp-content\/uploads\/2015\/07\/Tribute-to-M.jpeg\" class=\"thumb-wrap\" title=\"Tribute to Mondrian, button set with 60 diamonds, 120x150 cm, 2008\"><div class=\"flip-wrap\"><div data-aspect-ratio=\"0.79\" style = \"padding-bottom : 126.26262626263%;;\" class=\"flip-img-wrap zoom-in-effect\"><img decoding=\"async\" src=\"https:\/\/www.caroline-dechamby.com\/wp-content\/uploads\/2015\/07\/Tribute-to-M.jpeg\" alt=\"\" data-attr=\"0\"\/><\/div><\/div><div class=\"thumb-overlay\"><div class=\"thumb-bg\" style=\"background-color:rgba(4,5,107,0.85);background:rgba(4,5,107,0.85)\"><div class=\"thumb-title-wrap display-table-cell vertical-align-middle align-center fadeIn animated\"><div class=\"thumb-title\" style=\"color:;\"><i class=\"portfolio-overlay-icon\"><\/i><\/div><\/div><\/div><\/div><\/a><div class=\"gallery-like like-button-wrap\"><a href=\"#\" class=\"custom-like-button no-liked\" data-post-id=\"3956\"><i class=\"font-icon icon-icon_heart\"><\/i><span>2<\/span><\/a><\/div><\/div><\/div><div class=\"element be-hoverlay not-wide no-wide-width-height style1-hover c_to_c\" style=\"margin-bottom: 40px;\"><div class=\"element-inner\" style=\"margin-left: 40px;\"><a href=\"https:\/\/www.caroline-dechamby.com\/wp-content\/uploads\/2015\/07\/la-flamme.jpeg\" data-size=\"500x398\" data-href=\"https:\/\/www.caroline-dechamby.com\/wp-content\/uploads\/2015\/07\/la-flamme.jpeg\" class=\"thumb-wrap\" title=\"La flamme, flame set with precious stones, oil on canvas and on Plexiglas, 120x150 cm, 2008\"><div class=\"flip-wrap\"><div data-aspect-ratio=\"1.26\" style = \"padding-bottom : 79.6%;;\" class=\"flip-img-wrap zoom-in-effect\"><img decoding=\"async\" src=\"https:\/\/www.caroline-dechamby.com\/wp-content\/uploads\/2015\/07\/la-flamme.jpeg\" alt=\"\" data-attr=\"0\"\/><\/div><\/div><div class=\"thumb-overlay\"><div class=\"thumb-bg\" style=\"background-color:rgba(4,5,107,0.85);background:rgba(4,5,107,0.85)\"><div class=\"thumb-title-wrap display-table-cell vertical-align-middle align-center fadeIn animated\"><div class=\"thumb-title\" style=\"color:;\"><i class=\"portfolio-overlay-icon\"><\/i><\/div><\/div><\/div><\/div><\/a><div class=\"gallery-like like-button-wrap\"><a href=\"#\" class=\"custom-like-button no-liked\" data-post-id=\"3968\"><i class=\"font-icon icon-icon_heart\"><\/i><span>0<\/span><\/a><\/div><\/div><\/div><\/div><\/div><\/div><\/div><\/div><div class = \"tatsu-column-bg-image-wrap\"><div class = \"tatsu-column-bg-image tatsu-bg-lazyload\" data-src = \"\"><\/div><\/div><div class=\"tatsu-overlay tatsu-column-overlay tatsu-animate-none\" ><\/div><\/div><style>.tatsu-row > .tatsu-heax0ixiqk7v88ft.tatsu-column{width: 100%;}.tatsu-heax0ixiqk7v88ft.tatsu-column > .tatsu-column-inner > .tatsu-column-overlay{mix-blend-mode: normal;}.tatsu-heax0ixiqk7v88ft > .tatsu-column-inner > .tatsu-top-divider{z-index: 9999;}.tatsu-heax0ixiqk7v88ft > .tatsu-column-inner > .tatsu-bottom-divider{z-index: 9999;}.tatsu-heax0ixiqk7v88ft > .tatsu-column-inner > .tatsu-left-divider{z-index: 9999;}.tatsu-heax0ixiqk7v88ft > .tatsu-column-inner > .tatsu-right-divider{z-index: 9999;}<\/style><\/div><\/div><\/div><\/div><div class=\"tatsu-section-background-wrap\"><div class = \"tatsu-section-background tatsu-bg-lazyload\" data-src = \"\"><\/div><\/div><div class=\"tatsu-overlay tatsu-section-overlay\"><\/div><style>.tatsu-heax0iximq17srj9{border-width: 0px 0px px 0px;border-style: solid;}.tatsu-heax0iximq17srj9 .tatsu-section-pad{padding: 80px 0% 80px 0%;}.tatsu-heax0iximq17srj9 > .tatsu-bottom-divider{z-index: 9999;}.tatsu-heax0iximq17srj9 > .tatsu-top-divider{z-index: 9999;}.tatsu-heax0iximq17srj9 .tatsu-section-overlay{mix-blend-mode: normal;}<\/style><\/div>\n","protected":false},"excerpt":{"rendered":"<p><a href=\"https:\/\/www.caroline-dechamby.com\/fr\/art-luxury\/\" class=\"more-link style1-button\">Read More<\/a><\/p>","protected":false},"author":7,"featured_media":0,"parent":0,"menu_order":0,"comment_status":"open","ping_status":"open","template":"","meta":{"_acf_changed":false,"footnotes":""},"class_list":["post-9520","page","type-page","status-publish","hentry"],"acf":[],"yoast_head":"<!-- This site is optimized with the Yoast SEO plugin v27.3 - https:\/\/yoast.com\/product\/yoast-seo-wordpress\/ -->\n<title>Art and Luxury<\/title>\n<meta name=\"description\" content=\"Quand la peinture rencontre la haute joaillerie\" \/>\n<meta name=\"robots\" content=\"index, follow, max-snippet:-1, max-image-preview:large, max-video-preview:-1\" \/>\n<link rel=\"canonical\" href=\"https:\/\/www.caroline-dechamby.com\/fr\/art-luxury\/\" \/>\n<meta property=\"og:locale\" content=\"fr_FR\" \/>\n<meta property=\"og:type\" content=\"article\" \/>\n<meta property=\"og:title\" content=\"Art and Luxury\" \/>\n<meta property=\"og:description\" content=\"Quand la peinture rencontre la haute joaillerie\" \/>\n<meta property=\"og:url\" content=\"https:\/\/www.caroline-dechamby.com\/fr\/art-luxury\/\" \/>\n<meta property=\"og:site_name\" content=\"Caroline Dechamby\" \/>\n<meta property=\"article:modified_time\" content=\"2023-05-25T12:47:50+00:00\" \/>\n<meta name=\"twitter:card\" content=\"summary_large_image\" \/>\n<meta name=\"twitter:label1\" content=\"Dur\u00e9e de lecture estim\u00e9e\" \/>\n\t<meta name=\"twitter:data1\" content=\"4 minutes\" \/>\n<script type=\"application\/ld+json\" class=\"yoast-schema-graph\">{\"@context\":\"https:\\\/\\\/schema.org\",\"@graph\":[{\"@type\":\"WebPage\",\"@id\":\"https:\\\/\\\/www.caroline-dechamby.com\\\/fr\\\/art-luxury\\\/\",\"url\":\"https:\\\/\\\/www.caroline-dechamby.com\\\/fr\\\/art-luxury\\\/\",\"name\":\"Art and Luxury\",\"isPartOf\":{\"@id\":\"https:\\\/\\\/www.caroline-dechamby.com\\\/fr\\\/#website\"},\"datePublished\":\"2017-03-06T15:48:34+00:00\",\"dateModified\":\"2023-05-25T12:47:50+00:00\",\"description\":\"Quand la peinture rencontre la haute joaillerie\",\"breadcrumb\":{\"@id\":\"https:\\\/\\\/www.caroline-dechamby.com\\\/fr\\\/art-luxury\\\/#breadcrumb\"},\"inLanguage\":\"fr-FR\",\"potentialAction\":[{\"@type\":\"ReadAction\",\"target\":[\"https:\\\/\\\/www.caroline-dechamby.com\\\/fr\\\/art-luxury\\\/\"]}]},{\"@type\":\"BreadcrumbList\",\"@id\":\"https:\\\/\\\/www.caroline-dechamby.com\\\/fr\\\/art-luxury\\\/#breadcrumb\",\"itemListElement\":[{\"@type\":\"ListItem\",\"position\":1,\"name\":\"Home\",\"item\":\"https:\\\/\\\/www.caroline-dechamby.com\\\/fr\\\/\"},{\"@type\":\"ListItem\",\"position\":2,\"name\":\"Art &#038; Luxury\"}]},{\"@type\":\"WebSite\",\"@id\":\"https:\\\/\\\/www.caroline-dechamby.com\\\/fr\\\/#website\",\"url\":\"https:\\\/\\\/www.caroline-dechamby.com\\\/fr\\\/\",\"name\":\"Caroline Dechamby\",\"description\":\"\",\"publisher\":{\"@id\":\"https:\\\/\\\/www.caroline-dechamby.com\\\/fr\\\/#organization\"},\"potentialAction\":[{\"@type\":\"SearchAction\",\"target\":{\"@type\":\"EntryPoint\",\"urlTemplate\":\"https:\\\/\\\/www.caroline-dechamby.com\\\/fr\\\/?s={search_term_string}\"},\"query-input\":{\"@type\":\"PropertyValueSpecification\",\"valueRequired\":true,\"valueName\":\"search_term_string\"}}],\"inLanguage\":\"fr-FR\"},{\"@type\":\"Organization\",\"@id\":\"https:\\\/\\\/www.caroline-dechamby.com\\\/fr\\\/#organization\",\"name\":\"Caroline Dechamby\",\"url\":\"https:\\\/\\\/www.caroline-dechamby.com\\\/fr\\\/\",\"logo\":{\"@type\":\"ImageObject\",\"inLanguage\":\"fr-FR\",\"@id\":\"https:\\\/\\\/www.caroline-dechamby.com\\\/fr\\\/#\\\/schema\\\/logo\\\/image\\\/\",\"url\":\"https:\\\/\\\/www.caroline-dechamby.com\\\/wp-content\\\/uploads\\\/2016\\\/08\\\/caroline-dechamby-logo.png\",\"contentUrl\":\"https:\\\/\\\/www.caroline-dechamby.com\\\/wp-content\\\/uploads\\\/2016\\\/08\\\/caroline-dechamby-logo.png\",\"width\":138,\"height\":113,\"caption\":\"Caroline Dechamby\"},\"image\":{\"@id\":\"https:\\\/\\\/www.caroline-dechamby.com\\\/fr\\\/#\\\/schema\\\/logo\\\/image\\\/\"}}]}<\/script>\n<!-- \/ Yoast SEO plugin. -->","yoast_head_json":{"title":"Art and Luxury","description":"Quand la peinture rencontre la haute joaillerie","robots":{"index":"index","follow":"follow","max-snippet":"max-snippet:-1","max-image-preview":"max-image-preview:large","max-video-preview":"max-video-preview:-1"},"canonical":"https:\/\/www.caroline-dechamby.com\/fr\/art-luxury\/","og_locale":"fr_FR","og_type":"article","og_title":"Art and Luxury","og_description":"Quand la peinture rencontre la haute joaillerie","og_url":"https:\/\/www.caroline-dechamby.com\/fr\/art-luxury\/","og_site_name":"Caroline Dechamby","article_modified_time":"2023-05-25T12:47:50+00:00","twitter_card":"summary_large_image","twitter_misc":{"Dur\u00e9e de lecture estim\u00e9e":"4 minutes"},"schema":{"@context":"https:\/\/schema.org","@graph":[{"@type":"WebPage","@id":"https:\/\/www.caroline-dechamby.com\/fr\/art-luxury\/","url":"https:\/\/www.caroline-dechamby.com\/fr\/art-luxury\/","name":"Art and Luxury","isPartOf":{"@id":"https:\/\/www.caroline-dechamby.com\/fr\/#website"},"datePublished":"2017-03-06T15:48:34+00:00","dateModified":"2023-05-25T12:47:50+00:00","description":"Quand la peinture rencontre la haute joaillerie","breadcrumb":{"@id":"https:\/\/www.caroline-dechamby.com\/fr\/art-luxury\/#breadcrumb"},"inLanguage":"fr-FR","potentialAction":[{"@type":"ReadAction","target":["https:\/\/www.caroline-dechamby.com\/fr\/art-luxury\/"]}]},{"@type":"BreadcrumbList","@id":"https:\/\/www.caroline-dechamby.com\/fr\/art-luxury\/#breadcrumb","itemListElement":[{"@type":"ListItem","position":1,"name":"Home","item":"https:\/\/www.caroline-dechamby.com\/fr\/"},{"@type":"ListItem","position":2,"name":"Art &#038; Luxury"}]},{"@type":"WebSite","@id":"https:\/\/www.caroline-dechamby.com\/fr\/#website","url":"https:\/\/www.caroline-dechamby.com\/fr\/","name":"Caroline Dechamby","description":"","publisher":{"@id":"https:\/\/www.caroline-dechamby.com\/fr\/#organization"},"potentialAction":[{"@type":"SearchAction","target":{"@type":"EntryPoint","urlTemplate":"https:\/\/www.caroline-dechamby.com\/fr\/?s={search_term_string}"},"query-input":{"@type":"PropertyValueSpecification","valueRequired":true,"valueName":"search_term_string"}}],"inLanguage":"fr-FR"},{"@type":"Organization","@id":"https:\/\/www.caroline-dechamby.com\/fr\/#organization","name":"Caroline Dechamby","url":"https:\/\/www.caroline-dechamby.com\/fr\/","logo":{"@type":"ImageObject","inLanguage":"fr-FR","@id":"https:\/\/www.caroline-dechamby.com\/fr\/#\/schema\/logo\/image\/","url":"https:\/\/www.caroline-dechamby.com\/wp-content\/uploads\/2016\/08\/caroline-dechamby-logo.png","contentUrl":"https:\/\/www.caroline-dechamby.com\/wp-content\/uploads\/2016\/08\/caroline-dechamby-logo.png","width":138,"height":113,"caption":"Caroline Dechamby"},"image":{"@id":"https:\/\/www.caroline-dechamby.com\/fr\/#\/schema\/logo\/image\/"}}]}},"_links":{"self":[{"href":"https:\/\/www.caroline-dechamby.com\/fr\/wp-json\/wp\/v2\/pages\/9520","targetHints":{"allow":["GET"]}}],"collection":[{"href":"https:\/\/www.caroline-dechamby.com\/fr\/wp-json\/wp\/v2\/pages"}],"about":[{"href":"https:\/\/www.caroline-dechamby.com\/fr\/wp-json\/wp\/v2\/types\/page"}],"author":[{"embeddable":true,"href":"https:\/\/www.caroline-dechamby.com\/fr\/wp-json\/wp\/v2\/users\/7"}],"replies":[{"embeddable":true,"href":"https:\/\/www.caroline-dechamby.com\/fr\/wp-json\/wp\/v2\/comments?post=9520"}],"version-history":[{"count":4,"href":"https:\/\/www.caroline-dechamby.com\/fr\/wp-json\/wp\/v2\/pages\/9520\/revisions"}],"predecessor-version":[{"id":14677,"href":"https:\/\/www.caroline-dechamby.com\/fr\/wp-json\/wp\/v2\/pages\/9520\/revisions\/14677"}],"wp:attachment":[{"href":"https:\/\/www.caroline-dechamby.com\/fr\/wp-json\/wp\/v2\/media?parent=9520"}],"curies":[{"name":"wp","href":"https:\/\/api.w.org\/{rel}","templated":true}]}}